{"id":5938,"date":"2025-05-30T21:40:57","date_gmt":"2025-05-31T00:40:57","guid":{"rendered":"https:\/\/vohnabrindes.com.br\/?post_type=product&#038;p=5938"},"modified":"2025-05-30T21:40:59","modified_gmt":"2025-05-31T00:40:59","slug":"garrafa-termica-luxo-personalizada","status":"publish","type":"product","link":"https:\/\/vohnabrindes.com.br\/index.php\/product\/garrafa-termica-luxo-personalizada\/","title":{"rendered":"Garrafa t\u00e9rmica LUXO personalizada."},"content":{"rendered":"<div class=\"ref\">94343-CHILWELL.<\/div>\n<div class=\"ref\">Garrafa t\u00e9rmica LUXO personalizada.<\/div>\n<div class=\"texto\">Garrafa em a\u00e7o inox (90% reciclado) de parede dupla t\u00e9rmica, isolada a v\u00e1cuo. Garrafa com sistema de auto-sanitiza\u00e7\u00e3o UV que inativa v\u00edrus e bact\u00e9rias que estejam na sua garrafa, tornando a sua bebida mais segura. Capacidade at\u00e9 500 mL. Preserva as bebidas quentes por 5h e frias por 15h, aproximadamente.<\/div>\n<div class=\"texto\">Caixa branca 94657 vendida opcionalmente.<\/div>\n<div class=\"texto\">Certifica\u00e7\u00e3o EU Food Grade. \u00f872 x 243 mm | Caixa: 78 x 270 x 78 mm<\/div>\n","protected":false},"excerpt":{"rendered":"<p>94343-CHILWELL. Garrafa t\u00e9rmica LUXO personalizada. Garrafa em a\u00e7o inox (90% reciclado) de parede dupla t\u00e9rmica, isolada a v\u00e1cuo. Garrafa com sistema de auto-sanitiza\u00e7\u00e3o UV que inativa<span class=\"excerpt-hellip\"> [\u2026]<\/span><\/p>\n","protected":false},"featured_media":3781,"comment_status":"open","ping_status":"closed","template":"","meta":[],"product_cat":[132],"product_tag":[1268,416],"class_list":["post-5938","product","type-product","status-publish","has-post-thumbnail","hentry","product_cat-garrafas-termicas-e-kits","product_tag-garrafa-termica-luxo-personalizada","product_tag-garrafa-termica-personalizada"],"_links":{"self":[{"href":"https:\/\/vohnabrindes.com.br\/index.php\/wp-json\/wp\/v2\/product\/5938","targetHints":{"allow":["GET"]}}],"collection":[{"href":"https:\/\/vohnabrindes.com.br\/index.php\/wp-json\/wp\/v2\/product"}],"about":[{"href":"https:\/\/vohnabrindes.com.br\/index.php\/wp-json\/wp\/v2\/types\/product"}],"replies":[{"embeddable":true,"href":"https:\/\/vohnabrindes.com.br\/index.php\/wp-json\/wp\/v2\/comments?post=5938"}],"version-history":[{"count":1,"href":"https:\/\/vohnabrindes.com.br\/index.php\/wp-json\/wp\/v2\/product\/5938\/revisions"}],"predecessor-version":[{"id":5968,"href":"https:\/\/vohnabrindes.com.br\/index.php\/wp-json\/wp\/v2\/product\/5938\/revisions\/5968"}],"wp:featuredmedia":[{"embeddable":true,"href":"https:\/\/vohnabrindes.com.br\/index.php\/wp-json\/wp\/v2\/media\/3781"}],"wp:attachment":[{"href":"https:\/\/vohnabrindes.com.br\/index.php\/wp-json\/wp\/v2\/media?parent=5938"}],"wp:term":[{"taxonomy":"product_cat","embeddable":true,"href":"https:\/\/vohnabrindes.com.br\/index.php\/wp-json\/wp\/v2\/product_cat?post=5938"},{"taxonomy":"product_tag","embeddable":true,"href":"https:\/\/vohnabrindes.com.br\/index.php\/wp-json\/wp\/v2\/product_tag?post=5938"}],"curies":[{"name":"wp","href":"https:\/\/api.w.org\/{rel}","templated":true}]}}