{"id":5939,"date":"2025-05-30T21:40:57","date_gmt":"2025-05-31T00:40:57","guid":{"rendered":"https:\/\/vohnabrindes.com.br\/?post_type=product&#038;p=5939"},"modified":"2025-05-30T21:40:59","modified_gmt":"2025-05-31T00:40:59","slug":"squeeze-termico-personalizado","status":"publish","type":"product","link":"https:\/\/vohnabrindes.com.br\/index.php\/product\/squeeze-termico-personalizado\/","title":{"rendered":"Squeeze t\u00e9rmico personalizado."},"content":{"rendered":"<div class=\"ref\">94331-ARMSTRONG.<\/div>\n<div class=\"ref\">Squeeze t\u00e9rmico personalizado.<\/div>\n<div class=\"texto\">Garrafa em a\u00e7o inox (90% reciclado) de parede dupla t\u00e9rmica, isolada a v\u00e1cuo. Parede com revestimento em p\u00f3 oferecendo mais durabilidade e resist\u00eancia. Tampa em bambu com pega em pl\u00e1stico que facilita o transporte. Grande capacidade at\u00e9 1.2 L.<\/div>\n<div class=\"texto\">Fornecido em caixa presente de papel kraft. Certifica\u00e7\u00e3o EU Food Grade.<\/div>\n<div class=\"texto\">A cor e o resultado da impress\u00e3o nos materiais naturais pode variar entre produtos. \u00f890 x 287 mm<\/div>\n","protected":false},"excerpt":{"rendered":"<p>94331-ARMSTRONG. Squeeze t\u00e9rmico personalizado. Garrafa em a\u00e7o inox (90% reciclado) de parede dupla t\u00e9rmica, isolada a v\u00e1cuo. Parede com revestimento em p\u00f3 oferecendo mais durabilidade e<span class=\"excerpt-hellip\"> [\u2026]<\/span><\/p>\n","protected":false},"featured_media":3784,"comment_status":"open","ping_status":"closed","template":"","meta":[],"product_cat":[132],"product_tag":[416,1183],"class_list":["post-5939","product","type-product","status-publish","has-post-thumbnail","hentry","product_cat-garrafas-termicas-e-kits","product_tag-garrafa-termica-personalizada","product_tag-squeeze-termico-personalizado"],"_links":{"self":[{"href":"https:\/\/vohnabrindes.com.br\/index.php\/wp-json\/wp\/v2\/product\/5939","targetHints":{"allow":["GET"]}}],"collection":[{"href":"https:\/\/vohnabrindes.com.br\/index.php\/wp-json\/wp\/v2\/product"}],"about":[{"href":"https:\/\/vohnabrindes.com.br\/index.php\/wp-json\/wp\/v2\/types\/product"}],"replies":[{"embeddable":true,"href":"https:\/\/vohnabrindes.com.br\/index.php\/wp-json\/wp\/v2\/comments?post=5939"}],"version-history":[{"count":1,"href":"https:\/\/vohnabrindes.com.br\/index.php\/wp-json\/wp\/v2\/product\/5939\/revisions"}],"predecessor-version":[{"id":5969,"href":"https:\/\/vohnabrindes.com.br\/index.php\/wp-json\/wp\/v2\/product\/5939\/revisions\/5969"}],"wp:featuredmedia":[{"embeddable":true,"href":"https:\/\/vohnabrindes.com.br\/index.php\/wp-json\/wp\/v2\/media\/3784"}],"wp:attachment":[{"href":"https:\/\/vohnabrindes.com.br\/index.php\/wp-json\/wp\/v2\/media?parent=5939"}],"wp:term":[{"taxonomy":"product_cat","embeddable":true,"href":"https:\/\/vohnabrindes.com.br\/index.php\/wp-json\/wp\/v2\/product_cat?post=5939"},{"taxonomy":"product_tag","embeddable":true,"href":"https:\/\/vohnabrindes.com.br\/index.php\/wp-json\/wp\/v2\/product_tag?post=5939"}],"curies":[{"name":"wp","href":"https:\/\/api.w.org\/{rel}","templated":true}]}}