{"id":5944,"date":"2025-05-30T21:40:57","date_gmt":"2025-05-31T00:40:57","guid":{"rendered":"https:\/\/vohnabrindes.com.br\/?post_type=product&#038;p=5944"},"modified":"2025-05-30T21:41:00","modified_gmt":"2025-05-31T00:41:00","slug":"pochete-personalizada","status":"publish","type":"product","link":"https:\/\/vohnabrindes.com.br\/index.php\/product\/pochete-personalizada\/","title":{"rendered":"Pochete personalizada."},"content":{"rendered":"<div class=\"ref\">92569-MUNICH.<\/div>\n<div class=\"ref\">Pochete personalizada.<\/div>\n<div class=\"texto\">Pochete em 210D ripstop com sa\u00edda para fone de ouvido.<\/div>\n<div class=\"texto\">Bolsa com z\u00edper e al\u00e7a ajust\u00e1vel.<\/div>\n<div class=\"texto\">dimens\u00f5es: 250 x 80 mm<\/div>\n","protected":false},"excerpt":{"rendered":"<p>92569-MUNICH. Pochete personalizada. Pochete em 210D ripstop com sa\u00edda para fone de ouvido. Bolsa com z\u00edper e al\u00e7a ajust\u00e1vel. dimens\u00f5es: 250 x 80 mm<\/p>\n","protected":false},"featured_media":3795,"comment_status":"open","ping_status":"closed","template":"","meta":[],"product_cat":[350,177],"product_tag":[1274,1275],"class_list":["post-5944","product","type-product","status-publish","has-post-thumbnail","hentry","product_cat-fitness-e-lazer","product_cat-linha-travel","product_tag-pochete-personalizada","product_tag-porta-dolar-personalizado"],"_links":{"self":[{"href":"https:\/\/vohnabrindes.com.br\/index.php\/wp-json\/wp\/v2\/product\/5944","targetHints":{"allow":["GET"]}}],"collection":[{"href":"https:\/\/vohnabrindes.com.br\/index.php\/wp-json\/wp\/v2\/product"}],"about":[{"href":"https:\/\/vohnabrindes.com.br\/index.php\/wp-json\/wp\/v2\/types\/product"}],"replies":[{"embeddable":true,"href":"https:\/\/vohnabrindes.com.br\/index.php\/wp-json\/wp\/v2\/comments?post=5944"}],"version-history":[{"count":1,"href":"https:\/\/vohnabrindes.com.br\/index.php\/wp-json\/wp\/v2\/product\/5944\/revisions"}],"predecessor-version":[{"id":5974,"href":"https:\/\/vohnabrindes.com.br\/index.php\/wp-json\/wp\/v2\/product\/5944\/revisions\/5974"}],"wp:featuredmedia":[{"embeddable":true,"href":"https:\/\/vohnabrindes.com.br\/index.php\/wp-json\/wp\/v2\/media\/3795"}],"wp:attachment":[{"href":"https:\/\/vohnabrindes.com.br\/index.php\/wp-json\/wp\/v2\/media?parent=5944"}],"wp:term":[{"taxonomy":"product_cat","embeddable":true,"href":"https:\/\/vohnabrindes.com.br\/index.php\/wp-json\/wp\/v2\/product_cat?post=5944"},{"taxonomy":"product_tag","embeddable":true,"href":"https:\/\/vohnabrindes.com.br\/index.php\/wp-json\/wp\/v2\/product_tag?post=5944"}],"curies":[{"name":"wp","href":"https:\/\/api.w.org\/{rel}","templated":true}]}}