{"id":5945,"date":"2025-05-30T21:40:57","date_gmt":"2025-05-31T00:40:57","guid":{"rendered":"https:\/\/vohnabrindes.com.br\/?post_type=product&#038;p=5945"},"modified":"2025-05-30T21:41:00","modified_gmt":"2025-05-31T00:41:00","slug":"caderneta-emborrachada-personalizada","status":"publish","type":"product","link":"https:\/\/vohnabrindes.com.br\/index.php\/product\/caderneta-emborrachada-personalizada\/","title":{"rendered":"Caderneta Emborrachada personalizada ."},"content":{"rendered":"<pre id=\"item_referencia\">08181<\/pre>\n<p class=\"produto-nome\">Caderneta Emborrachada personalizada .<\/p>\n<div class=\"caracs\">\n<div class=\"desc\">\n<p class=\"desc-tit\"><span class=\"desc-sub my-desc-sub\">Com aproximadamente 96 folhas pautadas, ela oferece um espa\u00e7o pr\u00e1tico para anotar a data e planejar atividades com facilidade. Logo na primeira p\u00e1gina, h\u00e1 um cadastro para dados pessoais, al\u00e9m de uma r\u00e9gua de 15 cm integrada \u00e0 folha, tornando a caderneta ainda mais funcional. Com capa emborrachada, suporte para caneta em nylon, el\u00e1stico para fechamento e fita de cetim com etiqueta e espa\u00e7o para personaliza\u00e7\u00e3o, que permite marcar as p\u00e1ginas mais importantes. Essa caderneta \u00e9 tudo o que precisa para acompanhar qualquer rotina de forma eficiente e organizada.<\/span><\/p>\n<\/div>\n<div class=\"desc\">\n<p class=\"desc-tit\">Altura<span class=\"desc-sub\">\u00a0:\u00a0 17,4 cm<\/span><\/p>\n<\/div>\n<div class=\"desc\">\n<p class=\"desc-tit\">Largura<span class=\"desc-sub\">\u00a0:\u00a0 9,7 cm<\/span><\/p>\n<\/div>\n<div class=\"desc\">\n<p class=\"desc-tit\">Espessura<span class=\"desc-sub\">\u00a0:\u00a0 1,5 cm<\/span><\/p>\n<\/div>\n<div class=\"desc\">\n<p class=\"desc-tit\">Medidas aproximadas para grava\u00e7\u00e3o<span class=\"desc-sub\">\u00a0(CxL):\u00a0 Caderneta: 15 cm x 6 cm \/ Marcador de p\u00e1gina: 2 cm x 1,3 cm<\/span><\/p>\n<\/div>\n<div class=\"desc\">\n<p class=\"desc-tit\">Peso aproximado<span class=\"desc-sub\">\u00a0(g):\u00a0 165<\/span><\/p>\n<\/div>\n<\/div>\n","protected":false},"excerpt":{"rendered":"<p>08181 Caderneta Emborrachada personalizada . Com aproximadamente 96 folhas pautadas, ela oferece um espa\u00e7o pr\u00e1tico para anotar a data e planejar atividades com facilidade. Logo na<span class=\"excerpt-hellip\"> [\u2026]<\/span><\/p>\n","protected":false},"featured_media":3816,"comment_status":"open","ping_status":"closed","template":"","meta":[],"product_cat":[146],"product_tag":[1277,1007,1025],"class_list":["post-5945","product","type-product","status-publish","has-post-thumbnail","hentry","product_cat-blocos-e-cadernetas","product_tag-caderneta-emborrachada-personalizada","product_tag-caderneta-personalizada","product_tag-moleskine-personalizada"],"_links":{"self":[{"href":"https:\/\/vohnabrindes.com.br\/index.php\/wp-json\/wp\/v2\/product\/5945","targetHints":{"allow":["GET"]}}],"collection":[{"href":"https:\/\/vohnabrindes.com.br\/index.php\/wp-json\/wp\/v2\/product"}],"about":[{"href":"https:\/\/vohnabrindes.com.br\/index.php\/wp-json\/wp\/v2\/types\/product"}],"replies":[{"embeddable":true,"href":"https:\/\/vohnabrindes.com.br\/index.php\/wp-json\/wp\/v2\/comments?post=5945"}],"version-history":[{"count":1,"href":"https:\/\/vohnabrindes.com.br\/index.php\/wp-json\/wp\/v2\/product\/5945\/revisions"}],"predecessor-version":[{"id":5975,"href":"https:\/\/vohnabrindes.com.br\/index.php\/wp-json\/wp\/v2\/product\/5945\/revisions\/5975"}],"wp:featuredmedia":[{"embeddable":true,"href":"https:\/\/vohnabrindes.com.br\/index.php\/wp-json\/wp\/v2\/media\/3816"}],"wp:attachment":[{"href":"https:\/\/vohnabrindes.com.br\/index.php\/wp-json\/wp\/v2\/media?parent=5945"}],"wp:term":[{"taxonomy":"product_cat","embeddable":true,"href":"https:\/\/vohnabrindes.com.br\/index.php\/wp-json\/wp\/v2\/product_cat?post=5945"},{"taxonomy":"product_tag","embeddable":true,"href":"https:\/\/vohnabrindes.com.br\/index.php\/wp-json\/wp\/v2\/product_tag?post=5945"}],"curies":[{"name":"wp","href":"https:\/\/api.w.org\/{rel}","templated":true}]}}