{"id":5976,"date":"2025-05-30T21:41:00","date_gmt":"2025-05-31T00:41:00","guid":{"rendered":"https:\/\/vohnabrindes.com.br\/?post_type=product&#038;p=5976"},"modified":"2025-05-30T21:41:02","modified_gmt":"2025-05-31T00:41:02","slug":"garrafa-plastica-2-em-1-personalizada","status":"publish","type":"product","link":"https:\/\/vohnabrindes.com.br\/index.php\/product\/garrafa-plastica-2-em-1-personalizada\/","title":{"rendered":"Garrafa Pl\u00e1stica 2 em 1 personalizada."},"content":{"rendered":"<pre id=\"item_referencia\">08233<\/pre>\n<p class=\"produto-nome\">Garrafa Pl\u00e1stica 2 em 1 ,personalizada.<\/p>\n<div class=\"caracs\">\n<div class=\"desc\">\n<p class=\"desc-tit\"><span class=\"desc-sub my-desc-sub\">Garrafa e copo em um \u00fanico produto! Com capacidade de 550ml, a garrafa 2 em 1 \u00e9 fabricada em pl\u00e1stico e possui um copo integrado, ideal para consumir \u00e1gua, ch\u00e1 gelado e outras bebidas com praticidade. Conta com tampa rosque\u00e1vel que garante seguran\u00e7a e evita vazamentos, enquanto o design compacto facilita o transporte para onde for. Uma escolha funcional e pr\u00e1tica para diferentes momentos.<\/span><\/p>\n<\/div>\n<div class=\"desc\">\n<p class=\"desc-tit\">Altura<span class=\"desc-sub\">\u00a0:\u00a0 21,4 cm<\/span><\/p>\n<\/div>\n<div class=\"desc\">\n<p class=\"desc-tit\">Largura<span class=\"desc-sub\">\u00a0:\u00a0 7,2 cm<\/span><\/p>\n<\/div>\n<div class=\"desc\">\n<p class=\"desc-tit\">Circunfer\u00eancia<span class=\"desc-sub\">\u00a0:\u00a0 22,7 cm<\/span><\/p>\n<\/div>\n<div class=\"desc\">\n<p class=\"desc-tit\">Medidas aproximadas para grava\u00e7\u00e3o<span class=\"desc-sub\">\u00a0(CxL):\u00a0 Garrafa: 9 cm x 2 cm\/ Copo: 6 cm x 2 cm<\/span><\/p>\n<\/div>\n<div class=\"desc\">\n<p class=\"desc-tit\">Peso aproximado<span class=\"desc-sub\">\u00a0(g):\u00a0 104<\/span><\/p>\n<\/div>\n<\/div>\n","protected":false},"excerpt":{"rendered":"<p>08233 Garrafa Pl\u00e1stica 2 em 1 ,personalizada. Garrafa e copo em um \u00fanico produto! Com capacidade de 550ml, a garrafa 2 em 1 \u00e9 fabricada em<span class=\"excerpt-hellip\"> [\u2026]<\/span><\/p>\n","protected":false},"featured_media":3845,"comment_status":"open","ping_status":"closed","template":"","meta":[],"product_cat":[129],"product_tag":[133,1278,1279,131,1280],"class_list":["post-5976","product","type-product","status-publish","has-post-thumbnail","hentry","product_cat-garrafas-e-squeezes","product_tag-garrafa-personalizada","product_tag-garrafa-plastica-2-em-1","product_tag-personalizada","product_tag-squeeze-plastico","product_tag-squeeze-plastico-personalizada"],"_links":{"self":[{"href":"https:\/\/vohnabrindes.com.br\/index.php\/wp-json\/wp\/v2\/product\/5976","targetHints":{"allow":["GET"]}}],"collection":[{"href":"https:\/\/vohnabrindes.com.br\/index.php\/wp-json\/wp\/v2\/product"}],"about":[{"href":"https:\/\/vohnabrindes.com.br\/index.php\/wp-json\/wp\/v2\/types\/product"}],"replies":[{"embeddable":true,"href":"https:\/\/vohnabrindes.com.br\/index.php\/wp-json\/wp\/v2\/comments?post=5976"}],"version-history":[{"count":1,"href":"https:\/\/vohnabrindes.com.br\/index.php\/wp-json\/wp\/v2\/product\/5976\/revisions"}],"predecessor-version":[{"id":6003,"href":"https:\/\/vohnabrindes.com.br\/index.php\/wp-json\/wp\/v2\/product\/5976\/revisions\/6003"}],"wp:featuredmedia":[{"embeddable":true,"href":"https:\/\/vohnabrindes.com.br\/index.php\/wp-json\/wp\/v2\/media\/3845"}],"wp:attachment":[{"href":"https:\/\/vohnabrindes.com.br\/index.php\/wp-json\/wp\/v2\/media?parent=5976"}],"wp:term":[{"taxonomy":"product_cat","embeddable":true,"href":"https:\/\/vohnabrindes.com.br\/index.php\/wp-json\/wp\/v2\/product_cat?post=5976"},{"taxonomy":"product_tag","embeddable":true,"href":"https:\/\/vohnabrindes.com.br\/index.php\/wp-json\/wp\/v2\/product_tag?post=5976"}],"curies":[{"name":"wp","href":"https:\/\/api.w.org\/{rel}","templated":true}]}}