{"id":5978,"date":"2025-05-30T21:41:00","date_gmt":"2025-05-31T00:41:00","guid":{"rendered":"https:\/\/vohnabrindes.com.br\/?post_type=product&#038;p=5978"},"modified":"2025-05-30T21:41:02","modified_gmt":"2025-05-31T00:41:02","slug":"kit-manicure-10-pecas-personalizado","status":"publish","type":"product","link":"https:\/\/vohnabrindes.com.br\/index.php\/product\/kit-manicure-10-pecas-personalizado\/","title":{"rendered":"Kit Manicure 10 Pe\u00e7as Personalizado."},"content":{"rendered":"<pre id=\"item_referencia\">18900<\/pre>\n<p class=\"produto-nome\">Kit Manicure 10 Pe\u00e7as Personalizado.<\/p>\n<div class=\"caracs\">\n<div class=\"desc\">\n<p class=\"desc-tit\"><span class=\"desc-sub my-desc-sub\">Kit Manicure 10 pe\u00e7as em estojo de couro sint\u00e9tico, perfeito para embelezar e cuidar das unhas, podendo ser usado em casa ou em sal\u00f5es de beleza. Com tr\u00eas cortadores de unha, tesoura, lixa, pin\u00e7a, empurrador de cut\u00edcula, removedor de cut\u00edcula, palito de unha e esp\u00e1tula para ouvido, este kit oferece tudo o que precisa para manter as unhas e cuidados sempre em dia.<\/span><\/p>\n<\/div>\n<div class=\"desc\">\n<p class=\"desc-tit\">Altura<span class=\"desc-sub\">\u00a0:\u00a0 12,7 cm<\/span><\/p>\n<\/div>\n<div class=\"desc\">\n<p class=\"desc-tit\">Largura<span class=\"desc-sub\">\u00a0:\u00a0 7,9 cm<\/span><\/p>\n<\/div>\n<div class=\"desc\">\n<p class=\"desc-tit\">Espessura<span class=\"desc-sub\">\u00a0:\u00a0 2 cm<\/span><\/p>\n<\/div>\n<\/div>\n","protected":false},"excerpt":{"rendered":"<p>18900 Kit Manicure 10 Pe\u00e7as Personalizado. Kit Manicure 10 pe\u00e7as em estojo de couro sint\u00e9tico, perfeito para embelezar e cuidar das unhas, podendo ser usado em<span class=\"excerpt-hellip\"> [\u2026]<\/span><\/p>\n","protected":false},"featured_media":3849,"comment_status":"open","ping_status":"closed","template":"","meta":[],"product_cat":[194,184],"product_tag":[190,1283,1284,192,1285,193],"class_list":["post-5978","product","type-product","status-publish","has-post-thumbnail","hentry","product_cat-cuidados-pessoais-e-protecao","product_cat-linha-feminina","product_tag-brindes-femininos","product_tag-brindes-higiene","product_tag-it-manicure","product_tag-kit-manicure","product_tag-kit-manicure-10-pecas-personalizado","product_tag-kit-manicure-personalizado"],"_links":{"self":[{"href":"https:\/\/vohnabrindes.com.br\/index.php\/wp-json\/wp\/v2\/product\/5978","targetHints":{"allow":["GET"]}}],"collection":[{"href":"https:\/\/vohnabrindes.com.br\/index.php\/wp-json\/wp\/v2\/product"}],"about":[{"href":"https:\/\/vohnabrindes.com.br\/index.php\/wp-json\/wp\/v2\/types\/product"}],"replies":[{"embeddable":true,"href":"https:\/\/vohnabrindes.com.br\/index.php\/wp-json\/wp\/v2\/comments?post=5978"}],"version-history":[{"count":1,"href":"https:\/\/vohnabrindes.com.br\/index.php\/wp-json\/wp\/v2\/product\/5978\/revisions"}],"predecessor-version":[{"id":6005,"href":"https:\/\/vohnabrindes.com.br\/index.php\/wp-json\/wp\/v2\/product\/5978\/revisions\/6005"}],"wp:featuredmedia":[{"embeddable":true,"href":"https:\/\/vohnabrindes.com.br\/index.php\/wp-json\/wp\/v2\/media\/3849"}],"wp:attachment":[{"href":"https:\/\/vohnabrindes.com.br\/index.php\/wp-json\/wp\/v2\/media?parent=5978"}],"wp:term":[{"taxonomy":"product_cat","embeddable":true,"href":"https:\/\/vohnabrindes.com.br\/index.php\/wp-json\/wp\/v2\/product_cat?post=5978"},{"taxonomy":"product_tag","embeddable":true,"href":"https:\/\/vohnabrindes.com.br\/index.php\/wp-json\/wp\/v2\/product_tag?post=5978"}],"curies":[{"name":"wp","href":"https:\/\/api.w.org\/{rel}","templated":true}]}}