{"id":5985,"date":"2025-05-30T21:41:01","date_gmt":"2025-05-31T00:41:01","guid":{"rendered":"https:\/\/vohnabrindes.com.br\/?post_type=product&#038;p=5985"},"modified":"2025-05-30T21:41:03","modified_gmt":"2025-05-31T00:41:03","slug":"quadro-de-mensagens-led-com-porta-caneta","status":"publish","type":"product","link":"https:\/\/vohnabrindes.com.br\/index.php\/product\/quadro-de-mensagens-led-com-porta-caneta\/","title":{"rendered":"Quadro de Mensagens LED com Porta-caneta"},"content":{"rendered":"<pre id=\"item_referencia\">18931<\/pre>\n<p class=\"produto-nome\">Quadro de Mensagens LED com Porta-caneta<\/p>\n<div class=\"caracs\">\n<div class=\"desc\">\n<p class=\"desc-tit\">Descri\u00e7\u00e3o:\u00a0<span class=\"desc-sub my-desc-sub\">Moderno e funcional, este quadro de mensagens em LED \u00e9 ideal para anota\u00e7\u00f5es e comunica\u00e7\u00f5es din\u00e2micas. Possui estrutura pl\u00e1stica com base em MDF e porta-caneta integrado, fazendo com que seja est\u00e1vel e pr\u00e1tico para o dia a dia. Funciona via conex\u00e3o USB (fonte n\u00e3o inclusa) ou com 3 pilhas AAA, tornando seu uso vers\u00e1til. Acompanha caneta pl\u00e1stica com carga de giz l\u00edquido, permitindo escritas n\u00edtidas e f\u00e1ceis de apagar com pano ou papel.<\/span><\/p>\n<\/div>\n<div class=\"desc\">\n<p class=\"desc-tit\">Altura<span class=\"desc-sub\">\u00a0:\u00a0 17,3 cm<\/span><\/p>\n<\/div>\n<div class=\"desc\">\n<p class=\"desc-tit\">Largura<span class=\"desc-sub\">\u00a0:\u00a0 19,9 cm<\/span><\/p>\n<\/div>\n<div class=\"desc\">\n<p class=\"desc-tit\">Profundidade<span class=\"desc-sub\">\u00a0:\u00a0 6,4 cm<\/span><\/p>\n<\/div>\n<\/div>\n","protected":false},"excerpt":{"rendered":"<p>18931 Quadro de Mensagens LED com Porta-caneta Descri\u00e7\u00e3o:\u00a0Moderno e funcional, este quadro de mensagens em LED \u00e9 ideal para anota\u00e7\u00f5es e comunica\u00e7\u00f5es din\u00e2micas. Possui estrutura pl\u00e1stica<span class=\"excerpt-hellip\"> [\u2026]<\/span><\/p>\n","protected":false},"featured_media":3863,"comment_status":"open","ping_status":"closed","template":"","meta":[],"product_cat":[165],"product_tag":[884,1294],"class_list":["post-5985","product","type-product","status-publish","has-post-thumbnail","hentry","product_cat-escritorio-e-conjuntos-executivos","product_tag-brindes-personalizados","product_tag-quadro-de-mensagens-led-com-porta-caneta"],"_links":{"self":[{"href":"https:\/\/vohnabrindes.com.br\/index.php\/wp-json\/wp\/v2\/product\/5985","targetHints":{"allow":["GET"]}}],"collection":[{"href":"https:\/\/vohnabrindes.com.br\/index.php\/wp-json\/wp\/v2\/product"}],"about":[{"href":"https:\/\/vohnabrindes.com.br\/index.php\/wp-json\/wp\/v2\/types\/product"}],"replies":[{"embeddable":true,"href":"https:\/\/vohnabrindes.com.br\/index.php\/wp-json\/wp\/v2\/comments?post=5985"}],"version-history":[{"count":1,"href":"https:\/\/vohnabrindes.com.br\/index.php\/wp-json\/wp\/v2\/product\/5985\/revisions"}],"predecessor-version":[{"id":6012,"href":"https:\/\/vohnabrindes.com.br\/index.php\/wp-json\/wp\/v2\/product\/5985\/revisions\/6012"}],"wp:featuredmedia":[{"embeddable":true,"href":"https:\/\/vohnabrindes.com.br\/index.php\/wp-json\/wp\/v2\/media\/3863"}],"wp:attachment":[{"href":"https:\/\/vohnabrindes.com.br\/index.php\/wp-json\/wp\/v2\/media?parent=5985"}],"wp:term":[{"taxonomy":"product_cat","embeddable":true,"href":"https:\/\/vohnabrindes.com.br\/index.php\/wp-json\/wp\/v2\/product_cat?post=5985"},{"taxonomy":"product_tag","embeddable":true,"href":"https:\/\/vohnabrindes.com.br\/index.php\/wp-json\/wp\/v2\/product_tag?post=5985"}],"curies":[{"name":"wp","href":"https:\/\/api.w.org\/{rel}","templated":true}]}}