{"id":5986,"date":"2025-05-30T21:41:01","date_gmt":"2025-05-31T00:41:01","guid":{"rendered":"https:\/\/vohnabrindes.com.br\/?post_type=product&#038;p=5986"},"modified":"2025-05-30T21:41:03","modified_gmt":"2025-05-31T00:41:03","slug":"carregador-wireless-super-rapido-personalizado","status":"publish","type":"product","link":"https:\/\/vohnabrindes.com.br\/index.php\/product\/carregador-wireless-super-rapido-personalizado\/","title":{"rendered":"Carregador wireless super r\u00e1pido personalizado."},"content":{"rendered":"<div class=\"ref\">97169-BROGLIE.<\/div>\n<div class=\"ref\">Carregador magn\u00e9tico wireless super r\u00e1pido dobr\u00e1vel em ABS 100% reciclado que permite carregar tr\u00eas dispositivos simultaneamente: celular 15W, fones de ouvido 5W e smartwatch 2,5W, com tecnologia de carregamento sem fios. Incluso um grip magn\u00e9tico extra para ser colocado nos smartphones que n\u00e3o tenham e um cabo de carregamento r\u00e1pido USB-C. Ideal para usar no escrit\u00f3rio e levar em viagem. O produto tamb\u00e9m pode ser utilizado como suporte. Fornecida em caixa presente de papel kraft.<\/div>\n<div class=\"ref\">Dobrado: 70 x 70 x 25 mm | Caixa: 110 x 90 x 36 mm<\/div>\n","protected":false},"excerpt":{"rendered":"<p>97169-BROGLIE. Carregador magn\u00e9tico wireless super r\u00e1pido dobr\u00e1vel em ABS 100% reciclado que permite carregar tr\u00eas dispositivos simultaneamente: celular 15W, fones de ouvido 5W e smartwatch 2,5W,<span class=\"excerpt-hellip\"> [\u2026]<\/span><\/p>\n","protected":false},"featured_media":3865,"comment_status":"open","ping_status":"closed","template":"","meta":[],"product_cat":[125],"product_tag":[1295,1296,1297],"class_list":["post-5986","product","type-product","status-publish","has-post-thumbnail","hentry","product_cat-carregadores-powerbank","product_tag-brindes-tecnologicos","product_tag-carregador-magnetico-wireless-super-rapido","product_tag-carregador-wireless-super-rapido-personalizado"],"_links":{"self":[{"href":"https:\/\/vohnabrindes.com.br\/index.php\/wp-json\/wp\/v2\/product\/5986","targetHints":{"allow":["GET"]}}],"collection":[{"href":"https:\/\/vohnabrindes.com.br\/index.php\/wp-json\/wp\/v2\/product"}],"about":[{"href":"https:\/\/vohnabrindes.com.br\/index.php\/wp-json\/wp\/v2\/types\/product"}],"replies":[{"embeddable":true,"href":"https:\/\/vohnabrindes.com.br\/index.php\/wp-json\/wp\/v2\/comments?post=5986"}],"version-history":[{"count":1,"href":"https:\/\/vohnabrindes.com.br\/index.php\/wp-json\/wp\/v2\/product\/5986\/revisions"}],"predecessor-version":[{"id":6013,"href":"https:\/\/vohnabrindes.com.br\/index.php\/wp-json\/wp\/v2\/product\/5986\/revisions\/6013"}],"wp:featuredmedia":[{"embeddable":true,"href":"https:\/\/vohnabrindes.com.br\/index.php\/wp-json\/wp\/v2\/media\/3865"}],"wp:attachment":[{"href":"https:\/\/vohnabrindes.com.br\/index.php\/wp-json\/wp\/v2\/media?parent=5986"}],"wp:term":[{"taxonomy":"product_cat","embeddable":true,"href":"https:\/\/vohnabrindes.com.br\/index.php\/wp-json\/wp\/v2\/product_cat?post=5986"},{"taxonomy":"product_tag","embeddable":true,"href":"https:\/\/vohnabrindes.com.br\/index.php\/wp-json\/wp\/v2\/product_tag?post=5986"}],"curies":[{"name":"wp","href":"https:\/\/api.w.org\/{rel}","templated":true}]}}