{"id":5987,"date":"2025-05-30T21:41:01","date_gmt":"2025-05-31T00:41:01","guid":{"rendered":"https:\/\/vohnabrindes.com.br\/?post_type=product&#038;p=5987"},"modified":"2025-05-30T21:41:03","modified_gmt":"2025-05-31T00:41:03","slug":"porta-cartao-em-cortica-personalizado","status":"publish","type":"product","link":"https:\/\/vohnabrindes.com.br\/index.php\/product\/porta-cartao-em-cortica-personalizado\/","title":{"rendered":"Porta-cart\u00e3o em Corti\u00e7a Personalizado."},"content":{"rendered":"<pre id=\"item_referencia\">08247<\/pre>\n<p class=\"produto-nome\">Porta-cart\u00e3o em Corti\u00e7a Personalizado.<\/p>\n<div class=\"caracs\">\n<div class=\"desc\">\n<p class=\"desc-tit\"><span class=\"desc-sub my-desc-sub\">Nosso porta-cart\u00e3o apresenta um design compacto e funcional. Feito de corti\u00e7a, traz um visual r\u00fastico combinado com a parte interna em couro sint\u00e9tico, criando um contraste elegante. Possui tr\u00eas compartimentos, incluindo um com visor transparente, que facilita na hora de encontrar o cart\u00e3o. Perfeito para quem busca organiza\u00e7\u00e3o e seguran\u00e7a para os cart\u00f5es no dia a dia.<\/span><\/p>\n<\/div>\n<div class=\"desc\">\n<p class=\"desc-tit\">Altura<span class=\"desc-sub\">\u00a0:\u00a0 10,5 cm<\/span><\/p>\n<\/div>\n<div class=\"desc\">\n<p class=\"desc-tit\">Largura<span class=\"desc-sub\">\u00a0:\u00a0 7,6 cm<\/span><\/p>\n<\/div>\n<div class=\"desc\">\n<h6 class=\"desc-tit\">Espessura<span class=\"desc-sub\">\u00a0:\u00a0 0,5 cm<\/span><\/h6>\n<\/div>\n<\/div>\n","protected":false},"excerpt":{"rendered":"<p>08247 Porta-cart\u00e3o em Corti\u00e7a Personalizado. Nosso porta-cart\u00e3o apresenta um design compacto e funcional. Feito de corti\u00e7a, traz um visual r\u00fastico combinado com a parte interna em<span class=\"excerpt-hellip\"> [\u2026]<\/span><\/p>\n","protected":false},"featured_media":3867,"comment_status":"open","ping_status":"closed","template":"","meta":[],"product_cat":[165,126],"product_tag":[1298],"class_list":["post-5987","product","type-product","status-publish","has-post-thumbnail","hentry","product_cat-escritorio-e-conjuntos-executivos","product_cat-linha-ecologica","product_tag-porta-cartao-em-cortica-personalizado"],"_links":{"self":[{"href":"https:\/\/vohnabrindes.com.br\/index.php\/wp-json\/wp\/v2\/product\/5987","targetHints":{"allow":["GET"]}}],"collection":[{"href":"https:\/\/vohnabrindes.com.br\/index.php\/wp-json\/wp\/v2\/product"}],"about":[{"href":"https:\/\/vohnabrindes.com.br\/index.php\/wp-json\/wp\/v2\/types\/product"}],"replies":[{"embeddable":true,"href":"https:\/\/vohnabrindes.com.br\/index.php\/wp-json\/wp\/v2\/comments?post=5987"}],"version-history":[{"count":1,"href":"https:\/\/vohnabrindes.com.br\/index.php\/wp-json\/wp\/v2\/product\/5987\/revisions"}],"predecessor-version":[{"id":6014,"href":"https:\/\/vohnabrindes.com.br\/index.php\/wp-json\/wp\/v2\/product\/5987\/revisions\/6014"}],"wp:featuredmedia":[{"embeddable":true,"href":"https:\/\/vohnabrindes.com.br\/index.php\/wp-json\/wp\/v2\/media\/3867"}],"wp:attachment":[{"href":"https:\/\/vohnabrindes.com.br\/index.php\/wp-json\/wp\/v2\/media?parent=5987"}],"wp:term":[{"taxonomy":"product_cat","embeddable":true,"href":"https:\/\/vohnabrindes.com.br\/index.php\/wp-json\/wp\/v2\/product_cat?post=5987"},{"taxonomy":"product_tag","embeddable":true,"href":"https:\/\/vohnabrindes.com.br\/index.php\/wp-json\/wp\/v2\/product_tag?post=5987"}],"curies":[{"name":"wp","href":"https:\/\/api.w.org\/{rel}","templated":true}]}}