{"id":5989,"date":"2025-05-30T21:41:01","date_gmt":"2025-05-31T00:41:01","guid":{"rendered":"https:\/\/vohnabrindes.com.br\/?post_type=product&#038;p=5989"},"modified":"2025-05-30T21:41:03","modified_gmt":"2025-05-31T00:41:03","slug":"bolsa-expansivel-e-dobravel-personalizada","status":"publish","type":"product","link":"https:\/\/vohnabrindes.com.br\/index.php\/product\/bolsa-expansivel-e-dobravel-personalizada\/","title":{"rendered":"Bolsa Expans\u00edvel e Dobr\u00e1vel Personalizada."},"content":{"rendered":"<pre id=\"item_referencia\">04091B<\/pre>\n<p class=\"produto-nome\">Bolsa Expans\u00edvel e Dobr\u00e1vel 25 Litros Personalizada.<\/p>\n<div class=\"caracs\">\n<div class=\"desc\">\n<p class=\"desc-tit\"><span class=\"desc-sub my-desc-sub\">Bolsa que leva em conta as necessidades de quem espera por mais praticidade. Feita em poli\u00e9ster imperme\u00e1vel e com capacidade m\u00e1xima expans\u00edvel em at\u00e9 25 litros atrav\u00e9s do compartimento inferior fechada em z\u00edper, \u00e9 uma \u00f3tima op\u00e7\u00e3o para viagens de curta ou longa dist\u00e2ncia. Al\u00e9m do amplo espa\u00e7o, ela conta com dois bolsos externos, incluindo um bolso com espa\u00e7o para o encaixe de al\u00e7as de malas de viagem e, com isso, \u00e9 poss\u00edvel criar combina\u00e7\u00f5es pr\u00e1ticas em deslocamentos. Ainda \u00e9 poss\u00edvel dobrar a bolsa enquanto vazia para guarda-la em malas ou caixas.<\/span><\/p>\n<\/div>\n<div class=\"desc\">\n<p class=\"desc-tit\">Altura<span class=\"desc-sub\">\u00a0:\u00a0 35 cm<\/span><\/p>\n<\/div>\n<div class=\"desc\">\n<p class=\"desc-tit\">Profundidade<span class=\"desc-sub\">\u00a0:\u00a0 21 cm<\/span><\/p>\n<\/div>\n<div class=\"desc\">\n<p class=\"desc-tit\">Comprimento<span class=\"desc-sub\">\u00a0:\u00a0 52 cm<\/span><\/p>\n<\/div>\n<\/div>\n","protected":false},"excerpt":{"rendered":"<p>04091B Bolsa Expans\u00edvel e Dobr\u00e1vel 25 Litros Personalizada. Bolsa que leva em conta as necessidades de quem espera por mais praticidade. Feita em poli\u00e9ster imperme\u00e1vel e<span class=\"excerpt-hellip\"> [\u2026]<\/span><\/p>\n","protected":false},"featured_media":3871,"comment_status":"open","ping_status":"closed","template":"","meta":[],"product_cat":[312],"product_tag":[313,1300,314],"class_list":["post-5989","product","type-product","status-publish","has-post-thumbnail","hentry","product_cat-mochilas-saco-e-bolsas-esportivas","product_tag-bolsa-esportiva-personalizada","product_tag-bolsa-expansivel-e-dobravel-25-litros-personalizada","product_tag-bolsa-personalizada"],"_links":{"self":[{"href":"https:\/\/vohnabrindes.com.br\/index.php\/wp-json\/wp\/v2\/product\/5989","targetHints":{"allow":["GET"]}}],"collection":[{"href":"https:\/\/vohnabrindes.com.br\/index.php\/wp-json\/wp\/v2\/product"}],"about":[{"href":"https:\/\/vohnabrindes.com.br\/index.php\/wp-json\/wp\/v2\/types\/product"}],"replies":[{"embeddable":true,"href":"https:\/\/vohnabrindes.com.br\/index.php\/wp-json\/wp\/v2\/comments?post=5989"}],"version-history":[{"count":1,"href":"https:\/\/vohnabrindes.com.br\/index.php\/wp-json\/wp\/v2\/product\/5989\/revisions"}],"predecessor-version":[{"id":6016,"href":"https:\/\/vohnabrindes.com.br\/index.php\/wp-json\/wp\/v2\/product\/5989\/revisions\/6016"}],"wp:featuredmedia":[{"embeddable":true,"href":"https:\/\/vohnabrindes.com.br\/index.php\/wp-json\/wp\/v2\/media\/3871"}],"wp:attachment":[{"href":"https:\/\/vohnabrindes.com.br\/index.php\/wp-json\/wp\/v2\/media?parent=5989"}],"wp:term":[{"taxonomy":"product_cat","embeddable":true,"href":"https:\/\/vohnabrindes.com.br\/index.php\/wp-json\/wp\/v2\/product_cat?post=5989"},{"taxonomy":"product_tag","embeddable":true,"href":"https:\/\/vohnabrindes.com.br\/index.php\/wp-json\/wp\/v2\/product_tag?post=5989"}],"curies":[{"name":"wp","href":"https:\/\/api.w.org\/{rel}","templated":true}]}}