{"id":5992,"date":"2025-05-30T21:41:01","date_gmt":"2025-05-31T00:41:01","guid":{"rendered":"https:\/\/vohnabrindes.com.br\/?post_type=product&#038;p=5992"},"modified":"2025-05-30T21:41:04","modified_gmt":"2025-05-31T00:41:04","slug":"chaveiro-trena-plastico-personalizado","status":"publish","type":"product","link":"https:\/\/vohnabrindes.com.br\/index.php\/product\/chaveiro-trena-plastico-personalizado\/","title":{"rendered":"Chaveiro Trena Pl\u00e1stico Personalizado."},"content":{"rendered":"<pre id=\"item_referencia\">08205<\/pre>\n<p class=\"produto-nome\">Chaveiro Trena Pl\u00e1stico Personalizado.<\/p>\n<div class=\"caracs\">\n<div class=\"desc\">\n<p class=\"desc-tit\"><span class=\"desc-sub my-desc-sub\">Um chaveiro trena de pl\u00e1stico \u00e9 ideal para gosta de tudo sob medida. Sua fita de a\u00e7o tem o alcance de at\u00e9 1 metro, al\u00e9m de apresentar suas medidas em p\u00e9s e polegadas, o que a torna um item vers\u00e1til para fazer medi\u00e7\u00f5es mais simples no dia a dia. Conta ainda com uma trava de seguran\u00e7a de f\u00e1cil acionamento: basta deslizar que a fita \u00e9 contida totalmente no trecho desejado, al\u00e9m de uma argola de metal para encaixar chaves ou conectar a outro chaveiro.<\/span><\/p>\n<\/div>\n<div class=\"desc\">\n<p class=\"desc-tit\">Altura<span class=\"desc-sub\">\u00a0:\u00a0 3,8 cm<\/span><\/p>\n<\/div>\n<div class=\"desc\">\n<p class=\"desc-tit\">Largura<span class=\"desc-sub\">\u00a0:\u00a0 4 cm<\/span><\/p>\n<\/div>\n<div class=\"desc\">\n<p class=\"desc-tit\">Espessura<span class=\"desc-sub\">\u00a0:\u00a0 1,4 cm<\/span><\/p>\n<\/div>\n<div class=\"desc\">\n<p class=\"desc-tit\">Comprimento<span class=\"desc-sub\">\u00a0:\u00a0 8,5 cm<\/span><\/p>\n<\/div>\n<\/div>\n","protected":false},"excerpt":{"rendered":"<p>08205 Chaveiro Trena Pl\u00e1stico Personalizado. Um chaveiro trena de pl\u00e1stico \u00e9 ideal para gosta de tudo sob medida. Sua fita de a\u00e7o tem o alcance de<span class=\"excerpt-hellip\"> [\u2026]<\/span><\/p>\n","protected":false},"featured_media":3877,"comment_status":"open","ping_status":"closed","template":"","meta":[],"product_cat":[206,493],"product_tag":[1302,1303,1304],"class_list":["post-5992","product","type-product","status-publish","has-post-thumbnail","hentry","product_cat-chaveiros","product_cat-ferramentas-e-lanternas","product_tag-chaveiro-trena","product_tag-chaveiro-trena-personalizada","product_tag-chaveiro-trena-plastico-personalizado"],"_links":{"self":[{"href":"https:\/\/vohnabrindes.com.br\/index.php\/wp-json\/wp\/v2\/product\/5992","targetHints":{"allow":["GET"]}}],"collection":[{"href":"https:\/\/vohnabrindes.com.br\/index.php\/wp-json\/wp\/v2\/product"}],"about":[{"href":"https:\/\/vohnabrindes.com.br\/index.php\/wp-json\/wp\/v2\/types\/product"}],"replies":[{"embeddable":true,"href":"https:\/\/vohnabrindes.com.br\/index.php\/wp-json\/wp\/v2\/comments?post=5992"}],"version-history":[{"count":1,"href":"https:\/\/vohnabrindes.com.br\/index.php\/wp-json\/wp\/v2\/product\/5992\/revisions"}],"predecessor-version":[{"id":6019,"href":"https:\/\/vohnabrindes.com.br\/index.php\/wp-json\/wp\/v2\/product\/5992\/revisions\/6019"}],"wp:featuredmedia":[{"embeddable":true,"href":"https:\/\/vohnabrindes.com.br\/index.php\/wp-json\/wp\/v2\/media\/3877"}],"wp:attachment":[{"href":"https:\/\/vohnabrindes.com.br\/index.php\/wp-json\/wp\/v2\/media?parent=5992"}],"wp:term":[{"taxonomy":"product_cat","embeddable":true,"href":"https:\/\/vohnabrindes.com.br\/index.php\/wp-json\/wp\/v2\/product_cat?post=5992"},{"taxonomy":"product_tag","embeddable":true,"href":"https:\/\/vohnabrindes.com.br\/index.php\/wp-json\/wp\/v2\/product_tag?post=5992"}],"curies":[{"name":"wp","href":"https:\/\/api.w.org\/{rel}","templated":true}]}}