{"id":5993,"date":"2025-05-30T21:41:01","date_gmt":"2025-05-31T00:41:01","guid":{"rendered":"https:\/\/vohnabrindes.com.br\/?post_type=product&#038;p=5993"},"modified":"2025-05-30T21:41:04","modified_gmt":"2025-05-31T00:41:04","slug":"toalha-fitness-de-secagem-rapida-personalizada","status":"publish","type":"product","link":"https:\/\/vohnabrindes.com.br\/index.php\/product\/toalha-fitness-de-secagem-rapida-personalizada\/","title":{"rendered":"Toalha Fitness de Secagem R\u00e1pida Personalizada."},"content":{"rendered":"<pre id=\"item_referencia\">08225<\/pre>\n<p class=\"produto-nome\">Toalha Fitness Poli\u00e9ster de Secagem R\u00e1pida Personalizada.<\/p>\n<div class=\"caracs\">\n<div class=\"desc\">\n<p class=\"desc-tit\"><span class=\"desc-sub my-desc-sub\">Uma toalha que chegou para ser a companhia ideal para atividades f\u00edsicas, seja ao ar livre ou em espa\u00e7os fechados como academias e est\u00fadios. Feita em poli\u00e9ster, possui uma textura macia e alta capacidade de absor\u00e7\u00e3o de l\u00edquidos, tornando-se uma excelente op\u00e7\u00e3o para secar o rosto e outras partes da pele ap\u00f3s uma rotina de exerc\u00edcios. Al\u00e9m disso, ela conta com uma al\u00e7a de el\u00e1stico que pode ser usada tanto para facilitar o manuseio com as m\u00e3os quanto para guard\u00e1-la diretamente no saco em nylon que a acompanha.<\/span><\/p>\n<\/div>\n<div class=\"desc\">\n<p class=\"desc-tit\">Altura<span class=\"desc-sub\">\u00a0:\u00a0 14,5 cm<\/span><\/p>\n<\/div>\n<div class=\"desc\">\n<p class=\"desc-tit\">Largura<span class=\"desc-sub\">\u00a0:\u00a0 40 cm<\/span><\/p>\n<\/div>\n<div class=\"desc\">\n<p class=\"desc-tit\">Circunfer\u00eancia<span class=\"desc-sub\">\u00a0:\u00a0 16,5 cm<\/span><\/p>\n<\/div>\n<div class=\"desc\">\n<p class=\"desc-tit\">Comprimento<span class=\"desc-sub\">\u00a0:\u00a0 78,5 cm<\/span><\/p>\n<\/div>\n<\/div>\n","protected":false},"excerpt":{"rendered":"<p>08225 Toalha Fitness Poli\u00e9ster de Secagem R\u00e1pida Personalizada. Uma toalha que chegou para ser a companhia ideal para atividades f\u00edsicas, seja ao ar livre ou em<span class=\"excerpt-hellip\"> [\u2026]<\/span><\/p>\n","protected":false},"featured_media":3879,"comment_status":"open","ping_status":"closed","template":"","meta":[],"product_cat":[350],"product_tag":[1305,1306,1307],"class_list":["post-5993","product","type-product","status-publish","has-post-thumbnail","hentry","product_cat-fitness-e-lazer","product_tag-toalha-fitness-de-secagem-rapida-personalizada","product_tag-toalha-fitness-personalizada","product_tag-toalha-fitness-poliester-de-secagem-rapida-personalizada"],"_links":{"self":[{"href":"https:\/\/vohnabrindes.com.br\/index.php\/wp-json\/wp\/v2\/product\/5993","targetHints":{"allow":["GET"]}}],"collection":[{"href":"https:\/\/vohnabrindes.com.br\/index.php\/wp-json\/wp\/v2\/product"}],"about":[{"href":"https:\/\/vohnabrindes.com.br\/index.php\/wp-json\/wp\/v2\/types\/product"}],"replies":[{"embeddable":true,"href":"https:\/\/vohnabrindes.com.br\/index.php\/wp-json\/wp\/v2\/comments?post=5993"}],"version-history":[{"count":1,"href":"https:\/\/vohnabrindes.com.br\/index.php\/wp-json\/wp\/v2\/product\/5993\/revisions"}],"predecessor-version":[{"id":6020,"href":"https:\/\/vohnabrindes.com.br\/index.php\/wp-json\/wp\/v2\/product\/5993\/revisions\/6020"}],"wp:featuredmedia":[{"embeddable":true,"href":"https:\/\/vohnabrindes.com.br\/index.php\/wp-json\/wp\/v2\/media\/3879"}],"wp:attachment":[{"href":"https:\/\/vohnabrindes.com.br\/index.php\/wp-json\/wp\/v2\/media?parent=5993"}],"wp:term":[{"taxonomy":"product_cat","embeddable":true,"href":"https:\/\/vohnabrindes.com.br\/index.php\/wp-json\/wp\/v2\/product_cat?post=5993"},{"taxonomy":"product_tag","embeddable":true,"href":"https:\/\/vohnabrindes.com.br\/index.php\/wp-json\/wp\/v2\/product_tag?post=5993"}],"curies":[{"name":"wp","href":"https:\/\/api.w.org\/{rel}","templated":true}]}}