{"id":5996,"date":"2025-05-30T21:41:01","date_gmt":"2025-05-31T00:41:01","guid":{"rendered":"https:\/\/vohnabrindes.com.br\/?post_type=product&#038;p=5996"},"modified":"2025-05-30T21:41:04","modified_gmt":"2025-05-31T00:41:04","slug":"calendario-permanente-madeira-personalizado","status":"publish","type":"product","link":"https:\/\/vohnabrindes.com.br\/index.php\/product\/calendario-permanente-madeira-personalizado\/","title":{"rendered":"Calend\u00e1rio Permanente Madeira personalizado."},"content":{"rendered":"<pre id=\"item_referencia\">15251<\/pre>\n<p class=\"produto-nome\">Calend\u00e1rio Permanente Madeira personalizado.<\/p>\n<div class=\"caracs\">\n<div class=\"desc\">\n<p class=\"desc-tit\">Descri\u00e7\u00e3o:\u00a0<span class=\"desc-sub my-desc-sub\">Um calend\u00e1rio permanente em madeira que oferece minimalismo e eleg\u00e2ncia para qualquer ambiente. Dividido em um par de cubos com n\u00fameros dos dias do m\u00eas e outros tr\u00eas ret\u00e2ngulos com os nomes dos meses, este \u00e9 um calend\u00e1rio de montagem f\u00e1cil e intuitiva atrav\u00e9s de seus blocos, contribuindo para uma rotina mais organizada enquanto serve como um elegante ornamento para mesas, estantes, prateleiras e outros espa\u00e7os abertos.<\/span><\/p>\n<\/div>\n<div class=\"desc\">\n<p class=\"desc-tit\">Altura<span class=\"desc-sub\">\u00a0:\u00a0 8 cm<\/span><\/p>\n<\/div>\n<div class=\"desc\">\n<p class=\"desc-tit\">Largura<span class=\"desc-sub\">\u00a0:\u00a0 cm<\/span><\/p>\n<\/div>\n<div class=\"desc\">\n<p class=\"desc-tit\">Profundidade<span class=\"desc-sub\">\u00a0:\u00a0 7 cm<\/span><\/p>\n<\/div>\n<div class=\"desc\">\n<p class=\"desc-tit\">Comprimento<span class=\"desc-sub\">\u00a0:\u00a0 12,5 cm<\/span><\/p>\n<\/div>\n<div class=\"desc\">\n<p class=\"desc-tit\">Medidas aproximadas para grava\u00e7\u00e3o<span class=\"desc-sub\">\u00a0(CxL):\u00a0 7 cm x 5 cm (laterais)<\/span><\/p>\n<\/div>\n<div class=\"desc\">\n<p class=\"desc-tit\">Peso aproximado<span class=\"desc-sub\">\u00a0(g):\u00a0 305<\/span><\/p>\n<\/div>\n<\/div>\n","protected":false},"excerpt":{"rendered":"<p>15251 Calend\u00e1rio Permanente Madeira personalizado. Descri\u00e7\u00e3o:\u00a0Um calend\u00e1rio permanente em madeira que oferece minimalismo e eleg\u00e2ncia para qualquer ambiente. Dividido em um par de cubos com n\u00fameros<span class=\"excerpt-hellip\"> [\u2026]<\/span><\/p>\n","protected":false},"featured_media":3884,"comment_status":"open","ping_status":"closed","template":"","meta":[],"product_cat":[151,899],"product_tag":[1312,1313,1314],"class_list":["post-5996","product","type-product","status-publish","has-post-thumbnail","hentry","product_cat-agendas-e-planners","product_cat-diversos","product_tag-calendario-permanente-madeira-personalizado","product_tag-calendario-permanente-personalizado","product_tag-calendario-personalizado"],"_links":{"self":[{"href":"https:\/\/vohnabrindes.com.br\/index.php\/wp-json\/wp\/v2\/product\/5996","targetHints":{"allow":["GET"]}}],"collection":[{"href":"https:\/\/vohnabrindes.com.br\/index.php\/wp-json\/wp\/v2\/product"}],"about":[{"href":"https:\/\/vohnabrindes.com.br\/index.php\/wp-json\/wp\/v2\/types\/product"}],"replies":[{"embeddable":true,"href":"https:\/\/vohnabrindes.com.br\/index.php\/wp-json\/wp\/v2\/comments?post=5996"}],"version-history":[{"count":1,"href":"https:\/\/vohnabrindes.com.br\/index.php\/wp-json\/wp\/v2\/product\/5996\/revisions"}],"predecessor-version":[{"id":6023,"href":"https:\/\/vohnabrindes.com.br\/index.php\/wp-json\/wp\/v2\/product\/5996\/revisions\/6023"}],"wp:featuredmedia":[{"embeddable":true,"href":"https:\/\/vohnabrindes.com.br\/index.php\/wp-json\/wp\/v2\/media\/3884"}],"wp:attachment":[{"href":"https:\/\/vohnabrindes.com.br\/index.php\/wp-json\/wp\/v2\/media?parent=5996"}],"wp:term":[{"taxonomy":"product_cat","embeddable":true,"href":"https:\/\/vohnabrindes.com.br\/index.php\/wp-json\/wp\/v2\/product_cat?post=5996"},{"taxonomy":"product_tag","embeddable":true,"href":"https:\/\/vohnabrindes.com.br\/index.php\/wp-json\/wp\/v2\/product_tag?post=5996"}],"curies":[{"name":"wp","href":"https:\/\/api.w.org\/{rel}","templated":true}]}}