{"id":6000,"date":"2025-05-30T21:41:02","date_gmt":"2025-05-31T00:41:02","guid":{"rendered":"https:\/\/vohnabrindes.com.br\/?post_type=product&#038;p=6000"},"modified":"2025-05-30T21:41:04","modified_gmt":"2025-05-31T00:41:04","slug":"necessaire-poliester-personalizada-3","status":"publish","type":"product","link":"https:\/\/vohnabrindes.com.br\/index.php\/product\/necessaire-poliester-personalizada-3\/","title":{"rendered":"N\u00e9cessaire Poli\u00e9ster Personalizada."},"content":{"rendered":"<pre id=\"item_referencia\">08234<\/pre>\n<p class=\"produto-nome\">N\u00e9cessaire Poli\u00e9ster Personalizada.<\/p>\n<div class=\"caracs\">\n<div class=\"desc\">\n<p class=\"desc-tit\"><span class=\"desc-sub my-desc-sub\">Nossa n\u00e9cessaire em poli\u00e9ster PVC \u00e9 ideal para quem valoriza organiza\u00e7\u00e3o e praticidade em um \u00fanico acess\u00f3rio. Resistente \u00e0 \u00e1gua, ela conta com tr\u00eas compartimentos: um espec\u00edfico para itens \u00famidos, como toalhas, outro maior com dois bolsos internos para manter seus pertences bem guardados, e um compartimento com lateral transparente, perfeito para visualizar rapidamente o que est\u00e1 dentro. Al\u00e9m disso, ela conta com tr\u00eas divis\u00f3rias internas, perfeitas para armazenar l\u00e1pis, escova de dentes, cremes e outros itens que desejar. Equipada com duas al\u00e7as, uma de m\u00e3o para f\u00e1cil transporte e outra ideal para pendurar chaveiros, oferece tamb\u00e9m uma etiqueta central para personaliza\u00e7\u00e3o, permitindo adicionar um toque mais exclusivo. Essa n\u00e9cessaire \u00e9 tudo o que o seu cliente precisa para manter tudo organizado, seja onde for.<\/span><\/p>\n<\/div>\n<div class=\"desc\">\n<p class=\"desc-tit\">Altura<span class=\"desc-sub\">\u00a0:\u00a0 14,5 cm<\/span><\/p>\n<\/div>\n<div class=\"desc\">\n<p class=\"desc-tit\">Largura<span class=\"desc-sub\">\u00a0:\u00a0 25 cm<\/span><\/p>\n<\/div>\n<div class=\"desc\">\n<p class=\"desc-tit\">Profundidade<span class=\"desc-sub\">\u00a0:\u00a0 10,9 cm<\/span><\/p>\n<\/div>\n<div class=\"desc\">\n<p class=\"desc-tit\">Medidas aproximadas para grava\u00e7\u00e3o<span class=\"desc-sub\">\u00a0(CxL):\u00a0 1,3 cm x 4,5 cm<\/span><\/p>\n<\/div>\n<div class=\"desc\">\n<p class=\"desc-tit\">Peso aproximado<span class=\"desc-sub\">\u00a0(g):\u00a0 249<\/span><\/p>\n<\/div>\n<\/div>\n","protected":false},"excerpt":{"rendered":"<p>08234 N\u00e9cessaire Poli\u00e9ster Personalizada. Nossa n\u00e9cessaire em poli\u00e9ster PVC \u00e9 ideal para quem valoriza organiza\u00e7\u00e3o e praticidade em um \u00fanico acess\u00f3rio. Resistente \u00e0 \u00e1gua, ela conta<span class=\"excerpt-hellip\"> [\u2026]<\/span><\/p>\n","protected":false},"featured_media":3892,"comment_status":"open","ping_status":"closed","template":"","meta":[],"product_cat":[783],"product_tag":[786,926],"class_list":["post-6000","product","type-product","status-publish","has-post-thumbnail","hentry","product_cat-necessaires","product_tag-necessaire-personalizada","product_tag-necessaire-poliester-personalizada"],"_links":{"self":[{"href":"https:\/\/vohnabrindes.com.br\/index.php\/wp-json\/wp\/v2\/product\/6000","targetHints":{"allow":["GET"]}}],"collection":[{"href":"https:\/\/vohnabrindes.com.br\/index.php\/wp-json\/wp\/v2\/product"}],"about":[{"href":"https:\/\/vohnabrindes.com.br\/index.php\/wp-json\/wp\/v2\/types\/product"}],"replies":[{"embeddable":true,"href":"https:\/\/vohnabrindes.com.br\/index.php\/wp-json\/wp\/v2\/comments?post=6000"}],"version-history":[{"count":1,"href":"https:\/\/vohnabrindes.com.br\/index.php\/wp-json\/wp\/v2\/product\/6000\/revisions"}],"predecessor-version":[{"id":6027,"href":"https:\/\/vohnabrindes.com.br\/index.php\/wp-json\/wp\/v2\/product\/6000\/revisions\/6027"}],"wp:featuredmedia":[{"embeddable":true,"href":"https:\/\/vohnabrindes.com.br\/index.php\/wp-json\/wp\/v2\/media\/3892"}],"wp:attachment":[{"href":"https:\/\/vohnabrindes.com.br\/index.php\/wp-json\/wp\/v2\/media?parent=6000"}],"wp:term":[{"taxonomy":"product_cat","embeddable":true,"href":"https:\/\/vohnabrindes.com.br\/index.php\/wp-json\/wp\/v2\/product_cat?post=6000"},{"taxonomy":"product_tag","embeddable":true,"href":"https:\/\/vohnabrindes.com.br\/index.php\/wp-json\/wp\/v2\/product_tag?post=6000"}],"curies":[{"name":"wp","href":"https:\/\/api.w.org\/{rel}","templated":true}]}}