{"id":6002,"date":"2025-05-30T21:41:02","date_gmt":"2025-05-31T00:41:02","guid":{"rendered":"https:\/\/vohnabrindes.com.br\/?post_type=product&#038;p=6002"},"modified":"2025-05-30T21:41:05","modified_gmt":"2025-05-31T00:41:05","slug":"kit-contendo-bloco-em-bambu-e-caneta-personalizada","status":"publish","type":"product","link":"https:\/\/vohnabrindes.com.br\/index.php\/product\/kit-contendo-bloco-em-bambu-e-caneta-personalizada\/","title":{"rendered":"Kit contendo bloco em bambu e caneta personalizada."},"content":{"rendered":"<div class=\"ref\">93624-GAIMAN.<\/div>\n<div><\/div>\n<div class=\"ref\">Kit contendo bloco em bambu e caneta personalizada.<\/div>\n<div class=\"texto\">Conjunto de caderno A5 e esferogr\u00e1fica em bambu. O caderno de capa e contracapa em placa de bambu e lombada em poli\u00e9ster 100% reciclado (100% rPET). Interior cont\u00e9m 96 folhas pautadas com papel reciclado. Suporte para esferogr\u00e1fica (inclusa) e el\u00e1stico para fecho do caderno. Esferogr\u00e1fica em bambu e escrita em preto. Fornecido em caixa presente de oferta de papel kraft reciclado. A cor e o resultado da impress\u00e3o nos materiais naturais pode variar entre produtos. Caderno: 140 x 210 mm | Esferogr\u00e1fica: \u00f811 x 138 mm | Caixa de oferta: 160 x 255 x 18 mm<\/div>\n","protected":false},"excerpt":{"rendered":"<p>93624-GAIMAN. Kit contendo bloco em bambu e caneta personalizada. Conjunto de caderno A5 e esferogr\u00e1fica em bambu. O caderno de capa e contracapa em placa de<span class=\"excerpt-hellip\"> [\u2026]<\/span><\/p>\n","protected":false},"featured_media":3897,"comment_status":"open","ping_status":"closed","template":"","meta":[],"product_cat":[146,126],"product_tag":[1322,1079],"class_list":["post-6002","product","type-product","status-publish","has-post-thumbnail","hentry","product_cat-blocos-e-cadernetas","product_cat-linha-ecologica","product_tag-kit-contendo-bloco-em-bambu-e-caneta-personalizada","product_tag-kit-executivo-personalizado"],"_links":{"self":[{"href":"https:\/\/vohnabrindes.com.br\/index.php\/wp-json\/wp\/v2\/product\/6002","targetHints":{"allow":["GET"]}}],"collection":[{"href":"https:\/\/vohnabrindes.com.br\/index.php\/wp-json\/wp\/v2\/product"}],"about":[{"href":"https:\/\/vohnabrindes.com.br\/index.php\/wp-json\/wp\/v2\/types\/product"}],"replies":[{"embeddable":true,"href":"https:\/\/vohnabrindes.com.br\/index.php\/wp-json\/wp\/v2\/comments?post=6002"}],"version-history":[{"count":1,"href":"https:\/\/vohnabrindes.com.br\/index.php\/wp-json\/wp\/v2\/product\/6002\/revisions"}],"predecessor-version":[{"id":6029,"href":"https:\/\/vohnabrindes.com.br\/index.php\/wp-json\/wp\/v2\/product\/6002\/revisions\/6029"}],"wp:featuredmedia":[{"embeddable":true,"href":"https:\/\/vohnabrindes.com.br\/index.php\/wp-json\/wp\/v2\/media\/3897"}],"wp:attachment":[{"href":"https:\/\/vohnabrindes.com.br\/index.php\/wp-json\/wp\/v2\/media?parent=6002"}],"wp:term":[{"taxonomy":"product_cat","embeddable":true,"href":"https:\/\/vohnabrindes.com.br\/index.php\/wp-json\/wp\/v2\/product_cat?post=6002"},{"taxonomy":"product_tag","embeddable":true,"href":"https:\/\/vohnabrindes.com.br\/index.php\/wp-json\/wp\/v2\/product_tag?post=6002"}],"curies":[{"name":"wp","href":"https:\/\/api.w.org\/{rel}","templated":true}]}}