{"id":6096,"date":"2025-08-22T16:30:02","date_gmt":"2025-08-22T19:30:02","guid":{"rendered":"https:\/\/vohnabrindes.com.br\/?post_type=product&#038;p=6096"},"modified":"2025-08-22T16:30:03","modified_gmt":"2025-08-22T19:30:03","slug":"kit-mini-ferramentas-personalizado-2","status":"publish","type":"product","link":"https:\/\/vohnabrindes.com.br\/index.php\/product\/kit-mini-ferramentas-personalizado-2\/","title":{"rendered":"Kit mini ferramentas personalizado."},"content":{"rendered":"<div class=\"ref\">94018-CHERT.<\/div>\n<div class=\"ref\">Kit mini ferramentas<\/div>\n<div class=\"texto\">Conjunto de mini chave de parafusos em PS com 4 pontas diferentes remov\u00edveis com op\u00e7\u00e3o de guardar as pe\u00e7as no corpo. 92 x 22 x 13 mm<\/div>\n","protected":false},"excerpt":{"rendered":"<p>94018-CHERT. Kit mini ferramentas Conjunto de mini chave de parafusos em PS com 4 pontas diferentes remov\u00edveis com op\u00e7\u00e3o de guardar as pe\u00e7as no corpo. 92<span class=\"excerpt-hellip\"> [\u2026]<\/span><\/p>\n","protected":false},"featured_media":1459,"comment_status":"open","ping_status":"closed","template":"","meta":[],"product_cat":[493],"product_tag":[499,503],"class_list":["post-6096","product","type-product","status-publish","has-post-thumbnail","hentry","product_cat-ferramentas-e-lanternas","product_tag-kit-ferramenta-personalizado","product_tag-kit-mini-ferramentas-personalizado"],"_links":{"self":[{"href":"https:\/\/vohnabrindes.com.br\/index.php\/wp-json\/wp\/v2\/product\/6096","targetHints":{"allow":["GET"]}}],"collection":[{"href":"https:\/\/vohnabrindes.com.br\/index.php\/wp-json\/wp\/v2\/product"}],"about":[{"href":"https:\/\/vohnabrindes.com.br\/index.php\/wp-json\/wp\/v2\/types\/product"}],"replies":[{"embeddable":true,"href":"https:\/\/vohnabrindes.com.br\/index.php\/wp-json\/wp\/v2\/comments?post=6096"}],"version-history":[{"count":1,"href":"https:\/\/vohnabrindes.com.br\/index.php\/wp-json\/wp\/v2\/product\/6096\/revisions"}],"predecessor-version":[{"id":6106,"href":"https:\/\/vohnabrindes.com.br\/index.php\/wp-json\/wp\/v2\/product\/6096\/revisions\/6106"}],"wp:featuredmedia":[{"embeddable":true,"href":"https:\/\/vohnabrindes.com.br\/index.php\/wp-json\/wp\/v2\/media\/1459"}],"wp:attachment":[{"href":"https:\/\/vohnabrindes.com.br\/index.php\/wp-json\/wp\/v2\/media?parent=6096"}],"wp:term":[{"taxonomy":"product_cat","embeddable":true,"href":"https:\/\/vohnabrindes.com.br\/index.php\/wp-json\/wp\/v2\/product_cat?post=6096"},{"taxonomy":"product_tag","embeddable":true,"href":"https:\/\/vohnabrindes.com.br\/index.php\/wp-json\/wp\/v2\/product_tag?post=6096"}],"curies":[{"name":"wp","href":"https:\/\/api.w.org\/{rel}","templated":true}]}}