{"id":6097,"date":"2025-08-22T16:30:02","date_gmt":"2025-08-22T19:30:02","guid":{"rendered":"https:\/\/vohnabrindes.com.br\/?post_type=product&#038;p=6097"},"modified":"2025-08-22T16:30:03","modified_gmt":"2025-08-22T19:30:03","slug":"kit-de-mini-ferramentas-personalizado-2","status":"publish","type":"product","link":"https:\/\/vohnabrindes.com.br\/index.php\/product\/kit-de-mini-ferramentas-personalizado-2\/","title":{"rendered":"Kit de mini ferramentas personalizado."},"content":{"rendered":"<div class=\"ref\">94020-BASALT.<\/div>\n<div class=\"ref\">Kit de mini ferramentas<\/div>\n<div class=\"texto\">Conjunto de mini chave de parafusos em metal com 3 pontas diferentes remov\u00edveis com op\u00e7\u00e3o de guardar as pe\u00e7as no topo do corpo com tampa. Chaveiro incluso. \u00f813 x 75 mm<\/div>\n","protected":false},"excerpt":{"rendered":"<p>94020-BASALT. Kit de mini ferramentas Conjunto de mini chave de parafusos em metal com 3 pontas diferentes remov\u00edveis com op\u00e7\u00e3o de guardar as pe\u00e7as no topo<span class=\"excerpt-hellip\"> [\u2026]<\/span><\/p>\n","protected":false},"featured_media":1465,"comment_status":"open","ping_status":"closed","template":"","meta":[],"product_cat":[493],"product_tag":[509,499],"class_list":["post-6097","product","type-product","status-publish","has-post-thumbnail","hentry","product_cat-ferramentas-e-lanternas","product_tag-kit-de-mini-ferramentas","product_tag-kit-ferramenta-personalizado"],"_links":{"self":[{"href":"https:\/\/vohnabrindes.com.br\/index.php\/wp-json\/wp\/v2\/product\/6097","targetHints":{"allow":["GET"]}}],"collection":[{"href":"https:\/\/vohnabrindes.com.br\/index.php\/wp-json\/wp\/v2\/product"}],"about":[{"href":"https:\/\/vohnabrindes.com.br\/index.php\/wp-json\/wp\/v2\/types\/product"}],"replies":[{"embeddable":true,"href":"https:\/\/vohnabrindes.com.br\/index.php\/wp-json\/wp\/v2\/comments?post=6097"}],"version-history":[{"count":1,"href":"https:\/\/vohnabrindes.com.br\/index.php\/wp-json\/wp\/v2\/product\/6097\/revisions"}],"predecessor-version":[{"id":6107,"href":"https:\/\/vohnabrindes.com.br\/index.php\/wp-json\/wp\/v2\/product\/6097\/revisions\/6107"}],"wp:featuredmedia":[{"embeddable":true,"href":"https:\/\/vohnabrindes.com.br\/index.php\/wp-json\/wp\/v2\/media\/1465"}],"wp:attachment":[{"href":"https:\/\/vohnabrindes.com.br\/index.php\/wp-json\/wp\/v2\/media?parent=6097"}],"wp:term":[{"taxonomy":"product_cat","embeddable":true,"href":"https:\/\/vohnabrindes.com.br\/index.php\/wp-json\/wp\/v2\/product_cat?post=6097"},{"taxonomy":"product_tag","embeddable":true,"href":"https:\/\/vohnabrindes.com.br\/index.php\/wp-json\/wp\/v2\/product_tag?post=6097"}],"curies":[{"name":"wp","href":"https:\/\/api.w.org\/{rel}","templated":true}]}}