{"id":6100,"date":"2025-08-22T16:30:03","date_gmt":"2025-08-22T19:30:03","guid":{"rendered":"https:\/\/vohnabrindes.com.br\/?post_type=product&#038;p=6100"},"modified":"2025-08-22T16:30:03","modified_gmt":"2025-08-22T19:30:03","slug":"caneta-plastica-personalizada-14","status":"publish","type":"product","link":"https:\/\/vohnabrindes.com.br\/index.php\/product\/caneta-plastica-personalizada-14\/","title":{"rendered":"Caneta Pl\u00e1stica personalizada."},"content":{"rendered":"<h6 id=\"item_referencia\">12415<\/h6>\n<p class=\"produto-nome\"><span class=\"desc-sub my-desc-sub\">Caneta pl\u00e1stica com carga esferogr\u00e1fica azul e acionamento por rota\u00e7\u00e3o.<\/span><\/p>\n<div class=\"caracs\">\n<div class=\"desc\">\n<p class=\"desc-tit\">Medidas aproximadas para grava\u00e7\u00e3o<span class=\"desc-sub\">\u00a0(CxL):\u00a0 4,2 cm x 1 cm<\/span><\/p>\n<\/div>\n<div class=\"desc\">\n<p class=\"desc-tit\">Tamanho total aproximado\u00a0<span class=\"desc-sub\">\u00a0(CxL):\u00a0 13,5 cm x 1,5 cm<\/span><\/p>\n<\/div>\n<div class=\"desc\">\n<p class=\"desc-tit\">Peso aproximado<span class=\"desc-sub\">\u00a0(g):\u00a0 9<\/span><\/p>\n<\/div>\n<\/div>\n","protected":false},"excerpt":{"rendered":"<p>12415 Caneta pl\u00e1stica com carga esferogr\u00e1fica azul e acionamento por rota\u00e7\u00e3o. Medidas aproximadas para grava\u00e7\u00e3o\u00a0(CxL):\u00a0 4,2 cm x 1 cm Tamanho total aproximado\u00a0\u00a0(CxL):\u00a0 13,5 cm x<span class=\"excerpt-hellip\"> [\u2026]<\/span><\/p>\n","protected":false},"featured_media":1491,"comment_status":"open","ping_status":"closed","template":"","meta":[],"product_cat":[220],"product_tag":[518,519],"class_list":["post-6100","product","type-product","status-publish","has-post-thumbnail","hentry","product_cat-canetas-plasticas","product_tag-caneta-com-logomarca","product_tag-caneta-plastica-personalizada"],"_links":{"self":[{"href":"https:\/\/vohnabrindes.com.br\/index.php\/wp-json\/wp\/v2\/product\/6100","targetHints":{"allow":["GET"]}}],"collection":[{"href":"https:\/\/vohnabrindes.com.br\/index.php\/wp-json\/wp\/v2\/product"}],"about":[{"href":"https:\/\/vohnabrindes.com.br\/index.php\/wp-json\/wp\/v2\/types\/product"}],"replies":[{"embeddable":true,"href":"https:\/\/vohnabrindes.com.br\/index.php\/wp-json\/wp\/v2\/comments?post=6100"}],"version-history":[{"count":1,"href":"https:\/\/vohnabrindes.com.br\/index.php\/wp-json\/wp\/v2\/product\/6100\/revisions"}],"predecessor-version":[{"id":6110,"href":"https:\/\/vohnabrindes.com.br\/index.php\/wp-json\/wp\/v2\/product\/6100\/revisions\/6110"}],"wp:featuredmedia":[{"embeddable":true,"href":"https:\/\/vohnabrindes.com.br\/index.php\/wp-json\/wp\/v2\/media\/1491"}],"wp:attachment":[{"href":"https:\/\/vohnabrindes.com.br\/index.php\/wp-json\/wp\/v2\/media?parent=6100"}],"wp:term":[{"taxonomy":"product_cat","embeddable":true,"href":"https:\/\/vohnabrindes.com.br\/index.php\/wp-json\/wp\/v2\/product_cat?post=6100"},{"taxonomy":"product_tag","embeddable":true,"href":"https:\/\/vohnabrindes.com.br\/index.php\/wp-json\/wp\/v2\/product_tag?post=6100"}],"curies":[{"name":"wp","href":"https:\/\/api.w.org\/{rel}","templated":true}]}}