{"id":6101,"date":"2025-08-22T16:30:03","date_gmt":"2025-08-22T19:30:03","guid":{"rendered":"https:\/\/vohnabrindes.com.br\/?post_type=product&#038;p=6101"},"modified":"2025-08-22T16:30:03","modified_gmt":"2025-08-22T19:30:03","slug":"caneta-plastica-marca-texto-personalizada-4","status":"publish","type":"product","link":"https:\/\/vohnabrindes.com.br\/index.php\/product\/caneta-plastica-marca-texto-personalizada-4\/","title":{"rendered":"Caneta Pl\u00e1stica Marca Texto personalizada."},"content":{"rendered":"<pre id=\"item_referencia\">M3000<\/pre>\n<p class=\"produto-nome\"><span class=\"desc-sub my-desc-sub\">Caneta pl\u00e1stica com marca texto amarelo e carga esferogr\u00e1fica azul, ambas com tampas protetoras.<\/span><\/p>\n<div class=\"caracs\">\n<div class=\"desc\">\n<p class=\"desc-tit\">Medidas aproximadas para grava\u00e7\u00e3o<span class=\"desc-sub\">\u00a0(CxL):\u00a0 4,2 cm x 0,7 cm<\/span><\/p>\n<\/div>\n<div class=\"desc\">\n<p class=\"desc-tit\">Tamanho total aproximado\u00a0<span class=\"desc-sub\">\u00a0(CxL):\u00a0 14,2 cm x 1,8 cm<\/span><\/p>\n<\/div>\n<div class=\"desc\">\n<p class=\"desc-tit\">Peso aproximado<span class=\"desc-sub\">\u00a0(g):\u00a0 11<\/span><\/p>\n<\/div>\n<\/div>\n","protected":false},"excerpt":{"rendered":"<p>M3000 Caneta pl\u00e1stica com marca texto amarelo e carga esferogr\u00e1fica azul, ambas com tampas protetoras. Medidas aproximadas para grava\u00e7\u00e3o\u00a0(CxL):\u00a0 4,2 cm x 0,7 cm Tamanho total<span class=\"excerpt-hellip\"> [\u2026]<\/span><\/p>\n","protected":false},"featured_media":1497,"comment_status":"open","ping_status":"closed","template":"","meta":[],"product_cat":[636,220],"product_tag":[524],"class_list":["post-6101","product","type-product","status-publish","has-post-thumbnail","hentry","product_cat-caneta-marca-texto","product_cat-canetas-plasticas","product_tag-caneta-plastica-marca-texto-personalizada"],"_links":{"self":[{"href":"https:\/\/vohnabrindes.com.br\/index.php\/wp-json\/wp\/v2\/product\/6101","targetHints":{"allow":["GET"]}}],"collection":[{"href":"https:\/\/vohnabrindes.com.br\/index.php\/wp-json\/wp\/v2\/product"}],"about":[{"href":"https:\/\/vohnabrindes.com.br\/index.php\/wp-json\/wp\/v2\/types\/product"}],"replies":[{"embeddable":true,"href":"https:\/\/vohnabrindes.com.br\/index.php\/wp-json\/wp\/v2\/comments?post=6101"}],"version-history":[{"count":1,"href":"https:\/\/vohnabrindes.com.br\/index.php\/wp-json\/wp\/v2\/product\/6101\/revisions"}],"predecessor-version":[{"id":6111,"href":"https:\/\/vohnabrindes.com.br\/index.php\/wp-json\/wp\/v2\/product\/6101\/revisions\/6111"}],"wp:featuredmedia":[{"embeddable":true,"href":"https:\/\/vohnabrindes.com.br\/index.php\/wp-json\/wp\/v2\/media\/1497"}],"wp:attachment":[{"href":"https:\/\/vohnabrindes.com.br\/index.php\/wp-json\/wp\/v2\/media?parent=6101"}],"wp:term":[{"taxonomy":"product_cat","embeddable":true,"href":"https:\/\/vohnabrindes.com.br\/index.php\/wp-json\/wp\/v2\/product_cat?post=6101"},{"taxonomy":"product_tag","embeddable":true,"href":"https:\/\/vohnabrindes.com.br\/index.php\/wp-json\/wp\/v2\/product_tag?post=6101"}],"curies":[{"name":"wp","href":"https:\/\/api.w.org\/{rel}","templated":true}]}}