{"id":6102,"date":"2025-08-22T16:30:03","date_gmt":"2025-08-22T19:30:03","guid":{"rendered":"https:\/\/vohnabrindes.com.br\/?post_type=product&#038;p=6102"},"modified":"2025-08-22T16:30:03","modified_gmt":"2025-08-22T19:30:03","slug":"carregador-wireless-personalizado-ecologicamente-correto-2","status":"publish","type":"product","link":"https:\/\/vohnabrindes.com.br\/index.php\/product\/carregador-wireless-personalizado-ecologicamente-correto-2\/","title":{"rendered":"Carregador wireless personalizado ecologicamente correto."},"content":{"rendered":"<div class=\"ref\">97093-RENEWAL CHARGER.<\/div>\n<div class=\"ref\">Carregador wireless<\/div>\n<div class=\"texto\">Bateria port\u00e1til 100% rPET. A pot\u00eancia de carregamento \u00e9 de 10W, com entradas 5V\/1.6A e 9V\/1.5A.<\/div>\n<div class=\"texto\">Incluso cabo de 1 m. Fornecido em caixa presente de papel kraft. 100 x 62 x 10 mm<\/div>\n","protected":false},"excerpt":{"rendered":"<p>97093-RENEWAL CHARGER. Carregador wireless Bateria port\u00e1til 100% rPET. A pot\u00eancia de carregamento \u00e9 de 10W, com entradas 5V\/1.6A e 9V\/1.5A. Incluso cabo de 1 m. Fornecido<span class=\"excerpt-hellip\"> [\u2026]<\/span><\/p>\n","protected":false},"featured_media":1513,"comment_status":"open","ping_status":"closed","template":"","meta":[],"product_cat":[125,126],"product_tag":[128,526],"class_list":["post-6102","product","type-product","status-publish","has-post-thumbnail","hentry","product_cat-carregadores-powerbank","product_cat-linha-ecologica","product_tag-carregador-power-bank-personalizado","product_tag-carregador-wireless-personalizado-ecologicamente-correto"],"_links":{"self":[{"href":"https:\/\/vohnabrindes.com.br\/index.php\/wp-json\/wp\/v2\/product\/6102","targetHints":{"allow":["GET"]}}],"collection":[{"href":"https:\/\/vohnabrindes.com.br\/index.php\/wp-json\/wp\/v2\/product"}],"about":[{"href":"https:\/\/vohnabrindes.com.br\/index.php\/wp-json\/wp\/v2\/types\/product"}],"replies":[{"embeddable":true,"href":"https:\/\/vohnabrindes.com.br\/index.php\/wp-json\/wp\/v2\/comments?post=6102"}],"version-history":[{"count":1,"href":"https:\/\/vohnabrindes.com.br\/index.php\/wp-json\/wp\/v2\/product\/6102\/revisions"}],"predecessor-version":[{"id":6112,"href":"https:\/\/vohnabrindes.com.br\/index.php\/wp-json\/wp\/v2\/product\/6102\/revisions\/6112"}],"wp:featuredmedia":[{"embeddable":true,"href":"https:\/\/vohnabrindes.com.br\/index.php\/wp-json\/wp\/v2\/media\/1513"}],"wp:attachment":[{"href":"https:\/\/vohnabrindes.com.br\/index.php\/wp-json\/wp\/v2\/media?parent=6102"}],"wp:term":[{"taxonomy":"product_cat","embeddable":true,"href":"https:\/\/vohnabrindes.com.br\/index.php\/wp-json\/wp\/v2\/product_cat?post=6102"},{"taxonomy":"product_tag","embeddable":true,"href":"https:\/\/vohnabrindes.com.br\/index.php\/wp-json\/wp\/v2\/product_tag?post=6102"}],"curies":[{"name":"wp","href":"https:\/\/api.w.org\/{rel}","templated":true}]}}