{"id":6103,"date":"2025-08-22T16:30:03","date_gmt":"2025-08-22T19:30:03","guid":{"rendered":"https:\/\/vohnabrindes.com.br\/?post_type=product&#038;p=6103"},"modified":"2025-08-22T16:30:04","modified_gmt":"2025-08-22T19:30:04","slug":"bateria-portatil-personalizada-2","status":"publish","type":"product","link":"https:\/\/vohnabrindes.com.br\/index.php\/product\/bateria-portatil-personalizada-2\/","title":{"rendered":"Bateria port\u00e1til personalizada."},"content":{"rendered":"<div class=\"ref\">97376-LEO 1.8.<\/div>\n<div><\/div>\n<div class=\"texto\">Bateria port\u00e1til em alum\u00ednio. Bateria de l\u00edtio com capacidade de 1.800 mAh, tempo de vida \u2265 500 ciclos e com entrada\/sa\u00edda 5V\/1A. Incluso cabo USB \/ micro USB para carregar a bateria. 95 x 23 x 22 mm<\/div>\n","protected":false},"excerpt":{"rendered":"<p>97376-LEO 1.8. Bateria port\u00e1til em alum\u00ednio. Bateria de l\u00edtio com capacidade de 1.800 mAh, tempo de vida \u2265 500 ciclos e com entrada\/sa\u00edda 5V\/1A. Incluso cabo<span class=\"excerpt-hellip\"> [\u2026]<\/span><\/p>\n","protected":false},"featured_media":1519,"comment_status":"open","ping_status":"closed","template":"","meta":[],"product_cat":[125],"product_tag":[529],"class_list":["post-6103","product","type-product","status-publish","has-post-thumbnail","hentry","product_cat-carregadores-powerbank","product_tag-bateria-portatil-personalizada"],"_links":{"self":[{"href":"https:\/\/vohnabrindes.com.br\/index.php\/wp-json\/wp\/v2\/product\/6103","targetHints":{"allow":["GET"]}}],"collection":[{"href":"https:\/\/vohnabrindes.com.br\/index.php\/wp-json\/wp\/v2\/product"}],"about":[{"href":"https:\/\/vohnabrindes.com.br\/index.php\/wp-json\/wp\/v2\/types\/product"}],"replies":[{"embeddable":true,"href":"https:\/\/vohnabrindes.com.br\/index.php\/wp-json\/wp\/v2\/comments?post=6103"}],"version-history":[{"count":1,"href":"https:\/\/vohnabrindes.com.br\/index.php\/wp-json\/wp\/v2\/product\/6103\/revisions"}],"predecessor-version":[{"id":6113,"href":"https:\/\/vohnabrindes.com.br\/index.php\/wp-json\/wp\/v2\/product\/6103\/revisions\/6113"}],"wp:featuredmedia":[{"embeddable":true,"href":"https:\/\/vohnabrindes.com.br\/index.php\/wp-json\/wp\/v2\/media\/1519"}],"wp:attachment":[{"href":"https:\/\/vohnabrindes.com.br\/index.php\/wp-json\/wp\/v2\/media?parent=6103"}],"wp:term":[{"taxonomy":"product_cat","embeddable":true,"href":"https:\/\/vohnabrindes.com.br\/index.php\/wp-json\/wp\/v2\/product_cat?post=6103"},{"taxonomy":"product_tag","embeddable":true,"href":"https:\/\/vohnabrindes.com.br\/index.php\/wp-json\/wp\/v2\/product_tag?post=6103"}],"curies":[{"name":"wp","href":"https:\/\/api.w.org\/{rel}","templated":true}]}}