{"id":6115,"date":"2025-08-22T16:30:04","date_gmt":"2025-08-22T19:30:04","guid":{"rendered":"https:\/\/vohnabrindes.com.br\/?post_type=product&#038;p=6115"},"modified":"2025-08-22T16:30:05","modified_gmt":"2025-08-22T19:30:05","slug":"caneta-esferografica-metal-personalizada-3","status":"publish","type":"product","link":"https:\/\/vohnabrindes.com.br\/index.php\/product\/caneta-esferografica-metal-personalizada-3\/","title":{"rendered":"Caneta Esferogr\u00e1fica metal personalizada."},"content":{"rendered":"<div class=\"ref\">81156-CLARE.<\/div>\n<div class=\"ref\">Caneta Esferogr\u00e1fica metal personalizada.<\/div>\n<div class=\"texto\">Esferogr\u00e1fica em alum\u00ednio com mecanismo twist e clipe.<\/div>\n<div class=\"texto\">Dispon\u00edvel em elegantes cores. At\u00e9 2 km de escrita.<\/div>\n<div class=\"texto\">\u00f810 x 140 mm<\/div>\n","protected":false},"excerpt":{"rendered":"<p>81156-CLARE. Caneta Esferogr\u00e1fica metal personalizada. Esferogr\u00e1fica em alum\u00ednio com mecanismo twist e clipe. Dispon\u00edvel em elegantes cores. At\u00e9 2 km de escrita. \u00f810 x 140 mm<\/p>\n","protected":false},"featured_media":1537,"comment_status":"open","ping_status":"closed","template":"","meta":[],"product_cat":[530],"product_tag":[539,532],"class_list":["post-6115","product","type-product","status-publish","has-post-thumbnail","hentry","product_cat-canetas-de-metal","product_tag-caneta-esferografica-metal-personalizada","product_tag-caneta-metal-personalizada"],"_links":{"self":[{"href":"https:\/\/vohnabrindes.com.br\/index.php\/wp-json\/wp\/v2\/product\/6115","targetHints":{"allow":["GET"]}}],"collection":[{"href":"https:\/\/vohnabrindes.com.br\/index.php\/wp-json\/wp\/v2\/product"}],"about":[{"href":"https:\/\/vohnabrindes.com.br\/index.php\/wp-json\/wp\/v2\/types\/product"}],"replies":[{"embeddable":true,"href":"https:\/\/vohnabrindes.com.br\/index.php\/wp-json\/wp\/v2\/comments?post=6115"}],"version-history":[{"count":1,"href":"https:\/\/vohnabrindes.com.br\/index.php\/wp-json\/wp\/v2\/product\/6115\/revisions"}],"predecessor-version":[{"id":6125,"href":"https:\/\/vohnabrindes.com.br\/index.php\/wp-json\/wp\/v2\/product\/6115\/revisions\/6125"}],"wp:featuredmedia":[{"embeddable":true,"href":"https:\/\/vohnabrindes.com.br\/index.php\/wp-json\/wp\/v2\/media\/1537"}],"wp:attachment":[{"href":"https:\/\/vohnabrindes.com.br\/index.php\/wp-json\/wp\/v2\/media?parent=6115"}],"wp:term":[{"taxonomy":"product_cat","embeddable":true,"href":"https:\/\/vohnabrindes.com.br\/index.php\/wp-json\/wp\/v2\/product_cat?post=6115"},{"taxonomy":"product_tag","embeddable":true,"href":"https:\/\/vohnabrindes.com.br\/index.php\/wp-json\/wp\/v2\/product_tag?post=6115"}],"curies":[{"name":"wp","href":"https:\/\/api.w.org\/{rel}","templated":true}]}}