{"id":6120,"date":"2025-08-22T16:30:04","date_gmt":"2025-08-22T19:30:04","guid":{"rendered":"https:\/\/vohnabrindes.com.br\/?post_type=product&#038;p=6120"},"modified":"2025-08-22T16:30:06","modified_gmt":"2025-08-22T19:30:06","slug":"chaveiro-abridor-multifuncoes-personalizado-2","status":"publish","type":"product","link":"https:\/\/vohnabrindes.com.br\/index.php\/product\/chaveiro-abridor-multifuncoes-personalizado-2\/","title":{"rendered":"Chaveiro Abridor Multifun\u00e7\u00f5es personalizado."},"content":{"rendered":"<pre id=\"item_referencia\">06023<\/pre>\n<p class=\"produto-nome\">Chaveiro Abridor Multifun\u00e7\u00f5es<\/p>\n<div class=\"caracs\">\n<div class=\"desc\">\n<p class=\"desc-tit\">\u00a0<span class=\"desc-sub my-desc-sub\">Chaveiro multifun\u00e7\u00f5es em madeira com abridor de garrafas, saca-rolhas e l\u00e2mina de corte.<\/span><\/p>\n<\/div>\n<div class=\"desc\">\n<p class=\"desc-tit\">Altura<span class=\"desc-sub\">\u00a0:\u00a0 8,4 cm<\/span><\/p>\n<\/div>\n<div class=\"desc\">\n<p class=\"desc-tit\">Largura<span class=\"desc-sub\">\u00a0:\u00a0 3,5 cm<\/span><\/p>\n<\/div>\n<div class=\"desc\">\n<p class=\"desc-tit\">Espessura<span class=\"desc-sub\">\u00a0:\u00a0 0,8 cm<\/span><\/p>\n<\/div>\n<div class=\"desc\">\n<p class=\"desc-tit\">Comprimento<span class=\"desc-sub\">\u00a0:\u00a0 com argola: 11,2 cm<\/span><\/p>\n<\/div>\n<div class=\"desc\">\n<p class=\"desc-tit\">Medidas aproximadas para grava\u00e7\u00e3o<span class=\"desc-sub\">\u00a0(CxL):\u00a0 1 cm x 5 cm<\/span><\/p>\n<\/div>\n<div class=\"desc\">\n<p class=\"desc-tit\">Peso aproximado<span class=\"desc-sub\">\u00a0(g):\u00a0 22<\/span><\/p>\n<\/div>\n<\/div>\n","protected":false},"excerpt":{"rendered":"<p>06023 Chaveiro Abridor Multifun\u00e7\u00f5es \u00a0Chaveiro multifun\u00e7\u00f5es em madeira com abridor de garrafas, saca-rolhas e l\u00e2mina de corte. Altura\u00a0:\u00a0 8,4 cm Largura\u00a0:\u00a0 3,5 cm Espessura\u00a0:\u00a0 0,8 cm<span class=\"excerpt-hellip\"> [\u2026]<\/span><\/p>\n","protected":false},"featured_media":1588,"comment_status":"open","ping_status":"closed","template":"","meta":[],"product_cat":[274,561,448,275],"product_tag":[562,563,564,565],"class_list":["post-6120","product","type-product","status-publish","has-post-thumbnail","hentry","product_cat-kit-churrasco","product_cat-kit-queijo-e-pizza","product_cat-kit-vinho-bar-e-comemoracao","product_cat-linha-gourmet","product_tag-canivete-personalizado","product_tag-chaveiro-abridor-multifuncoes","product_tag-chaveiro-abridor-multifuncoes-personalizado","product_tag-saca-rolha-personalizado"],"_links":{"self":[{"href":"https:\/\/vohnabrindes.com.br\/index.php\/wp-json\/wp\/v2\/product\/6120","targetHints":{"allow":["GET"]}}],"collection":[{"href":"https:\/\/vohnabrindes.com.br\/index.php\/wp-json\/wp\/v2\/product"}],"about":[{"href":"https:\/\/vohnabrindes.com.br\/index.php\/wp-json\/wp\/v2\/types\/product"}],"replies":[{"embeddable":true,"href":"https:\/\/vohnabrindes.com.br\/index.php\/wp-json\/wp\/v2\/comments?post=6120"}],"version-history":[{"count":1,"href":"https:\/\/vohnabrindes.com.br\/index.php\/wp-json\/wp\/v2\/product\/6120\/revisions"}],"predecessor-version":[{"id":6130,"href":"https:\/\/vohnabrindes.com.br\/index.php\/wp-json\/wp\/v2\/product\/6120\/revisions\/6130"}],"wp:featuredmedia":[{"embeddable":true,"href":"https:\/\/vohnabrindes.com.br\/index.php\/wp-json\/wp\/v2\/media\/1588"}],"wp:attachment":[{"href":"https:\/\/vohnabrindes.com.br\/index.php\/wp-json\/wp\/v2\/media?parent=6120"}],"wp:term":[{"taxonomy":"product_cat","embeddable":true,"href":"https:\/\/vohnabrindes.com.br\/index.php\/wp-json\/wp\/v2\/product_cat?post=6120"},{"taxonomy":"product_tag","embeddable":true,"href":"https:\/\/vohnabrindes.com.br\/index.php\/wp-json\/wp\/v2\/product_tag?post=6120"}],"curies":[{"name":"wp","href":"https:\/\/api.w.org\/{rel}","templated":true}]}}