{"id":6121,"date":"2025-08-22T16:30:05","date_gmt":"2025-08-22T19:30:05","guid":{"rendered":"https:\/\/vohnabrindes.com.br\/?post_type=product&#038;p=6121"},"modified":"2025-08-22T16:30:06","modified_gmt":"2025-08-22T19:30:06","slug":"kit-churrasco-3-pecas-personalizado-4","status":"publish","type":"product","link":"https:\/\/vohnabrindes.com.br\/index.php\/product\/kit-churrasco-3-pecas-personalizado-4\/","title":{"rendered":"Kit churrasco 3 pe\u00e7as personalizado."},"content":{"rendered":"<h6 class=\"fc-azul ff-opensans no-margin\">Conjunto Para Churrasco Em Bambu\u00a0 com Inox &#8211; 3 P\u00e7s<\/h6>\n<h6 class=\"fc-cinza4 ff-nunito fw-semibold texto-upper no-margin\">MB-21093<\/h6>\n<h6>Conjunto para Cozinha em Bambu\/A\u00e7o Inox; Acompanha t\u00e1bua em Bambu com tr\u00eas furos; Garfo e faca 8&#8221; em Bambu\/Inox. T\u00e1bua confeccionada com tripla camada invertida, para dar maior durabilidade e n\u00e3o deformar com o passar do tempo. Rebites em A\u00e7o Inox 304, um dos mais resistentes \u00e0 ferrugem e corros\u00e3o.Como cortesia, na faca 8&#8243; fazemos uma grava\u00e7\u00e3o com os cortes do boi.<\/h6>\n<p>&nbsp;<\/p>\n","protected":false},"excerpt":{"rendered":"<p>Conjunto Para Churrasco Em Bambu\u00a0 com Inox &#8211; 3 P\u00e7s MB-21093 Conjunto para Cozinha em Bambu\/A\u00e7o Inox; Acompanha t\u00e1bua em Bambu com tr\u00eas furos; Garfo e<span class=\"excerpt-hellip\"> [\u2026]<\/span><\/p>\n","protected":false},"featured_media":1594,"comment_status":"open","ping_status":"closed","template":"","meta":[],"product_cat":[274,275],"product_tag":[568,566],"class_list":["post-6121","product","type-product","status-publish","has-post-thumbnail","hentry","product_cat-kit-churrasco","product_cat-linha-gourmet","product_tag-kit-churrasco-3-pecas-personalizado","product_tag-kit-churrasco-premium"],"_links":{"self":[{"href":"https:\/\/vohnabrindes.com.br\/index.php\/wp-json\/wp\/v2\/product\/6121","targetHints":{"allow":["GET"]}}],"collection":[{"href":"https:\/\/vohnabrindes.com.br\/index.php\/wp-json\/wp\/v2\/product"}],"about":[{"href":"https:\/\/vohnabrindes.com.br\/index.php\/wp-json\/wp\/v2\/types\/product"}],"replies":[{"embeddable":true,"href":"https:\/\/vohnabrindes.com.br\/index.php\/wp-json\/wp\/v2\/comments?post=6121"}],"version-history":[{"count":1,"href":"https:\/\/vohnabrindes.com.br\/index.php\/wp-json\/wp\/v2\/product\/6121\/revisions"}],"predecessor-version":[{"id":6131,"href":"https:\/\/vohnabrindes.com.br\/index.php\/wp-json\/wp\/v2\/product\/6121\/revisions\/6131"}],"wp:featuredmedia":[{"embeddable":true,"href":"https:\/\/vohnabrindes.com.br\/index.php\/wp-json\/wp\/v2\/media\/1594"}],"wp:attachment":[{"href":"https:\/\/vohnabrindes.com.br\/index.php\/wp-json\/wp\/v2\/media?parent=6121"}],"wp:term":[{"taxonomy":"product_cat","embeddable":true,"href":"https:\/\/vohnabrindes.com.br\/index.php\/wp-json\/wp\/v2\/product_cat?post=6121"},{"taxonomy":"product_tag","embeddable":true,"href":"https:\/\/vohnabrindes.com.br\/index.php\/wp-json\/wp\/v2\/product_tag?post=6121"}],"curies":[{"name":"wp","href":"https:\/\/api.w.org\/{rel}","templated":true}]}}