{"id":6122,"date":"2025-08-22T16:30:05","date_gmt":"2025-08-22T19:30:05","guid":{"rendered":"https:\/\/vohnabrindes.com.br\/?post_type=product&#038;p=6122"},"modified":"2025-08-22T16:30:06","modified_gmt":"2025-08-22T19:30:06","slug":"kit-churrasco-2-pecas-personalizado-6","status":"publish","type":"product","link":"https:\/\/vohnabrindes.com.br\/index.php\/product\/kit-churrasco-2-pecas-personalizado-6\/","title":{"rendered":"Kit Churrasco 2 Pe\u00e7as personalizado."},"content":{"rendered":"<pre id=\"item_referencia\">07447<\/pre>\n<p class=\"produto-nome\">Kit Churrasco 2 Pe\u00e7as<\/p>\n<div class=\"caracs\">\n<div class=\"desc\">\n<p class=\"desc-tit\"><span class=\"desc-sub my-desc-sub\">Kit churrasco 2 pe\u00e7as com estojo, cont\u00e9m faca e garfo. <\/span><\/p>\n<p class=\"desc-tit\"><span class=\"desc-sub my-desc-sub\">Estojo com al\u00e7a para transporte e \u00e1rea interna com el\u00e1stico de fixa\u00e7\u00e3o para os utens\u00edlios.<\/span><\/p>\n<\/div>\n<\/div>\n","protected":false},"excerpt":{"rendered":"<p>07447 Kit Churrasco 2 Pe\u00e7as Kit churrasco 2 pe\u00e7as com estojo, cont\u00e9m faca e garfo. Estojo com al\u00e7a para transporte e \u00e1rea interna com el\u00e1stico de<span class=\"excerpt-hellip\"> [\u2026]<\/span><\/p>\n","protected":false},"featured_media":1600,"comment_status":"open","ping_status":"closed","template":"","meta":[],"product_cat":[274],"product_tag":[264,570],"class_list":["post-6122","product","type-product","status-publish","has-post-thumbnail","hentry","product_cat-kit-churrasco","product_tag-kit-churrasco","product_tag-kit-churrasco-2-pecas-personalizado"],"_links":{"self":[{"href":"https:\/\/vohnabrindes.com.br\/index.php\/wp-json\/wp\/v2\/product\/6122","targetHints":{"allow":["GET"]}}],"collection":[{"href":"https:\/\/vohnabrindes.com.br\/index.php\/wp-json\/wp\/v2\/product"}],"about":[{"href":"https:\/\/vohnabrindes.com.br\/index.php\/wp-json\/wp\/v2\/types\/product"}],"replies":[{"embeddable":true,"href":"https:\/\/vohnabrindes.com.br\/index.php\/wp-json\/wp\/v2\/comments?post=6122"}],"version-history":[{"count":1,"href":"https:\/\/vohnabrindes.com.br\/index.php\/wp-json\/wp\/v2\/product\/6122\/revisions"}],"predecessor-version":[{"id":6132,"href":"https:\/\/vohnabrindes.com.br\/index.php\/wp-json\/wp\/v2\/product\/6122\/revisions\/6132"}],"wp:featuredmedia":[{"embeddable":true,"href":"https:\/\/vohnabrindes.com.br\/index.php\/wp-json\/wp\/v2\/media\/1600"}],"wp:attachment":[{"href":"https:\/\/vohnabrindes.com.br\/index.php\/wp-json\/wp\/v2\/media?parent=6122"}],"wp:term":[{"taxonomy":"product_cat","embeddable":true,"href":"https:\/\/vohnabrindes.com.br\/index.php\/wp-json\/wp\/v2\/product_cat?post=6122"},{"taxonomy":"product_tag","embeddable":true,"href":"https:\/\/vohnabrindes.com.br\/index.php\/wp-json\/wp\/v2\/product_tag?post=6122"}],"curies":[{"name":"wp","href":"https:\/\/api.w.org\/{rel}","templated":true}]}}