{"id":6123,"date":"2025-08-22T16:30:05","date_gmt":"2025-08-22T19:30:05","guid":{"rendered":"https:\/\/vohnabrindes.com.br\/?post_type=product&#038;p=6123"},"modified":"2025-08-22T16:30:06","modified_gmt":"2025-08-22T19:30:06","slug":"kit-churrasco-2-pecas-personalizado-7","status":"publish","type":"product","link":"https:\/\/vohnabrindes.com.br\/index.php\/product\/kit-churrasco-2-pecas-personalizado-7\/","title":{"rendered":"Kit churrasco 2 pe\u00e7as personalizado."},"content":{"rendered":"<div class=\"ref\">94138-CUBAT.<\/div>\n<div class=\"ref\">Kit churrasco 2 pe\u00e7as personalizado.<\/div>\n<div class=\"texto\">Kit churrasco em estojo de 210D.<\/div>\n<div class=\"texto\">Composto por 2 utens\u00edlios em a\u00e7o inox e madeira Seringueira: faca chefe e garfo.<\/div>\n<div class=\"texto\">Pr\u00f3prio para contato com alimento. Estojo: 350 x 130 x 20 mm<\/div>\n","protected":false},"excerpt":{"rendered":"<p>94138-CUBAT. Kit churrasco 2 pe\u00e7as personalizado. Kit churrasco em estojo de 210D. Composto por 2 utens\u00edlios em a\u00e7o inox e madeira Seringueira: faca chefe e garfo.<span class=\"excerpt-hellip\"> [\u2026]<\/span><\/p>\n","protected":false},"featured_media":1618,"comment_status":"open","ping_status":"closed","template":"","meta":[],"product_cat":[274],"product_tag":[264,570,267],"class_list":["post-6123","product","type-product","status-publish","has-post-thumbnail","hentry","product_cat-kit-churrasco","product_tag-kit-churrasco","product_tag-kit-churrasco-2-pecas-personalizado","product_tag-kit-churrasco-personalizado"],"_links":{"self":[{"href":"https:\/\/vohnabrindes.com.br\/index.php\/wp-json\/wp\/v2\/product\/6123","targetHints":{"allow":["GET"]}}],"collection":[{"href":"https:\/\/vohnabrindes.com.br\/index.php\/wp-json\/wp\/v2\/product"}],"about":[{"href":"https:\/\/vohnabrindes.com.br\/index.php\/wp-json\/wp\/v2\/types\/product"}],"replies":[{"embeddable":true,"href":"https:\/\/vohnabrindes.com.br\/index.php\/wp-json\/wp\/v2\/comments?post=6123"}],"version-history":[{"count":1,"href":"https:\/\/vohnabrindes.com.br\/index.php\/wp-json\/wp\/v2\/product\/6123\/revisions"}],"predecessor-version":[{"id":6133,"href":"https:\/\/vohnabrindes.com.br\/index.php\/wp-json\/wp\/v2\/product\/6123\/revisions\/6133"}],"wp:featuredmedia":[{"embeddable":true,"href":"https:\/\/vohnabrindes.com.br\/index.php\/wp-json\/wp\/v2\/media\/1618"}],"wp:attachment":[{"href":"https:\/\/vohnabrindes.com.br\/index.php\/wp-json\/wp\/v2\/media?parent=6123"}],"wp:term":[{"taxonomy":"product_cat","embeddable":true,"href":"https:\/\/vohnabrindes.com.br\/index.php\/wp-json\/wp\/v2\/product_cat?post=6123"},{"taxonomy":"product_tag","embeddable":true,"href":"https:\/\/vohnabrindes.com.br\/index.php\/wp-json\/wp\/v2\/product_tag?post=6123"}],"curies":[{"name":"wp","href":"https:\/\/api.w.org\/{rel}","templated":true}]}}