{"id":6124,"date":"2025-08-22T16:30:05","date_gmt":"2025-08-22T19:30:05","guid":{"rendered":"https:\/\/vohnabrindes.com.br\/?post_type=product&#038;p=6124"},"modified":"2025-08-22T16:30:06","modified_gmt":"2025-08-22T19:30:06","slug":"kit-churrasco-premium-5-pecas-personalizado-2","status":"publish","type":"product","link":"https:\/\/vohnabrindes.com.br\/index.php\/product\/kit-churrasco-premium-5-pecas-personalizado-2\/","title":{"rendered":"Kit churrasco premium 5 pe\u00e7as personalizado."},"content":{"rendered":"<h6 class=\"fc-azul ff-opensans no-margin\">Kit Para Churrasco Em Bambu Com Garfo 4 Dentes &#8211; 5 P\u00e7s<\/h6>\n<h6 class=\"fc-azul ff-opensans no-margin\">Kit para Churrasco; Conta com t\u00e1bua em Bambu; Faca 8&#8221;, garfo 4 dentes e garfo trinchante em Bambu\/Inox; Avental em Brim. T\u00e1bua confeccionada com tripla camada invertida, para dar maior durabilidade e n\u00e3o deformar com o passar do tempo. Rebites em A\u00e7o Inox 304, um dos mais resistentes \u00e0 ferrugem e corros\u00e3o.<\/h6>\n<h6 class=\"fc-cinza4 ff-nunito fw-semibold texto-upper no-margin\">ME-04953<\/h6>\n","protected":false},"excerpt":{"rendered":"<p>Kit Para Churrasco Em Bambu Com Garfo 4 Dentes &#8211; 5 P\u00e7s Kit para Churrasco; Conta com t\u00e1bua em Bambu; Faca 8&#8221;, garfo 4 dentes e<span class=\"excerpt-hellip\"> [\u2026]<\/span><\/p>\n","protected":false},"featured_media":1622,"comment_status":"open","ping_status":"closed","template":"","meta":[],"product_cat":[274],"product_tag":[264,267,572],"class_list":["post-6124","product","type-product","status-publish","has-post-thumbnail","hentry","product_cat-kit-churrasco","product_tag-kit-churrasco","product_tag-kit-churrasco-personalizado","product_tag-kit-churrasco-premium-5-pecas-personalizado"],"_links":{"self":[{"href":"https:\/\/vohnabrindes.com.br\/index.php\/wp-json\/wp\/v2\/product\/6124","targetHints":{"allow":["GET"]}}],"collection":[{"href":"https:\/\/vohnabrindes.com.br\/index.php\/wp-json\/wp\/v2\/product"}],"about":[{"href":"https:\/\/vohnabrindes.com.br\/index.php\/wp-json\/wp\/v2\/types\/product"}],"replies":[{"embeddable":true,"href":"https:\/\/vohnabrindes.com.br\/index.php\/wp-json\/wp\/v2\/comments?post=6124"}],"version-history":[{"count":1,"href":"https:\/\/vohnabrindes.com.br\/index.php\/wp-json\/wp\/v2\/product\/6124\/revisions"}],"predecessor-version":[{"id":6134,"href":"https:\/\/vohnabrindes.com.br\/index.php\/wp-json\/wp\/v2\/product\/6124\/revisions\/6134"}],"wp:featuredmedia":[{"embeddable":true,"href":"https:\/\/vohnabrindes.com.br\/index.php\/wp-json\/wp\/v2\/media\/1622"}],"wp:attachment":[{"href":"https:\/\/vohnabrindes.com.br\/index.php\/wp-json\/wp\/v2\/media?parent=6124"}],"wp:term":[{"taxonomy":"product_cat","embeddable":true,"href":"https:\/\/vohnabrindes.com.br\/index.php\/wp-json\/wp\/v2\/product_cat?post=6124"},{"taxonomy":"product_tag","embeddable":true,"href":"https:\/\/vohnabrindes.com.br\/index.php\/wp-json\/wp\/v2\/product_tag?post=6124"}],"curies":[{"name":"wp","href":"https:\/\/api.w.org\/{rel}","templated":true}]}}