{"id":6138,"date":"2025-08-22T16:30:07","date_gmt":"2025-08-22T19:30:07","guid":{"rendered":"https:\/\/vohnabrindes.com.br\/?post_type=product&#038;p=6138"},"modified":"2025-08-22T16:30:08","modified_gmt":"2025-08-22T19:30:08","slug":"kit-petisco-e-champagne-personalizado-2","status":"publish","type":"product","link":"https:\/\/vohnabrindes.com.br\/index.php\/product\/kit-petisco-e-champagne-personalizado-2\/","title":{"rendered":"Kit Petisco E Champagne personalizado."},"content":{"rendered":"<h6 class=\"fc-azul ff-opensans no-margin\">Kit Petisco E Champagne &#8211; 3 P\u00e7s &#8211; N\u00e3o Acompanha Garrafa<\/h6>\n<h6>Kit para petisco e champanhe. Conta com petisqueira formato de trevo em bambu; Duas ta\u00e7as para champanhe em vidro; Espa\u00e7o para garrafa com palha (N\u00c3O ACOMPANHA GARRAFA). Est\u00e3o perfeitamente acomodados em uma caixa para presentear.<\/h6>\n<h6 class=\"fc-cinza4 ff-nunito fw-semibold texto-upper no-margin\">KT-90005<\/h6>\n","protected":false},"excerpt":{"rendered":"<p>Kit Petisco E Champagne &#8211; 3 P\u00e7s &#8211; N\u00e3o Acompanha Garrafa Kit para petisco e champanhe. Conta com petisqueira formato de trevo em bambu; Duas ta\u00e7as<span class=\"excerpt-hellip\"> [\u2026]<\/span><\/p>\n","protected":false},"featured_media":1652,"comment_status":"open","ping_status":"closed","template":"","meta":[],"product_cat":[448],"product_tag":[585,586,587],"class_list":["post-6138","product","type-product","status-publish","has-post-thumbnail","hentry","product_cat-kit-vinho-bar-e-comemoracao","product_tag-kit-bebidas-pesonalizado","product_tag-kit-petisco-e-champagne-personalizado","product_tag-kit-tacas-personalizado"],"_links":{"self":[{"href":"https:\/\/vohnabrindes.com.br\/index.php\/wp-json\/wp\/v2\/product\/6138","targetHints":{"allow":["GET"]}}],"collection":[{"href":"https:\/\/vohnabrindes.com.br\/index.php\/wp-json\/wp\/v2\/product"}],"about":[{"href":"https:\/\/vohnabrindes.com.br\/index.php\/wp-json\/wp\/v2\/types\/product"}],"replies":[{"embeddable":true,"href":"https:\/\/vohnabrindes.com.br\/index.php\/wp-json\/wp\/v2\/comments?post=6138"}],"version-history":[{"count":1,"href":"https:\/\/vohnabrindes.com.br\/index.php\/wp-json\/wp\/v2\/product\/6138\/revisions"}],"predecessor-version":[{"id":6146,"href":"https:\/\/vohnabrindes.com.br\/index.php\/wp-json\/wp\/v2\/product\/6138\/revisions\/6146"}],"wp:featuredmedia":[{"embeddable":true,"href":"https:\/\/vohnabrindes.com.br\/index.php\/wp-json\/wp\/v2\/media\/1652"}],"wp:attachment":[{"href":"https:\/\/vohnabrindes.com.br\/index.php\/wp-json\/wp\/v2\/media?parent=6138"}],"wp:term":[{"taxonomy":"product_cat","embeddable":true,"href":"https:\/\/vohnabrindes.com.br\/index.php\/wp-json\/wp\/v2\/product_cat?post=6138"},{"taxonomy":"product_tag","embeddable":true,"href":"https:\/\/vohnabrindes.com.br\/index.php\/wp-json\/wp\/v2\/product_tag?post=6138"}],"curies":[{"name":"wp","href":"https:\/\/api.w.org\/{rel}","templated":true}]}}