{"id":6139,"date":"2025-08-22T16:30:07","date_gmt":"2025-08-22T19:30:07","guid":{"rendered":"https:\/\/vohnabrindes.com.br\/?post_type=product&#038;p=6139"},"modified":"2025-08-22T16:30:08","modified_gmt":"2025-08-22T19:30:08","slug":"kit-comemoracao-personalizado-6","status":"publish","type":"product","link":"https:\/\/vohnabrindes.com.br\/index.php\/product\/kit-comemoracao-personalizado-6\/","title":{"rendered":"kit comemora\u00e7\u00e3o personalizado."},"content":{"rendered":"<h6 class=\"fc-azul ff-opensans no-margin\">kit comemora\u00e7\u00e3o personalizado.<\/h6>\n<h6 class=\"fc-azul ff-opensans no-margin\">Ta\u00e7a De Vidro P\/Champagne 190 Ml C\/ Espa\u00e7o P\/Garrafa Mini N\u00e3o Acompanha Garrafa<\/h6>\n<h6>Ta\u00e7a de vidro para champanhe com espa\u00e7o para mini garrafa em embalagem com tampa e fundo (N\u00c3O ACOMPANHA GARRAFA solicite que podemos incluir)<\/h6>\n<h6 class=\"fc-cinza4 ff-nunito fw-semibold texto-upper no-margin\">KT-9009K<\/h6>\n","protected":false},"excerpt":{"rendered":"<p>kit comemora\u00e7\u00e3o personalizado. Ta\u00e7a De Vidro P\/Champagne 190 Ml C\/ Espa\u00e7o P\/Garrafa Mini N\u00e3o Acompanha Garrafa Ta\u00e7a de vidro para champanhe com espa\u00e7o para mini garrafa<span class=\"excerpt-hellip\"> [\u2026]<\/span><\/p>\n","protected":false},"featured_media":1671,"comment_status":"open","ping_status":"closed","template":"","meta":[],"product_cat":[448],"product_tag":[592,587],"class_list":["post-6139","product","type-product","status-publish","has-post-thumbnail","hentry","product_cat-kit-vinho-bar-e-comemoracao","product_tag-kit-comemoracao-personalizado","product_tag-kit-tacas-personalizado"],"_links":{"self":[{"href":"https:\/\/vohnabrindes.com.br\/index.php\/wp-json\/wp\/v2\/product\/6139","targetHints":{"allow":["GET"]}}],"collection":[{"href":"https:\/\/vohnabrindes.com.br\/index.php\/wp-json\/wp\/v2\/product"}],"about":[{"href":"https:\/\/vohnabrindes.com.br\/index.php\/wp-json\/wp\/v2\/types\/product"}],"replies":[{"embeddable":true,"href":"https:\/\/vohnabrindes.com.br\/index.php\/wp-json\/wp\/v2\/comments?post=6139"}],"version-history":[{"count":1,"href":"https:\/\/vohnabrindes.com.br\/index.php\/wp-json\/wp\/v2\/product\/6139\/revisions"}],"predecessor-version":[{"id":6147,"href":"https:\/\/vohnabrindes.com.br\/index.php\/wp-json\/wp\/v2\/product\/6139\/revisions\/6147"}],"wp:featuredmedia":[{"embeddable":true,"href":"https:\/\/vohnabrindes.com.br\/index.php\/wp-json\/wp\/v2\/media\/1671"}],"wp:attachment":[{"href":"https:\/\/vohnabrindes.com.br\/index.php\/wp-json\/wp\/v2\/media?parent=6139"}],"wp:term":[{"taxonomy":"product_cat","embeddable":true,"href":"https:\/\/vohnabrindes.com.br\/index.php\/wp-json\/wp\/v2\/product_cat?post=6139"},{"taxonomy":"product_tag","embeddable":true,"href":"https:\/\/vohnabrindes.com.br\/index.php\/wp-json\/wp\/v2\/product_tag?post=6139"}],"curies":[{"name":"wp","href":"https:\/\/api.w.org\/{rel}","templated":true}]}}