{"id":6157,"date":"2025-08-22T16:30:21","date_gmt":"2025-08-22T19:30:21","guid":{"rendered":"https:\/\/vohnabrindes.com.br\/?post_type=product&#038;p=6157"},"modified":"2025-08-22T16:30:24","modified_gmt":"2025-08-22T19:30:24","slug":"bolsa-termica-8-litros-personalizada","status":"publish","type":"product","link":"https:\/\/vohnabrindes.com.br\/index.php\/product\/bolsa-termica-8-litros-personalizada\/","title":{"rendered":"Bolsa T\u00e9rmica 8 Litros Personalizada."},"content":{"rendered":"<h6 id=\"item_referencia\">08239<\/h6>\n<p class=\"produto-nome\">Bolsa T\u00e9rmica 8 Litros Personalizada.<\/p>\n<div class=\"caracs\">\n<div class=\"desc\">\n<p class=\"desc-tit\"><span class=\"desc-sub my-desc-sub\">Aliada para manter os alimentos frescos e saud\u00e1veis por mais tempo! Mais do que uma Bolsa t\u00e9rmica 8 litros, possui um design moderno que lembra uma bolsa casual, trazendo praticidade e estilo para o dia a dia. Produzida em poli\u00e9ster com detalhes em couro sint\u00e9tico, ela conta com dois compartimentos com revestimento interno em PEVA at\u00f3xico: um frontal, ideal para utens\u00edlios, guardanapos ou pequenos itens, e o principal, perfeito para marmitas, lanches, sucos e muito mais! Al\u00e9m disso, possui duas al\u00e7as, uma de m\u00e3o e outra de ombro, ajust\u00e1veis, garantindo conforto e versatilidade ao carregar. Os detalhes no z\u00edper e a etiqueta em couro sint\u00e9tico d\u00e3o um toque sofisticado e criam um espa\u00e7o ideal para destacar a marca dos seus clientes.<\/span><\/p>\n<\/div>\n<div class=\"desc\">\n<p class=\"desc-tit\">Altura<span class=\"desc-sub\">\u00a0:\u00a0 20 cm<\/span><\/p>\n<\/div>\n<div class=\"desc\">\n<p class=\"desc-tit\">Largura<span class=\"desc-sub\">\u00a0:\u00a0 24 cm<\/span><\/p>\n<\/div>\n<div class=\"desc\">\n<p class=\"desc-tit\">Profundidade<span class=\"desc-sub\">\u00a0:\u00a0 15,5 cm<\/span><\/p>\n<\/div>\n<\/div>\n","protected":false},"excerpt":{"rendered":"<p>08239 Bolsa T\u00e9rmica 8 Litros Personalizada. Aliada para manter os alimentos frescos e saud\u00e1veis por mais tempo! Mais do que uma Bolsa t\u00e9rmica 8 litros, possui<span class=\"excerpt-hellip\"> [\u2026]<\/span><\/p>\n","protected":false},"featured_media":6161,"comment_status":"closed","ping_status":"closed","template":"","meta":[],"product_cat":[145],"product_tag":[2300,358,884,655,894],"class_list":["post-6157","product","type-product","status-publish","has-post-thumbnail","hentry","product_cat-bolsas-termicas-e-coolers","product_tag-bolsa-termica-8-litros-personalizada","product_tag-bolsa-termica-personalizada","product_tag-brindes-personalizados","product_tag-brindes-verao","product_tag-frasqueira-termica-personalizada"],"_links":{"self":[{"href":"https:\/\/vohnabrindes.com.br\/index.php\/wp-json\/wp\/v2\/product\/6157","targetHints":{"allow":["GET"]}}],"collection":[{"href":"https:\/\/vohnabrindes.com.br\/index.php\/wp-json\/wp\/v2\/product"}],"about":[{"href":"https:\/\/vohnabrindes.com.br\/index.php\/wp-json\/wp\/v2\/types\/product"}],"replies":[{"embeddable":true,"href":"https:\/\/vohnabrindes.com.br\/index.php\/wp-json\/wp\/v2\/comments?post=6157"}],"version-history":[{"count":1,"href":"https:\/\/vohnabrindes.com.br\/index.php\/wp-json\/wp\/v2\/product\/6157\/revisions"}],"predecessor-version":[{"id":6162,"href":"https:\/\/vohnabrindes.com.br\/index.php\/wp-json\/wp\/v2\/product\/6157\/revisions\/6162"}],"wp:featuredmedia":[{"embeddable":true,"href":"https:\/\/vohnabrindes.com.br\/index.php\/wp-json\/wp\/v2\/media\/6161"}],"wp:attachment":[{"href":"https:\/\/vohnabrindes.com.br\/index.php\/wp-json\/wp\/v2\/media?parent=6157"}],"wp:term":[{"taxonomy":"product_cat","embeddable":true,"href":"https:\/\/vohnabrindes.com.br\/index.php\/wp-json\/wp\/v2\/product_cat?post=6157"},{"taxonomy":"product_tag","embeddable":true,"href":"https:\/\/vohnabrindes.com.br\/index.php\/wp-json\/wp\/v2\/product_tag?post=6157"}],"curies":[{"name":"wp","href":"https:\/\/api.w.org\/{rel}","templated":true}]}}