{"id":6159,"date":"2025-08-22T16:30:21","date_gmt":"2025-08-22T19:30:21","guid":{"rendered":"https:\/\/vohnabrindes.com.br\/?post_type=product&#038;p=6159"},"modified":"2025-08-22T16:30:29","modified_gmt":"2025-08-22T19:30:29","slug":"caderneta-fibra-de-arroz-com-caneta-personalizado","status":"publish","type":"product","link":"https:\/\/vohnabrindes.com.br\/index.php\/product\/caderneta-fibra-de-arroz-com-caneta-personalizado\/","title":{"rendered":"Caderneta Fibra de Arroz com Caneta Personalizado."},"content":{"rendered":"<pre id=\"item_referencia\">08290<\/pre>\n<p class=\"produto-nome\">Caderneta Fibra de Arroz com Caneta Personalizado.<\/p>\n<div class=\"caracs\">\n<div class=\"desc\">\n<p class=\"desc-tit\">\u00a0<span class=\"desc-sub my-desc-sub\">Caderneta ecol\u00f3gica com capa em fibra da palha de arroz. Cont\u00e9m aproximadamente 80 folhas amareladas com pauta, al\u00e9m de duas folhas de guarda, uma fita el\u00e1stica para fechamento e porta-canetas em el\u00e1stico. Acompanha uma caneta esferogr\u00e1fica de carga azul de 1,0mm com corpo em papel\u00e3o e clip, acionamento por clique e ponteira em pl\u00e1stico.<\/span><\/p>\n<\/div>\n<div class=\"desc\">\n<p class=\"desc-tit\">Largura<span class=\"desc-sub\">\u00a0:\u00a0 15,5 cm<\/span><\/p>\n<\/div>\n<div class=\"desc\">\n<p class=\"desc-tit\">Espessura<span class=\"desc-sub\">\u00a0:\u00a0 1,3 cm<\/span><\/p>\n<\/div>\n<div class=\"desc\">\n<p class=\"desc-tit\">Comprimento<span class=\"desc-sub\">\u00a0:\u00a0 21 cm<\/span><\/p>\n<\/div>\n<div class=\"desc\">\n<p class=\"desc-tit\">Medidas aproximadas para grava\u00e7\u00e3o<span class=\"desc-sub\">\u00a0(CxL):\u00a0 21 cm x 14 cm (caderno) &#8211; 0,8 cm x 10 cm (caneta)<\/span><\/p>\n<\/div>\n<div class=\"desc\">\n<p class=\"desc-tit\">Tamanho total aproximado\u00a0<span class=\"desc-sub\">\u00a0(CxL):\u00a0 Caneta: 14 cm x 1 cm<\/span><\/p>\n<\/div>\n<div class=\"desc\">\n<p class=\"desc-tit\">Peso aproximado<span class=\"desc-sub\">\u00a0(g):\u00a0 246<\/span><\/p>\n<\/div>\n<\/div>\n","protected":false},"excerpt":{"rendered":"<p>08290 Caderneta Fibra de Arroz com Caneta Personalizado. \u00a0Caderneta ecol\u00f3gica com capa em fibra da palha de arroz. Cont\u00e9m aproximadamente 80 folhas amareladas com pauta, al\u00e9m<span class=\"excerpt-hellip\"> [\u2026]<\/span><\/p>\n","protected":false},"featured_media":6165,"comment_status":"closed","ping_status":"closed","template":"","meta":[],"product_cat":[146],"product_tag":[2301,675,2302],"class_list":["post-6159","product","type-product","status-publish","has-post-thumbnail","hentry","product_cat-blocos-e-cadernetas","product_tag-bloco-ecologico-personalizado","product_tag-bloco-personalizado","product_tag-caderneta-fibra-de-arroz-com-caneta-personalizado"],"_links":{"self":[{"href":"https:\/\/vohnabrindes.com.br\/index.php\/wp-json\/wp\/v2\/product\/6159","targetHints":{"allow":["GET"]}}],"collection":[{"href":"https:\/\/vohnabrindes.com.br\/index.php\/wp-json\/wp\/v2\/product"}],"about":[{"href":"https:\/\/vohnabrindes.com.br\/index.php\/wp-json\/wp\/v2\/types\/product"}],"replies":[{"embeddable":true,"href":"https:\/\/vohnabrindes.com.br\/index.php\/wp-json\/wp\/v2\/comments?post=6159"}],"version-history":[{"count":1,"href":"https:\/\/vohnabrindes.com.br\/index.php\/wp-json\/wp\/v2\/product\/6159\/revisions"}],"predecessor-version":[{"id":6166,"href":"https:\/\/vohnabrindes.com.br\/index.php\/wp-json\/wp\/v2\/product\/6159\/revisions\/6166"}],"wp:featuredmedia":[{"embeddable":true,"href":"https:\/\/vohnabrindes.com.br\/index.php\/wp-json\/wp\/v2\/media\/6165"}],"wp:attachment":[{"href":"https:\/\/vohnabrindes.com.br\/index.php\/wp-json\/wp\/v2\/media?parent=6159"}],"wp:term":[{"taxonomy":"product_cat","embeddable":true,"href":"https:\/\/vohnabrindes.com.br\/index.php\/wp-json\/wp\/v2\/product_cat?post=6159"},{"taxonomy":"product_tag","embeddable":true,"href":"https:\/\/vohnabrindes.com.br\/index.php\/wp-json\/wp\/v2\/product_tag?post=6159"}],"curies":[{"name":"wp","href":"https:\/\/api.w.org\/{rel}","templated":true}]}}