{"id":6170,"date":"2025-08-22T16:30:33","date_gmt":"2025-08-22T19:30:33","guid":{"rendered":"https:\/\/vohnabrindes.com.br\/?post_type=product&#038;p=6170"},"modified":"2025-08-22T16:30:36","modified_gmt":"2025-08-22T19:30:36","slug":"bolsa-couro-sintetico-personalizada","status":"publish","type":"product","link":"https:\/\/vohnabrindes.com.br\/index.php\/product\/bolsa-couro-sintetico-personalizada\/","title":{"rendered":"Bolsa Couro Sint\u00e9tico personalizada."},"content":{"rendered":"<h6 id=\"item_referencia\">09033<\/h6>\n<p class=\"produto-nome\">Bolsa Couro Sint\u00e9tico 25 Litros personalizada.<\/p>\n<div class=\"caracs\">\n<div class=\"desc\">\n<p class=\"desc-tit\"><span class=\"desc-sub my-desc-sub\">Bolsa confeccionada em filme sint\u00e9tico tipo couro imperme\u00e1vel com capacidade de at\u00e9 25 litros. Possui compartimento interno amplo com bolso em tela e fechamento em z\u00edper, al\u00e9m de quatro bolsos externos de tamanhos variados e fechamento em z\u00edper e um em tela com el\u00e1stico. Apresenta al\u00e7as de m\u00e3o com suporte de juntura e um par de al\u00e7as ocultas na parte inferior da bolsa, que permitem seu uso como mochila. Cont\u00e9m al\u00e7a transversal remov\u00edvel.<\/span><\/p>\n<\/div>\n<div class=\"desc\">\n<p class=\"desc-tit\">Altura<span class=\"desc-sub\">\u00a0:\u00a0 22,5 cm<\/span><\/p>\n<\/div>\n<div class=\"desc\">\n<p class=\"desc-tit\">Largura<span class=\"desc-sub\">\u00a0:\u00a0 48 cm<\/span><\/p>\n<\/div>\n<div class=\"desc\">\n<p class=\"desc-tit\">Profundidade<span class=\"desc-sub\">\u00a0:\u00a0 25 cm<\/span><\/p>\n<\/div>\n<div class=\"desc\">\n<p class=\"desc-tit\">Medidas aproximadas para grava\u00e7\u00e3o<span class=\"desc-sub\">\u00a0(CxL):\u00a0 10 cm x 20 cm<\/span><\/p>\n<\/div>\n<div class=\"desc\">\n<p class=\"desc-tit\">Peso aproximado<span class=\"desc-sub\">\u00a0(g):\u00a0 868<\/span><\/p>\n<\/div>\n<\/div>\n","protected":false},"excerpt":{"rendered":"<p>09033 Bolsa Couro Sint\u00e9tico 25 Litros personalizada. Bolsa confeccionada em filme sint\u00e9tico tipo couro imperme\u00e1vel com capacidade de at\u00e9 25 litros. Possui compartimento interno amplo com<span class=\"excerpt-hellip\"> [\u2026]<\/span><\/p>\n","protected":false},"featured_media":6182,"comment_status":"closed","ping_status":"closed","template":"","meta":[],"product_cat":[622,312],"product_tag":[2313,2314,2315,314],"class_list":["post-6170","product","type-product","status-publish","has-post-thumbnail","hentry","product_cat-linha-premium-e-marcas","product_cat-mochilas-saco-e-bolsas-esportivas","product_tag-bolsa-couro-personalizada","product_tag-bolsa-couro-sintetico-25-litros-personalizada","product_tag-bolsa-couro-sintetico-personalizada","product_tag-bolsa-personalizada"],"_links":{"self":[{"href":"https:\/\/vohnabrindes.com.br\/index.php\/wp-json\/wp\/v2\/product\/6170","targetHints":{"allow":["GET"]}}],"collection":[{"href":"https:\/\/vohnabrindes.com.br\/index.php\/wp-json\/wp\/v2\/product"}],"about":[{"href":"https:\/\/vohnabrindes.com.br\/index.php\/wp-json\/wp\/v2\/types\/product"}],"replies":[{"embeddable":true,"href":"https:\/\/vohnabrindes.com.br\/index.php\/wp-json\/wp\/v2\/comments?post=6170"}],"version-history":[{"count":1,"href":"https:\/\/vohnabrindes.com.br\/index.php\/wp-json\/wp\/v2\/product\/6170\/revisions"}],"predecessor-version":[{"id":6183,"href":"https:\/\/vohnabrindes.com.br\/index.php\/wp-json\/wp\/v2\/product\/6170\/revisions\/6183"}],"wp:featuredmedia":[{"embeddable":true,"href":"https:\/\/vohnabrindes.com.br\/index.php\/wp-json\/wp\/v2\/media\/6182"}],"wp:attachment":[{"href":"https:\/\/vohnabrindes.com.br\/index.php\/wp-json\/wp\/v2\/media?parent=6170"}],"wp:term":[{"taxonomy":"product_cat","embeddable":true,"href":"https:\/\/vohnabrindes.com.br\/index.php\/wp-json\/wp\/v2\/product_cat?post=6170"},{"taxonomy":"product_tag","embeddable":true,"href":"https:\/\/vohnabrindes.com.br\/index.php\/wp-json\/wp\/v2\/product_tag?post=6170"}],"curies":[{"name":"wp","href":"https:\/\/api.w.org\/{rel}","templated":true}]}}