{"id":6175,"date":"2025-08-22T16:30:33","date_gmt":"2025-08-22T19:30:33","guid":{"rendered":"https:\/\/vohnabrindes.com.br\/?post_type=product&#038;p=6175"},"modified":"2025-08-22T16:30:48","modified_gmt":"2025-08-22T19:30:48","slug":"bolsa-termica-10-litros-personalizada-2","status":"publish","type":"product","link":"https:\/\/vohnabrindes.com.br\/index.php\/product\/bolsa-termica-10-litros-personalizada-2\/","title":{"rendered":"Bolsa T\u00e9rmica 10 Litros personalizada."},"content":{"rendered":"<h6 id=\"item_referencia\">18957<\/h6>\n<p class=\"produto-nome\">Bolsa T\u00e9rmica 10 Litros personalizada.<\/p>\n<div class=\"caracs\">\n<div class=\"desc\">\n<p class=\"desc-tit\"><span class=\"desc-sub my-desc-sub\">Bolsa t\u00e9rmica em Oxford resistente \u00e0 \u00e1gua e capacidade m\u00e1xima de 10 litros. Possui revestimento interno em PEVA, ideal para conservar a temperatura de alimentos e bebidas por mais tempo. Sua tampa apresenta revestimento t\u00e9rmico em folha de alum\u00ednio. Al\u00e9m disso, possui compartimento frontal externo e mais dois bolsos laterais em tela de nylon com el\u00e1stico. Apresenta al\u00e7as de m\u00e3o com suporte de juntura e al\u00e7a transversal remov\u00edvel.<\/span><\/p>\n<\/div>\n<div class=\"desc\">\n<p class=\"desc-tit\">Altura<span class=\"desc-sub\">\u00a0:\u00a0 24,5 cm<\/span><\/p>\n<\/div>\n<div class=\"desc\">\n<p class=\"desc-tit\">Largura<span class=\"desc-sub\">\u00a0:\u00a0 24,5 cm<\/span><\/p>\n<\/div>\n<div class=\"desc\">\n<p class=\"desc-tit\">Profundidade<span class=\"desc-sub\">\u00a0:\u00a0 19 cm<\/span><\/p>\n<\/div>\n<div class=\"desc\">\n<p class=\"desc-tit\">Medidas aproximadas para grava\u00e7\u00e3o<span class=\"desc-sub\">\u00a0(CxL):\u00a0 1 cm x 4,5 cm<\/span><\/p>\n<\/div>\n<div class=\"desc\">\n<p class=\"desc-tit\">Peso aproximado<span class=\"desc-sub\">\u00a0(g):\u00a0 367<\/span><\/p>\n<\/div>\n<\/div>\n","protected":false},"excerpt":{"rendered":"<p>18957 Bolsa T\u00e9rmica 10 Litros personalizada. Bolsa t\u00e9rmica em Oxford resistente \u00e0 \u00e1gua e capacidade m\u00e1xima de 10 litros. Possui revestimento interno em PEVA, ideal para<span class=\"excerpt-hellip\"> [\u2026]<\/span><\/p>\n","protected":false},"featured_media":6192,"comment_status":"closed","ping_status":"closed","template":"","meta":[],"product_cat":[145],"product_tag":[2316,358],"class_list":["post-6175","product","type-product","status-publish","has-post-thumbnail","hentry","product_cat-bolsas-termicas-e-coolers","product_tag-bolsa-termica-10-litros-personalizada","product_tag-bolsa-termica-personalizada"],"_links":{"self":[{"href":"https:\/\/vohnabrindes.com.br\/index.php\/wp-json\/wp\/v2\/product\/6175","targetHints":{"allow":["GET"]}}],"collection":[{"href":"https:\/\/vohnabrindes.com.br\/index.php\/wp-json\/wp\/v2\/product"}],"about":[{"href":"https:\/\/vohnabrindes.com.br\/index.php\/wp-json\/wp\/v2\/types\/product"}],"replies":[{"embeddable":true,"href":"https:\/\/vohnabrindes.com.br\/index.php\/wp-json\/wp\/v2\/comments?post=6175"}],"version-history":[{"count":1,"href":"https:\/\/vohnabrindes.com.br\/index.php\/wp-json\/wp\/v2\/product\/6175\/revisions"}],"predecessor-version":[{"id":6193,"href":"https:\/\/vohnabrindes.com.br\/index.php\/wp-json\/wp\/v2\/product\/6175\/revisions\/6193"}],"wp:featuredmedia":[{"embeddable":true,"href":"https:\/\/vohnabrindes.com.br\/index.php\/wp-json\/wp\/v2\/media\/6192"}],"wp:attachment":[{"href":"https:\/\/vohnabrindes.com.br\/index.php\/wp-json\/wp\/v2\/media?parent=6175"}],"wp:term":[{"taxonomy":"product_cat","embeddable":true,"href":"https:\/\/vohnabrindes.com.br\/index.php\/wp-json\/wp\/v2\/product_cat?post=6175"},{"taxonomy":"product_tag","embeddable":true,"href":"https:\/\/vohnabrindes.com.br\/index.php\/wp-json\/wp\/v2\/product_tag?post=6175"}],"curies":[{"name":"wp","href":"https:\/\/api.w.org\/{rel}","templated":true}]}}