{"id":6201,"date":"2025-08-22T16:30:56","date_gmt":"2025-08-22T19:30:56","guid":{"rendered":"https:\/\/vohnabrindes.com.br\/?post_type=product&#038;p=6201"},"modified":"2025-08-22T16:31:00","modified_gmt":"2025-08-22T19:31:00","slug":"squeeze-plastico","status":"publish","type":"product","link":"https:\/\/vohnabrindes.com.br\/index.php\/product\/squeeze-plastico\/","title":{"rendered":"Squeeze pl\u00e1stico."},"content":{"rendered":"<pre id=\"item_referencia\">15272<\/pre>\n<p class=\"produto-nome\">Squeeze pl\u00e1stico.<\/p>\n<p class=\"produto-nome\">Squeeze isot\u00e9rmico feito em PEVA at\u00f3xico, com design leve e moderno, e capacidade de 500ml. Apresenta estrutura com parede dupla, que ajuda a manter a temperatura de l\u00edquidos est\u00e1vel por mais tempo em compara\u00e7\u00e3o a outros modelos de squeezes. Possui ainda com detalhes texturizados na parte inferior e tampa rosque\u00e1vel com bico de pl\u00e1stico.<\/p>\n<div class=\"caracs\">\n<div class=\"desc\">\n<p class=\"desc-tit\">Altura<span class=\"desc-sub\">\u00a0:\u00a0 24,8 cm<\/span><\/p>\n<\/div>\n<div class=\"desc\">\n<p class=\"desc-tit\">Largura<span class=\"desc-sub\">\u00a0:\u00a0 7,1 cm<\/span><\/p>\n<\/div>\n<div class=\"desc\">\n<p class=\"desc-tit\">Circunfer\u00eancia<span class=\"desc-sub\">\u00a0:\u00a0 22,5 cm<\/span><\/p>\n<\/div>\n<div class=\"desc\">\n<p class=\"desc-tit\">Medidas aproximadas para grava\u00e7\u00e3o<span class=\"desc-sub\">\u00a0(CxL):\u00a0 3,5 cm x 6 cm<\/span><\/p>\n<\/div>\n<div class=\"desc\">\n<p class=\"desc-tit\">Peso aproximado<span class=\"desc-sub\">\u00a0(g):\u00a0 85<\/span><\/p>\n<\/div>\n<\/div>\n","protected":false},"excerpt":{"rendered":"<p>15272 Squeeze pl\u00e1stico. Squeeze isot\u00e9rmico feito em PEVA at\u00f3xico, com design leve e moderno, e capacidade de 500ml. Apresenta estrutura com parede dupla, que ajuda a<span class=\"excerpt-hellip\"> [\u2026]<\/span><\/p>\n","protected":false},"featured_media":6211,"comment_status":"closed","ping_status":"closed","template":"","meta":[],"product_cat":[129],"product_tag":[131,446],"class_list":["post-6201","product","type-product","status-publish","has-post-thumbnail","hentry","product_cat-garrafas-e-squeezes","product_tag-squeeze-plastico","product_tag-squeeze-plastico-personalizado"],"_links":{"self":[{"href":"https:\/\/vohnabrindes.com.br\/index.php\/wp-json\/wp\/v2\/product\/6201","targetHints":{"allow":["GET"]}}],"collection":[{"href":"https:\/\/vohnabrindes.com.br\/index.php\/wp-json\/wp\/v2\/product"}],"about":[{"href":"https:\/\/vohnabrindes.com.br\/index.php\/wp-json\/wp\/v2\/types\/product"}],"replies":[{"embeddable":true,"href":"https:\/\/vohnabrindes.com.br\/index.php\/wp-json\/wp\/v2\/comments?post=6201"}],"version-history":[{"count":1,"href":"https:\/\/vohnabrindes.com.br\/index.php\/wp-json\/wp\/v2\/product\/6201\/revisions"}],"predecessor-version":[{"id":6212,"href":"https:\/\/vohnabrindes.com.br\/index.php\/wp-json\/wp\/v2\/product\/6201\/revisions\/6212"}],"wp:featuredmedia":[{"embeddable":true,"href":"https:\/\/vohnabrindes.com.br\/index.php\/wp-json\/wp\/v2\/media\/6211"}],"wp:attachment":[{"href":"https:\/\/vohnabrindes.com.br\/index.php\/wp-json\/wp\/v2\/media?parent=6201"}],"wp:term":[{"taxonomy":"product_cat","embeddable":true,"href":"https:\/\/vohnabrindes.com.br\/index.php\/wp-json\/wp\/v2\/product_cat?post=6201"},{"taxonomy":"product_tag","embeddable":true,"href":"https:\/\/vohnabrindes.com.br\/index.php\/wp-json\/wp\/v2\/product_tag?post=6201"}],"curies":[{"name":"wp","href":"https:\/\/api.w.org\/{rel}","templated":true}]}}