{"id":6202,"date":"2025-08-22T16:30:56","date_gmt":"2025-08-22T19:30:56","guid":{"rendered":"https:\/\/vohnabrindes.com.br\/?post_type=product&#038;p=6202"},"modified":"2025-08-22T16:31:02","modified_gmt":"2025-08-22T19:31:02","slug":"bolsa-termica-23l-com-rodinhas-personalizada","status":"publish","type":"product","link":"https:\/\/vohnabrindes.com.br\/index.php\/product\/bolsa-termica-23l-com-rodinhas-personalizada\/","title":{"rendered":"Bolsa T\u00e9rmica 23L com Rodinhas Personalizada."},"content":{"rendered":"<pre id=\"item_referencia\">08313<\/pre>\n<p class=\"produto-nome\">Bolsa T\u00e9rmica 23L com Rodinhas Personalizada.<\/p>\n<div class=\"caracs\">\n<div class=\"desc\">\n<p class=\"desc-tit\"><span class=\"desc-sub my-desc-sub\">Com capacidade m\u00e1xima de at\u00e9 23 litros, esta bolsa t\u00e9rmica com rodinhas \u00e9 uma op\u00e7\u00e3o vers\u00e1til para levar alimentos e bebidas em qualquer ocasi\u00e3o, incluindo festas e confraterniza\u00e7\u00f5es ao ar livre em geral. Feita em poli\u00e9ster resistente \u00e0 \u00e1gua e com revestimento em PEVA at\u00f3xico, ela garante a prote\u00e7\u00e3o tanto externa quanto interna para o seu conte\u00fado. Conta com um bolso frontal e mais dois bolsos laterais em tela. Apresenta freios remov\u00edveis com encaixe firme em velcro.<\/span><\/p>\n<\/div>\n<div class=\"desc\">\n<p class=\"desc-tit\">Altura<span class=\"desc-sub\">\u00a0:\u00a0 45,5 cm<\/span><\/p>\n<\/div>\n<div class=\"desc\">\n<p class=\"desc-tit\">Largura<span class=\"desc-sub\">\u00a0:\u00a0 29 cm<\/span><\/p>\n<\/div>\n<div class=\"desc\">\n<p class=\"desc-tit\">Profundidade<span class=\"desc-sub\">\u00a0:\u00a0 20 cm<\/span><\/p>\n<\/div>\n<div class=\"desc\">\n<p class=\"desc-tit\">Comprimento<span class=\"desc-sub\">\u00a0:\u00a0 Al\u00e7a: 48,5 cm<\/span><\/p>\n<\/div>\n<div class=\"desc\">\n<p class=\"desc-tit\">Medidas aproximadas para grava\u00e7\u00e3o<span class=\"desc-sub\">\u00a0(CxL):\u00a0 20 cm x 15 cm<\/span><\/p>\n<\/div>\n<div class=\"desc\">\n<p class=\"desc-tit\">Peso aproximado<span class=\"desc-sub\">\u00a0(g):\u00a0 1300<\/span><\/p>\n<\/div>\n<\/div>\n","protected":false},"excerpt":{"rendered":"<p>08313 Bolsa T\u00e9rmica 23L com Rodinhas Personalizada. Com capacidade m\u00e1xima de at\u00e9 23 litros, esta bolsa t\u00e9rmica com rodinhas \u00e9 uma op\u00e7\u00e3o vers\u00e1til para levar alimentos<span class=\"excerpt-hellip\"> [\u2026]<\/span><\/p>\n","protected":false},"featured_media":6213,"comment_status":"closed","ping_status":"closed","template":"","meta":[],"product_cat":[145],"product_tag":[2328,358,2329],"class_list":["post-6202","product","type-product","status-publish","has-post-thumbnail","hentry","product_cat-bolsas-termicas-e-coolers","product_tag-bolsa-termica-23l-com-rodinhas-personalizada","product_tag-bolsa-termica-personalizada","product_tag-bolsa-termica-rodinhas-personalizada"],"_links":{"self":[{"href":"https:\/\/vohnabrindes.com.br\/index.php\/wp-json\/wp\/v2\/product\/6202","targetHints":{"allow":["GET"]}}],"collection":[{"href":"https:\/\/vohnabrindes.com.br\/index.php\/wp-json\/wp\/v2\/product"}],"about":[{"href":"https:\/\/vohnabrindes.com.br\/index.php\/wp-json\/wp\/v2\/types\/product"}],"replies":[{"embeddable":true,"href":"https:\/\/vohnabrindes.com.br\/index.php\/wp-json\/wp\/v2\/comments?post=6202"}],"version-history":[{"count":1,"href":"https:\/\/vohnabrindes.com.br\/index.php\/wp-json\/wp\/v2\/product\/6202\/revisions"}],"predecessor-version":[{"id":6214,"href":"https:\/\/vohnabrindes.com.br\/index.php\/wp-json\/wp\/v2\/product\/6202\/revisions\/6214"}],"wp:featuredmedia":[{"embeddable":true,"href":"https:\/\/vohnabrindes.com.br\/index.php\/wp-json\/wp\/v2\/media\/6213"}],"wp:attachment":[{"href":"https:\/\/vohnabrindes.com.br\/index.php\/wp-json\/wp\/v2\/media?parent=6202"}],"wp:term":[{"taxonomy":"product_cat","embeddable":true,"href":"https:\/\/vohnabrindes.com.br\/index.php\/wp-json\/wp\/v2\/product_cat?post=6202"},{"taxonomy":"product_tag","embeddable":true,"href":"https:\/\/vohnabrindes.com.br\/index.php\/wp-json\/wp\/v2\/product_tag?post=6202"}],"curies":[{"name":"wp","href":"https:\/\/api.w.org\/{rel}","templated":true}]}}