{"id":6203,"date":"2025-08-22T16:30:56","date_gmt":"2025-08-22T19:30:56","guid":{"rendered":"https:\/\/vohnabrindes.com.br\/?post_type=product&#038;p=6203"},"modified":"2025-08-22T16:31:07","modified_gmt":"2025-08-22T19:31:07","slug":"bolsa-esportiva-poliester-32-litros-personalizada","status":"publish","type":"product","link":"https:\/\/vohnabrindes.com.br\/index.php\/product\/bolsa-esportiva-poliester-32-litros-personalizada\/","title":{"rendered":"Bolsa Esportiva Poli\u00e9ster 32 Litros personalizada."},"content":{"rendered":"<pre id=\"item_referencia\">08302<\/pre>\n<p class=\"produto-nome\">Bolsa Esportiva Poli\u00e9ster 32 Litros personalizada.<\/p>\n<div class=\"caracs\">\n<div class=\"desc\">\n<p class=\"desc-tit\"><span class=\"desc-sub my-desc-sub\">Bolsa esportiva resistente \u00e0 \u00e1gua, feita em poli\u00e9ster com detalhes emborrachados e capacidade para at\u00e9 32 litros. Possui tr\u00eas compartimentos principais, um deles com bolso para notebook de at\u00e9 13 polegadas, al\u00e9m de espa\u00e7o dedicado para guardar t\u00eanis. Conta ainda com bolso lateral de malha para acesso r\u00e1pido aos itens. A bolsa apresenta al\u00e7a transversal regul\u00e1vel e remov\u00edvel, duas al\u00e7as para as costas e \u00e1rea costada revestidas com espuma respir\u00e1vel, permitindo o uso como mochila.<\/span><\/p>\n<\/div>\n<div class=\"desc\">\n<p class=\"desc-tit\">Altura<span class=\"desc-sub\">\u00a0:\u00a0 22,5 cm<\/span><\/p>\n<\/div>\n<div class=\"desc\">\n<p class=\"desc-tit\">Largura<span class=\"desc-sub\">\u00a0:\u00a0 46 cm<\/span><\/p>\n<\/div>\n<div class=\"desc\">\n<p class=\"desc-tit\">Profundidade<span class=\"desc-sub\">\u00a0:\u00a0 26 cm<\/span><\/p>\n<\/div>\n<div class=\"desc\">\n<p class=\"desc-tit\">Comprimento<span class=\"desc-sub\">\u00a0:\u00a0 Al\u00e7a: 119 cm<\/span><\/p>\n<\/div>\n<div class=\"desc\">\n<p class=\"desc-tit\">Medidas aproximadas para grava\u00e7\u00e3o<span class=\"desc-sub\">\u00a0(CxL):\u00a0 16 cm x 28 cm<\/span><\/p>\n<\/div>\n<div class=\"desc\">\n<p class=\"desc-tit\">Peso aproximado<span class=\"desc-sub\">\u00a0(g):\u00a0 682<\/span><\/p>\n<\/div>\n<\/div>\n","protected":false},"excerpt":{"rendered":"<p>08302 Bolsa Esportiva Poli\u00e9ster 32 Litros personalizada. Bolsa esportiva resistente \u00e0 \u00e1gua, feita em poli\u00e9ster com detalhes emborrachados e capacidade para at\u00e9 32 litros. Possui tr\u00eas<span class=\"excerpt-hellip\"> [\u2026]<\/span><\/p>\n","protected":false},"featured_media":6215,"comment_status":"closed","ping_status":"closed","template":"","meta":[],"product_cat":[177,312],"product_tag":[313,2330],"class_list":["post-6203","product","type-product","status-publish","has-post-thumbnail","hentry","product_cat-linha-travel","product_cat-mochilas-saco-e-bolsas-esportivas","product_tag-bolsa-esportiva-personalizada","product_tag-bolsa-esportiva-poliester-32-litros-personalizada"],"_links":{"self":[{"href":"https:\/\/vohnabrindes.com.br\/index.php\/wp-json\/wp\/v2\/product\/6203","targetHints":{"allow":["GET"]}}],"collection":[{"href":"https:\/\/vohnabrindes.com.br\/index.php\/wp-json\/wp\/v2\/product"}],"about":[{"href":"https:\/\/vohnabrindes.com.br\/index.php\/wp-json\/wp\/v2\/types\/product"}],"replies":[{"embeddable":true,"href":"https:\/\/vohnabrindes.com.br\/index.php\/wp-json\/wp\/v2\/comments?post=6203"}],"version-history":[{"count":1,"href":"https:\/\/vohnabrindes.com.br\/index.php\/wp-json\/wp\/v2\/product\/6203\/revisions"}],"predecessor-version":[{"id":6217,"href":"https:\/\/vohnabrindes.com.br\/index.php\/wp-json\/wp\/v2\/product\/6203\/revisions\/6217"}],"wp:featuredmedia":[{"embeddable":true,"href":"https:\/\/vohnabrindes.com.br\/index.php\/wp-json\/wp\/v2\/media\/6215"}],"wp:attachment":[{"href":"https:\/\/vohnabrindes.com.br\/index.php\/wp-json\/wp\/v2\/media?parent=6203"}],"wp:term":[{"taxonomy":"product_cat","embeddable":true,"href":"https:\/\/vohnabrindes.com.br\/index.php\/wp-json\/wp\/v2\/product_cat?post=6203"},{"taxonomy":"product_tag","embeddable":true,"href":"https:\/\/vohnabrindes.com.br\/index.php\/wp-json\/wp\/v2\/product_tag?post=6203"}],"curies":[{"name":"wp","href":"https:\/\/api.w.org\/{rel}","templated":true}]}}