{"id":6204,"date":"2025-08-22T16:30:56","date_gmt":"2025-08-22T19:30:56","guid":{"rendered":"https:\/\/vohnabrindes.com.br\/?post_type=product&#038;p=6204"},"modified":"2025-08-22T16:31:08","modified_gmt":"2025-08-22T19:31:08","slug":"suporte-articulado-metalico-para-notebook-personalizado","status":"publish","type":"product","link":"https:\/\/vohnabrindes.com.br\/index.php\/product\/suporte-articulado-metalico-para-notebook-personalizado\/","title":{"rendered":"Suporte Articulado Met\u00e1lico para Notebook Personalizado."},"content":{"rendered":"<pre id=\"item_referencia\">08259<\/pre>\n<p class=\"produto-nome\">Suporte Articulado Met\u00e1lico para Notebook Personalizado.<\/p>\n<div class=\"caracs\">\n<div class=\"desc\">\n<p class=\"desc-tit\"><span class=\"desc-sub my-desc-sub\">Suporte articulado para notebooks com ajuste em diversos \u00e2ngulos para alcan\u00e7ar uma melhor posi\u00e7\u00e3o de uso do aparelho com mais conforto e ergonomia nos mais variados ambientes, como escola, trabalho ou em casa. A constru\u00e7\u00e3o funcional em a\u00e7o do suporte e suas aberturas nas laterais e no centro ajudam na dissipa\u00e7\u00e3o de calor do aparelho aliada com as tiras antiderrapantes nas laterais e nas bordas inferiores garantem um uso mais seguro e est\u00e1vel do eletr\u00f4nico.<\/span><\/p>\n<\/div>\n<div class=\"desc\">\n<p class=\"desc-tit\">Altura<span class=\"desc-sub\">\u00a0:\u00a0 3 cm<\/span><\/p>\n<\/div>\n<div class=\"desc\">\n<p class=\"desc-tit\">Largura<span class=\"desc-sub\">\u00a0:\u00a0 22 cm<\/span><\/p>\n<\/div>\n<div class=\"desc\">\n<p class=\"desc-tit\">Profundidade<span class=\"desc-sub\">\u00a0:\u00a0 25 cm<\/span><\/p>\n<\/div>\n<div class=\"desc\">\n<p class=\"desc-tit\">Espessura<span class=\"desc-sub\">\u00a0:\u00a0 3 cm<\/span><\/p>\n<\/div>\n<div class=\"desc\">\n<p class=\"desc-tit\">Comprimento<span class=\"desc-sub\">\u00a0:\u00a0 25 cm<\/span><\/p>\n<\/div>\n<div class=\"desc\">\n<p class=\"desc-tit\">Medidas aproximadas para grava\u00e7\u00e3o<span class=\"desc-sub\">\u00a0(CxL):\u00a0 8 cm x 3 cm (caixa)<\/span><\/p>\n<\/div>\n<div class=\"desc\">\n<p class=\"desc-tit\">Peso aproximado<span class=\"desc-sub\">\u00a0(g):\u00a0 915<\/span><\/p>\n<\/div>\n<\/div>\n","protected":false},"excerpt":{"rendered":"<p>08259 Suporte Articulado Met\u00e1lico para Notebook Personalizado. Suporte articulado para notebooks com ajuste em diversos \u00e2ngulos para alcan\u00e7ar uma melhor posi\u00e7\u00e3o de uso do aparelho com<span class=\"excerpt-hellip\"> [\u2026]<\/span><\/p>\n","protected":false},"featured_media":6218,"comment_status":"closed","ping_status":"closed","template":"","meta":[],"product_cat":[377],"product_tag":[2331,2332,2333],"class_list":["post-6204","product","type-product","status-publish","has-post-thumbnail","hentry","product_cat-informatica-som-e-tecnologia","product_tag-suporte-articulado-metalico-notebook-personalizado","product_tag-suporte-articulado-metalico-para-notebook-personalizado","product_tag-suporte-notebook-personalizado"],"_links":{"self":[{"href":"https:\/\/vohnabrindes.com.br\/index.php\/wp-json\/wp\/v2\/product\/6204","targetHints":{"allow":["GET"]}}],"collection":[{"href":"https:\/\/vohnabrindes.com.br\/index.php\/wp-json\/wp\/v2\/product"}],"about":[{"href":"https:\/\/vohnabrindes.com.br\/index.php\/wp-json\/wp\/v2\/types\/product"}],"replies":[{"embeddable":true,"href":"https:\/\/vohnabrindes.com.br\/index.php\/wp-json\/wp\/v2\/comments?post=6204"}],"version-history":[{"count":1,"href":"https:\/\/vohnabrindes.com.br\/index.php\/wp-json\/wp\/v2\/product\/6204\/revisions"}],"predecessor-version":[{"id":6219,"href":"https:\/\/vohnabrindes.com.br\/index.php\/wp-json\/wp\/v2\/product\/6204\/revisions\/6219"}],"wp:featuredmedia":[{"embeddable":true,"href":"https:\/\/vohnabrindes.com.br\/index.php\/wp-json\/wp\/v2\/media\/6218"}],"wp:attachment":[{"href":"https:\/\/vohnabrindes.com.br\/index.php\/wp-json\/wp\/v2\/media?parent=6204"}],"wp:term":[{"taxonomy":"product_cat","embeddable":true,"href":"https:\/\/vohnabrindes.com.br\/index.php\/wp-json\/wp\/v2\/product_cat?post=6204"},{"taxonomy":"product_tag","embeddable":true,"href":"https:\/\/vohnabrindes.com.br\/index.php\/wp-json\/wp\/v2\/product_tag?post=6204"}],"curies":[{"name":"wp","href":"https:\/\/api.w.org\/{rel}","templated":true}]}}