{"id":6205,"date":"2025-08-22T16:30:56","date_gmt":"2025-08-22T19:30:56","guid":{"rendered":"https:\/\/vohnabrindes.com.br\/?post_type=product&#038;p=6205"},"modified":"2025-08-22T16:31:10","modified_gmt":"2025-08-22T19:31:10","slug":"suporte-retratil-para-notebook-multi-angulos","status":"publish","type":"product","link":"https:\/\/vohnabrindes.com.br\/index.php\/product\/suporte-retratil-para-notebook-multi-angulos\/","title":{"rendered":"Suporte Retr\u00e1til para Notebook Multi \u00c2ngulos"},"content":{"rendered":"<pre id=\"item_referencia\">14522B<\/pre>\n<p class=\"produto-nome\">Suporte Retr\u00e1til para Notebook Multi \u00c2ngulos<\/p>\n<div class=\"caracs\">\n<div class=\"desc\">\n<p class=\"desc-tit\">Descri\u00e7\u00e3o:\u00a0<span class=\"desc-sub my-desc-sub\">Um suporte para notebook retr\u00e1til que combina com qualquer ambiente. Feito em pl\u00e1stico resistente, o suporte conta com at\u00e9 sete posi\u00e7\u00f5es de ajustes para oferecer mais op\u00e7\u00f5es para apoiar notebooks de at\u00e9 15,6 polegadas, tudo isso sem abrir m\u00e3o da ergonomia e eleg\u00e2ncia, essenciais para um bom desempenho ou apresenta\u00e7\u00e3o das mais variadas atividades. Ele tamb\u00e9m conta com tiras laterais em silicone para ajudar a manter o aparelho mais firme e, al\u00e9m disso, o formato do suporte cont\u00e9m um design aberto para facilitar a dissipa\u00e7\u00e3o de calor do eletr\u00f4nico sobre ele.<\/span><\/p>\n<\/div>\n<div class=\"desc\">\n<p class=\"desc-tit\">Altura<span class=\"desc-sub\">\u00a0:\u00a0 15,5 cm<\/span><\/p>\n<\/div>\n<div class=\"desc\">\n<p class=\"desc-tit\">Largura<span class=\"desc-sub\">\u00a0:\u00a0 4,5 cm<\/span><\/p>\n<\/div>\n<div class=\"desc\">\n<p class=\"desc-tit\">Espessura<span class=\"desc-sub\">\u00a0:\u00a0 2 cm<\/span><\/p>\n<\/div>\n<div class=\"desc\">\n<p class=\"desc-tit\">Comprimento<span class=\"desc-sub\">\u00a0:\u00a0 26 cm<\/span><\/p>\n<\/div>\n<div class=\"desc\">\n<p class=\"desc-tit\">Medidas aproximadas para grava\u00e7\u00e3o<span class=\"desc-sub\">\u00a0(CxL):\u00a0 8 cm x 1 cm<\/span><\/p>\n<\/div>\n<div class=\"desc\">\n<p class=\"desc-tit\">Peso aproximado<span class=\"desc-sub\">\u00a0(g):\u00a0 147<\/span><\/p>\n<\/div>\n<\/div>\n","protected":false},"excerpt":{"rendered":"<p>14522B Suporte Retr\u00e1til para Notebook Multi \u00c2ngulos Descri\u00e7\u00e3o:\u00a0Um suporte para notebook retr\u00e1til que combina com qualquer ambiente. Feito em pl\u00e1stico resistente, o suporte conta com at\u00e9<span class=\"excerpt-hellip\"> [\u2026]<\/span><\/p>\n","protected":false},"featured_media":6220,"comment_status":"closed","ping_status":"closed","template":"","meta":[],"product_cat":[377],"product_tag":[2334,2335,2336],"class_list":["post-6205","product","type-product","status-publish","has-post-thumbnail","hentry","product_cat-informatica-som-e-tecnologia","product_tag-suporte-retratil-para-notebook","product_tag-suporte-retratil-para-notebook-multi-angulos","product_tag-suporte-retratil-para-notebook-personalizados"],"_links":{"self":[{"href":"https:\/\/vohnabrindes.com.br\/index.php\/wp-json\/wp\/v2\/product\/6205","targetHints":{"allow":["GET"]}}],"collection":[{"href":"https:\/\/vohnabrindes.com.br\/index.php\/wp-json\/wp\/v2\/product"}],"about":[{"href":"https:\/\/vohnabrindes.com.br\/index.php\/wp-json\/wp\/v2\/types\/product"}],"replies":[{"embeddable":true,"href":"https:\/\/vohnabrindes.com.br\/index.php\/wp-json\/wp\/v2\/comments?post=6205"}],"version-history":[{"count":1,"href":"https:\/\/vohnabrindes.com.br\/index.php\/wp-json\/wp\/v2\/product\/6205\/revisions"}],"predecessor-version":[{"id":6221,"href":"https:\/\/vohnabrindes.com.br\/index.php\/wp-json\/wp\/v2\/product\/6205\/revisions\/6221"}],"wp:featuredmedia":[{"embeddable":true,"href":"https:\/\/vohnabrindes.com.br\/index.php\/wp-json\/wp\/v2\/media\/6220"}],"wp:attachment":[{"href":"https:\/\/vohnabrindes.com.br\/index.php\/wp-json\/wp\/v2\/media?parent=6205"}],"wp:term":[{"taxonomy":"product_cat","embeddable":true,"href":"https:\/\/vohnabrindes.com.br\/index.php\/wp-json\/wp\/v2\/product_cat?post=6205"},{"taxonomy":"product_tag","embeddable":true,"href":"https:\/\/vohnabrindes.com.br\/index.php\/wp-json\/wp\/v2\/product_tag?post=6205"}],"curies":[{"name":"wp","href":"https:\/\/api.w.org\/{rel}","templated":true}]}}