{"id":6206,"date":"2025-08-22T16:30:56","date_gmt":"2025-08-22T19:30:56","guid":{"rendered":"https:\/\/vohnabrindes.com.br\/?post_type=product&#038;p=6206"},"modified":"2025-08-22T16:31:11","modified_gmt":"2025-08-22T19:31:11","slug":"mochila-poliester-17-litros-personalizada","status":"publish","type":"product","link":"https:\/\/vohnabrindes.com.br\/index.php\/product\/mochila-poliester-17-litros-personalizada\/","title":{"rendered":"Mochila Poli\u00e9ster 17 Litros Personalizada."},"content":{"rendered":"<pre id=\"item_referencia\">08343<\/pre>\n<p class=\"produto-nome\">Mochila Poli\u00e9ster 17 Litros Personalizada.<\/p>\n<div class=\"caracs\">\n<div class=\"desc\">\n<p class=\"desc-tit\"><span class=\"desc-sub my-desc-sub\">Espa\u00e7o, conforto e praticidade reunidos em uma s\u00f3 mochila de poli\u00e9ster imperme\u00e1vel. Com sua capacidade de at\u00e9 17 litros, seu compartimento interno traz um pequeno bolso com z\u00edper e uma divis\u00f3ria acolchoada, ideal para guardar notebooks de at\u00e9 15,6 polegadas. Al\u00e9m disso, a mochila conta com tr\u00eas bolsos externos em tamanhos diferentes e mais dois bolsos laterais em tela com regulagem. As al\u00e7as de costas e de m\u00e3o possuem revestimento espumado.<\/span><\/p>\n<\/div>\n<div class=\"desc\">\n<p class=\"desc-tit\">Altura<span class=\"desc-sub\">\u00a0:\u00a0 44 cm<\/span><\/p>\n<\/div>\n<div class=\"desc\">\n<p class=\"desc-tit\">Largura<span class=\"desc-sub\">\u00a0:\u00a0 29 cm<\/span><\/p>\n<\/div>\n<div class=\"desc\">\n<p class=\"desc-tit\">Profundidade<span class=\"desc-sub\">\u00a0:\u00a0 15 cm<\/span><\/p>\n<\/div>\n<div class=\"desc\">\n<p class=\"desc-tit\">Peso aproximado<span class=\"desc-sub\">\u00a0(g):\u00a0 463<\/span><\/p>\n<\/div>\n<\/div>\n","protected":false},"excerpt":{"rendered":"<p>08343 Mochila Poli\u00e9ster 17 Litros Personalizada. Espa\u00e7o, conforto e praticidade reunidos em uma s\u00f3 mochila de poli\u00e9ster imperme\u00e1vel. Com sua capacidade de at\u00e9 17 litros, seu<span class=\"excerpt-hellip\"> [\u2026]<\/span><\/p>\n","protected":false},"featured_media":6222,"comment_status":"closed","ping_status":"closed","template":"","meta":[],"product_cat":[171],"product_tag":[283,2337,2338],"class_list":["post-6206","product","type-product","status-publish","has-post-thumbnail","hentry","product_cat-mochilas-e-malas","product_tag-mochila-para-notebook-personalizada","product_tag-mochila-poliester-17-litros-personalizada","product_tag-mochila-poliester-personalizada"],"_links":{"self":[{"href":"https:\/\/vohnabrindes.com.br\/index.php\/wp-json\/wp\/v2\/product\/6206","targetHints":{"allow":["GET"]}}],"collection":[{"href":"https:\/\/vohnabrindes.com.br\/index.php\/wp-json\/wp\/v2\/product"}],"about":[{"href":"https:\/\/vohnabrindes.com.br\/index.php\/wp-json\/wp\/v2\/types\/product"}],"replies":[{"embeddable":true,"href":"https:\/\/vohnabrindes.com.br\/index.php\/wp-json\/wp\/v2\/comments?post=6206"}],"version-history":[{"count":1,"href":"https:\/\/vohnabrindes.com.br\/index.php\/wp-json\/wp\/v2\/product\/6206\/revisions"}],"predecessor-version":[{"id":6223,"href":"https:\/\/vohnabrindes.com.br\/index.php\/wp-json\/wp\/v2\/product\/6206\/revisions\/6223"}],"wp:featuredmedia":[{"embeddable":true,"href":"https:\/\/vohnabrindes.com.br\/index.php\/wp-json\/wp\/v2\/media\/6222"}],"wp:attachment":[{"href":"https:\/\/vohnabrindes.com.br\/index.php\/wp-json\/wp\/v2\/media?parent=6206"}],"wp:term":[{"taxonomy":"product_cat","embeddable":true,"href":"https:\/\/vohnabrindes.com.br\/index.php\/wp-json\/wp\/v2\/product_cat?post=6206"},{"taxonomy":"product_tag","embeddable":true,"href":"https:\/\/vohnabrindes.com.br\/index.php\/wp-json\/wp\/v2\/product_tag?post=6206"}],"curies":[{"name":"wp","href":"https:\/\/api.w.org\/{rel}","templated":true}]}}