{"id":6226,"date":"2025-08-22T16:31:11","date_gmt":"2025-08-22T19:31:11","guid":{"rendered":"https:\/\/vohnabrindes.com.br\/?post_type=product&#038;p=6226"},"modified":"2025-08-22T16:31:15","modified_gmt":"2025-08-22T19:31:15","slug":"sacola-ecologica-personalizada-6","status":"publish","type":"product","link":"https:\/\/vohnabrindes.com.br\/index.php\/product\/sacola-ecologica-personalizada-6\/","title":{"rendered":"Sacola ecol\u00f3gica personalizada."},"content":{"rendered":"<div class=\"sku\">\n<h6 class=\"products-main-title text-2xl uppercase\">BAC006<\/h6>\n<\/div>\n<h6 class=\"title\">Sacola ecol\u00f3gica personalizada.<\/h6>\n<div class=\"description\">\n<h6>Sacola em algod\u00e3o cru 140g\/m\u00b2 com al\u00e7a colorida em algod\u00e3o liso. Al\u00e7a com altura de 29 cm, ideal para transporte.<\/h6>\n<p><strong>Dimens\u00e3o do produto:<\/strong>41,3x38x10cm (AxL)<\/p>\n<p><strong>Peso do produto:<\/strong>0,068kg<\/p>\n<p><strong>Volume:<\/strong>15L<\/p>\n<\/div>\n","protected":false},"excerpt":{"rendered":"<p>BAC006 Sacola ecol\u00f3gica personalizada. Sacola em algod\u00e3o cru 140g\/m\u00b2 com al\u00e7a colorida em algod\u00e3o liso. Al\u00e7a com altura de 29 cm, ideal para transporte. Dimens\u00e3o do<span class=\"excerpt-hellip\"> [\u2026]<\/span><\/p>\n","protected":false},"featured_media":6231,"comment_status":"closed","ping_status":"closed","template":"","meta":[],"product_cat":[210],"product_tag":[1200,381,737,213],"class_list":["post-6226","product","type-product","status-publish","has-post-thumbnail","hentry","product_cat-sacolas","product_tag-sacola-com-logo","product_tag-sacola-com-logomarca","product_tag-sacola-ecobag-personalizada","product_tag-sacola-ecologica-personalizada"],"_links":{"self":[{"href":"https:\/\/vohnabrindes.com.br\/index.php\/wp-json\/wp\/v2\/product\/6226","targetHints":{"allow":["GET"]}}],"collection":[{"href":"https:\/\/vohnabrindes.com.br\/index.php\/wp-json\/wp\/v2\/product"}],"about":[{"href":"https:\/\/vohnabrindes.com.br\/index.php\/wp-json\/wp\/v2\/types\/product"}],"replies":[{"embeddable":true,"href":"https:\/\/vohnabrindes.com.br\/index.php\/wp-json\/wp\/v2\/comments?post=6226"}],"version-history":[{"count":1,"href":"https:\/\/vohnabrindes.com.br\/index.php\/wp-json\/wp\/v2\/product\/6226\/revisions"}],"predecessor-version":[{"id":6232,"href":"https:\/\/vohnabrindes.com.br\/index.php\/wp-json\/wp\/v2\/product\/6226\/revisions\/6232"}],"wp:featuredmedia":[{"embeddable":true,"href":"https:\/\/vohnabrindes.com.br\/index.php\/wp-json\/wp\/v2\/media\/6231"}],"wp:attachment":[{"href":"https:\/\/vohnabrindes.com.br\/index.php\/wp-json\/wp\/v2\/media?parent=6226"}],"wp:term":[{"taxonomy":"product_cat","embeddable":true,"href":"https:\/\/vohnabrindes.com.br\/index.php\/wp-json\/wp\/v2\/product_cat?post=6226"},{"taxonomy":"product_tag","embeddable":true,"href":"https:\/\/vohnabrindes.com.br\/index.php\/wp-json\/wp\/v2\/product_tag?post=6226"}],"curies":[{"name":"wp","href":"https:\/\/api.w.org\/{rel}","templated":true}]}}