{"id":6278,"date":"2025-09-26T14:11:12","date_gmt":"2025-09-26T17:11:12","guid":{"rendered":"https:\/\/vohnabrindes.com.br\/?post_type=product&#038;p=6278"},"modified":"2025-09-26T14:11:12","modified_gmt":"2025-09-26T17:11:12","slug":"kit-queijo-5-pecas-personalizado-3","status":"publish","type":"product","link":"https:\/\/vohnabrindes.com.br\/index.php\/product\/kit-queijo-5-pecas-personalizado-3\/","title":{"rendered":"Kit Queijo 5 pe\u00e7as personalizado."},"content":{"rendered":"<pre id=\"item_referencia\">12222<\/pre>\n<p class=\"produto-nome\"><span class=\"desc-sub my-desc-sub\">Kit queijo 5 pe\u00e7as em estojo de nylon com z\u00edper e al\u00e7a. Cont\u00e9m: esp\u00e1tula grande, garfo, faca reta, esp\u00e1tula pequena e t\u00e1bua de bambu. Estojo com rede interna para guardar a t\u00e1bua e velcro para ficar as pe\u00e7as.<\/span><\/p>\n<div class=\"caracs\">\n<div class=\"desc\">\n<p class=\"desc-tit\">Altura<span class=\"desc-sub\">\u00a0:\u00a0 23,5 cm<\/span><\/p>\n<\/div>\n<div class=\"desc\">\n<p class=\"desc-tit\">Largura<span class=\"desc-sub\">\u00a0:\u00a0 23,6 cm<\/span><\/p>\n<\/div>\n<\/div>\n","protected":false},"excerpt":{"rendered":"<p>12222 Kit queijo 5 pe\u00e7as em estojo de nylon com z\u00edper e al\u00e7a. Cont\u00e9m: esp\u00e1tula grande, garfo, faca reta, esp\u00e1tula pequena e t\u00e1bua de bambu. Estojo<span class=\"excerpt-hellip\"> [\u2026]<\/span><\/p>\n","protected":false},"featured_media":1701,"comment_status":"open","ping_status":"closed","template":"","meta":[],"product_cat":[561],"product_tag":[607,605],"class_list":["post-6278","product","type-product","status-publish","has-post-thumbnail","hentry","product_cat-kit-queijo-e-pizza","product_tag-kit-queijo-5-pecas","product_tag-kit-queijo-personalizado"],"_links":{"self":[{"href":"https:\/\/vohnabrindes.com.br\/index.php\/wp-json\/wp\/v2\/product\/6278","targetHints":{"allow":["GET"]}}],"collection":[{"href":"https:\/\/vohnabrindes.com.br\/index.php\/wp-json\/wp\/v2\/product"}],"about":[{"href":"https:\/\/vohnabrindes.com.br\/index.php\/wp-json\/wp\/v2\/types\/product"}],"replies":[{"embeddable":true,"href":"https:\/\/vohnabrindes.com.br\/index.php\/wp-json\/wp\/v2\/comments?post=6278"}],"version-history":[{"count":1,"href":"https:\/\/vohnabrindes.com.br\/index.php\/wp-json\/wp\/v2\/product\/6278\/revisions"}],"predecessor-version":[{"id":6279,"href":"https:\/\/vohnabrindes.com.br\/index.php\/wp-json\/wp\/v2\/product\/6278\/revisions\/6279"}],"wp:featuredmedia":[{"embeddable":true,"href":"https:\/\/vohnabrindes.com.br\/index.php\/wp-json\/wp\/v2\/media\/1701"}],"wp:attachment":[{"href":"https:\/\/vohnabrindes.com.br\/index.php\/wp-json\/wp\/v2\/media?parent=6278"}],"wp:term":[{"taxonomy":"product_cat","embeddable":true,"href":"https:\/\/vohnabrindes.com.br\/index.php\/wp-json\/wp\/v2\/product_cat?post=6278"},{"taxonomy":"product_tag","embeddable":true,"href":"https:\/\/vohnabrindes.com.br\/index.php\/wp-json\/wp\/v2\/product_tag?post=6278"}],"curies":[{"name":"wp","href":"https:\/\/api.w.org\/{rel}","templated":true}]}}