{"id":6280,"date":"2025-09-26T14:11:12","date_gmt":"2025-09-26T17:11:12","guid":{"rendered":"https:\/\/vohnabrindes.com.br\/?post_type=product&#038;p=6280"},"modified":"2025-09-26T14:11:13","modified_gmt":"2025-09-26T17:11:13","slug":"kit-queijo-e-vinho-9-pecas-luxo-personalizado-2","status":"publish","type":"product","link":"https:\/\/vohnabrindes.com.br\/index.php\/product\/kit-queijo-e-vinho-9-pecas-luxo-personalizado-2\/","title":{"rendered":"Kit Queijo E Vinho 9 pe\u00e7as luxo personalizado."},"content":{"rendered":"<h6 class=\"fc-azul ff-opensans no-margin\">Kit Queijo E Vinho Com Espa\u00e7o Para Garrafa &#8211; 9 P\u00e7s<\/h6>\n<h6>Kit para queijo e vinho com t\u00e1bua para queijo e petiscos; Duas facas, sendo uma com ponta e outra reta, garfo e esp\u00e1tula em Bambu\/Inox; Duas ta\u00e7as para vinho em vidro; Abridor e tamp\u00e3o em metal; Espa\u00e7o para garrafa com palha (N\u00c3O ACOMPANHA GARRAFA). Est\u00e3o perfeitamente acomodados em uma caixa para presentear.<\/h6>\n<h6 class=\"fc-cinza4 ff-nunito fw-semibold texto-upper no-margin\">KT-90007<\/h6>\n","protected":false},"excerpt":{"rendered":"<p>Kit Queijo E Vinho Com Espa\u00e7o Para Garrafa &#8211; 9 P\u00e7s Kit para queijo e vinho com t\u00e1bua para queijo e petiscos; Duas facas, sendo uma<span class=\"excerpt-hellip\"> [\u2026]<\/span><\/p>\n","protected":false},"featured_media":1707,"comment_status":"open","ping_status":"closed","template":"","meta":[],"product_cat":[561,448],"product_tag":[592,612,605],"class_list":["post-6280","product","type-product","status-publish","has-post-thumbnail","hentry","product_cat-kit-queijo-e-pizza","product_cat-kit-vinho-bar-e-comemoracao","product_tag-kit-comemoracao-personalizado","product_tag-kit-queijo-e-vinho-9-pecas-luxo-personalizado","product_tag-kit-queijo-personalizado"],"_links":{"self":[{"href":"https:\/\/vohnabrindes.com.br\/index.php\/wp-json\/wp\/v2\/product\/6280","targetHints":{"allow":["GET"]}}],"collection":[{"href":"https:\/\/vohnabrindes.com.br\/index.php\/wp-json\/wp\/v2\/product"}],"about":[{"href":"https:\/\/vohnabrindes.com.br\/index.php\/wp-json\/wp\/v2\/types\/product"}],"replies":[{"embeddable":true,"href":"https:\/\/vohnabrindes.com.br\/index.php\/wp-json\/wp\/v2\/comments?post=6280"}],"version-history":[{"count":1,"href":"https:\/\/vohnabrindes.com.br\/index.php\/wp-json\/wp\/v2\/product\/6280\/revisions"}],"predecessor-version":[{"id":6289,"href":"https:\/\/vohnabrindes.com.br\/index.php\/wp-json\/wp\/v2\/product\/6280\/revisions\/6289"}],"wp:featuredmedia":[{"embeddable":true,"href":"https:\/\/vohnabrindes.com.br\/index.php\/wp-json\/wp\/v2\/media\/1707"}],"wp:attachment":[{"href":"https:\/\/vohnabrindes.com.br\/index.php\/wp-json\/wp\/v2\/media?parent=6280"}],"wp:term":[{"taxonomy":"product_cat","embeddable":true,"href":"https:\/\/vohnabrindes.com.br\/index.php\/wp-json\/wp\/v2\/product_cat?post=6280"},{"taxonomy":"product_tag","embeddable":true,"href":"https:\/\/vohnabrindes.com.br\/index.php\/wp-json\/wp\/v2\/product_tag?post=6280"}],"curies":[{"name":"wp","href":"https:\/\/api.w.org\/{rel}","templated":true}]}}