{"id":6284,"date":"2025-09-26T14:11:13","date_gmt":"2025-09-26T17:11:13","guid":{"rendered":"https:\/\/vohnabrindes.com.br\/?post_type=product&#038;p=6284"},"modified":"2025-09-26T14:11:13","modified_gmt":"2025-09-26T17:11:13","slug":"caixa-de-som-multimidia-personalizada-2","status":"publish","type":"product","link":"https:\/\/vohnabrindes.com.br\/index.php\/product\/caixa-de-som-multimidia-personalizada-2\/","title":{"rendered":"Caixa de Som Multim\u00eddia personalizada."},"content":{"rendered":"<pre id=\"item_referencia\">04362<\/pre>\n<p class=\"produto-nome\">Caixa de Som Multim\u00eddia<\/p>\n<div class=\"caracs\">\n<div class=\"desc\">\n<p class=\"desc-tit\"><span class=\"desc-sub my-desc-sub\">Caixa de som multim\u00eddia. Material pl\u00e1stico resistente a \u00e1gua, e falantes com acabamento em tecido, possui um cord\u00e3o de nylon acoplado para facilitar o transporte. A caixinha funciona nos modos Bluetooth, Radio FM, Cart\u00e3o TF (Micro SD), Auxiliar e USB. Possui bateria de longa dura\u00e7\u00e3o, com autonomia de aproximadamente 35 horas continuas de reprodu\u00e7\u00e3o. \u00c9 poss\u00edvel emparelhar 2 caixinhas do mesmo modelo e executar o som sincronizado em ambas. Acompanha cabo USB e cabo auxiliar P2<\/span><\/p>\n<\/div>\n<div class=\"desc\">\n<p class=\"desc-tit\">Altura<span class=\"desc-sub\">\u00a0:\u00a0 10,5 cm<\/span><\/p>\n<\/div>\n<div class=\"desc\">\n<p class=\"desc-tit\">Largura<span class=\"desc-sub\">\u00a0:\u00a0 9,6 cm<\/span><\/p>\n<\/div>\n<div class=\"desc\">\n<p class=\"desc-tit\">Medidas aproximadas para grava\u00e7\u00e3o<span class=\"desc-sub\">\u00a0(CxL):\u00a0 2,2 cm x 5,1 cm<\/span><\/p>\n<\/div>\n<div class=\"desc\">\n<p class=\"desc-tit\">Peso aproximado<span class=\"desc-sub\">\u00a0(g):\u00a0 300<\/span><\/p>\n<\/div>\n<\/div>\n","protected":false},"excerpt":{"rendered":"<p>04362 Caixa de Som Multim\u00eddia Caixa de som multim\u00eddia. Material pl\u00e1stico resistente a \u00e1gua, e falantes com acabamento em tecido, possui um cord\u00e3o de nylon acoplado<span class=\"excerpt-hellip\"> [\u2026]<\/span><\/p>\n","protected":false},"featured_media":1831,"comment_status":"open","ping_status":"closed","template":"","meta":[],"product_cat":[377],"product_tag":[639,378],"class_list":["post-6284","product","type-product","status-publish","has-post-thumbnail","hentry","product_cat-informatica-som-e-tecnologia","product_tag-caixa-de-som-multimidia","product_tag-caixa-de-som-personalizada"],"_links":{"self":[{"href":"https:\/\/vohnabrindes.com.br\/index.php\/wp-json\/wp\/v2\/product\/6284","targetHints":{"allow":["GET"]}}],"collection":[{"href":"https:\/\/vohnabrindes.com.br\/index.php\/wp-json\/wp\/v2\/product"}],"about":[{"href":"https:\/\/vohnabrindes.com.br\/index.php\/wp-json\/wp\/v2\/types\/product"}],"replies":[{"embeddable":true,"href":"https:\/\/vohnabrindes.com.br\/index.php\/wp-json\/wp\/v2\/comments?post=6284"}],"version-history":[{"count":1,"href":"https:\/\/vohnabrindes.com.br\/index.php\/wp-json\/wp\/v2\/product\/6284\/revisions"}],"predecessor-version":[{"id":6293,"href":"https:\/\/vohnabrindes.com.br\/index.php\/wp-json\/wp\/v2\/product\/6284\/revisions\/6293"}],"wp:featuredmedia":[{"embeddable":true,"href":"https:\/\/vohnabrindes.com.br\/index.php\/wp-json\/wp\/v2\/media\/1831"}],"wp:attachment":[{"href":"https:\/\/vohnabrindes.com.br\/index.php\/wp-json\/wp\/v2\/media?parent=6284"}],"wp:term":[{"taxonomy":"product_cat","embeddable":true,"href":"https:\/\/vohnabrindes.com.br\/index.php\/wp-json\/wp\/v2\/product_cat?post=6284"},{"taxonomy":"product_tag","embeddable":true,"href":"https:\/\/vohnabrindes.com.br\/index.php\/wp-json\/wp\/v2\/product_tag?post=6284"}],"curies":[{"name":"wp","href":"https:\/\/api.w.org\/{rel}","templated":true}]}}