{"id":6298,"date":"2025-09-26T14:11:14","date_gmt":"2025-09-26T17:11:14","guid":{"rendered":"https:\/\/vohnabrindes.com.br\/?post_type=product&#038;p=6298"},"modified":"2025-09-26T14:11:16","modified_gmt":"2025-09-26T17:11:16","slug":"agenda-personalizada","status":"publish","type":"product","link":"https:\/\/vohnabrindes.com.br\/index.php\/product\/agenda-personalizada\/","title":{"rendered":"Agenda  personalizada."},"content":{"rendered":"<div class=\"ref\">\n<div class=\"ref\">66221-MUSSET A5.<\/div>\n<div class=\"ref\">Agenda personalizada.<\/div>\n<div class=\"texto\">Agenda A5 em PU (58% reciclado), com fecho magn\u00e9tico e placa met\u00e1lica.<\/div>\n<div class=\"texto\">Possui um suporte para esferogr\u00e1fica (n\u00e3o inclusa) e um marcador em fita.<\/div>\n<div class=\"texto\">Est\u00e1 organizada em plano di\u00e1rio (70 g\/m\u00b2). 148 x 212 mm<\/div>\n<\/div>\n","protected":false},"excerpt":{"rendered":"<p>66221-MUSSET A5. Agenda personalizada. Agenda A5 em PU (58% reciclado), com fecho magn\u00e9tico e placa met\u00e1lica. Possui um suporte para esferogr\u00e1fica (n\u00e3o inclusa) e um marcador<span class=\"excerpt-hellip\"> [\u2026]<\/span><\/p>\n","protected":false},"featured_media":6308,"comment_status":"closed","ping_status":"closed","template":"","meta":[],"product_cat":[151],"product_tag":[153,668,671,156],"class_list":["post-6298","product","type-product","status-publish","has-post-thumbnail","hentry","product_cat-agendas-e-planners","product_tag-agenda","product_tag-agenda-de-bolso-personalizada","product_tag-agenda-personalizada","product_tag-agendas-personalizadas"],"_links":{"self":[{"href":"https:\/\/vohnabrindes.com.br\/index.php\/wp-json\/wp\/v2\/product\/6298","targetHints":{"allow":["GET"]}}],"collection":[{"href":"https:\/\/vohnabrindes.com.br\/index.php\/wp-json\/wp\/v2\/product"}],"about":[{"href":"https:\/\/vohnabrindes.com.br\/index.php\/wp-json\/wp\/v2\/types\/product"}],"replies":[{"embeddable":true,"href":"https:\/\/vohnabrindes.com.br\/index.php\/wp-json\/wp\/v2\/comments?post=6298"}],"version-history":[{"count":1,"href":"https:\/\/vohnabrindes.com.br\/index.php\/wp-json\/wp\/v2\/product\/6298\/revisions"}],"predecessor-version":[{"id":6309,"href":"https:\/\/vohnabrindes.com.br\/index.php\/wp-json\/wp\/v2\/product\/6298\/revisions\/6309"}],"wp:featuredmedia":[{"embeddable":true,"href":"https:\/\/vohnabrindes.com.br\/index.php\/wp-json\/wp\/v2\/media\/6308"}],"wp:attachment":[{"href":"https:\/\/vohnabrindes.com.br\/index.php\/wp-json\/wp\/v2\/media?parent=6298"}],"wp:term":[{"taxonomy":"product_cat","embeddable":true,"href":"https:\/\/vohnabrindes.com.br\/index.php\/wp-json\/wp\/v2\/product_cat?post=6298"},{"taxonomy":"product_tag","embeddable":true,"href":"https:\/\/vohnabrindes.com.br\/index.php\/wp-json\/wp\/v2\/product_tag?post=6298"}],"curies":[{"name":"wp","href":"https:\/\/api.w.org\/{rel}","templated":true}]}}