{"id":6299,"date":"2025-09-26T14:11:14","date_gmt":"2025-09-26T17:11:14","guid":{"rendered":"https:\/\/vohnabrindes.com.br\/?post_type=product&#038;p=6299"},"modified":"2025-09-26T14:11:17","modified_gmt":"2025-09-26T17:11:17","slug":"agenda-em-rpet-personalizada-2","status":"publish","type":"product","link":"https:\/\/vohnabrindes.com.br\/index.php\/product\/agenda-em-rpet-personalizada-2\/","title":{"rendered":"Agenda em rPET personalizada."},"content":{"rendered":"<div class=\"ref\">\n<div class=\"ref\">66201-ANDRESEN A5.<\/div>\n<div class=\"ref\">Agenda em PET reciclado (100% rPET)<\/div>\n<div class=\"texto\">Agenda A5 em PET reciclado (100% rPET), com fecho magn\u00e9tico em PU. Possui um marcador em fita e suporte para esferogr\u00e1fica (n\u00e3o inclusa). Est\u00e1 organizada num plano di\u00e1rio. Fornecida com bolsa de non-woven. 148 x 210 mm | Bolsa: 205 x 250 mm<\/div>\n<\/div>\n","protected":false},"excerpt":{"rendered":"<p>66201-ANDRESEN A5. Agenda em PET reciclado (100% rPET) Agenda A5 em PET reciclado (100% rPET), com fecho magn\u00e9tico em PU. Possui um marcador em fita e<span class=\"excerpt-hellip\"> [\u2026]<\/span><\/p>\n","protected":false},"featured_media":6310,"comment_status":"closed","ping_status":"closed","template":"","meta":[],"product_cat":[151],"product_tag":[153,154,155,669],"class_list":["post-6299","product","type-product","status-publish","has-post-thumbnail","hentry","product_cat-agendas-e-planners","product_tag-agenda","product_tag-agenda-2024","product_tag-agenda-diaria","product_tag-agenda-luxo-personalizada"],"_links":{"self":[{"href":"https:\/\/vohnabrindes.com.br\/index.php\/wp-json\/wp\/v2\/product\/6299","targetHints":{"allow":["GET"]}}],"collection":[{"href":"https:\/\/vohnabrindes.com.br\/index.php\/wp-json\/wp\/v2\/product"}],"about":[{"href":"https:\/\/vohnabrindes.com.br\/index.php\/wp-json\/wp\/v2\/types\/product"}],"replies":[{"embeddable":true,"href":"https:\/\/vohnabrindes.com.br\/index.php\/wp-json\/wp\/v2\/comments?post=6299"}],"version-history":[{"count":1,"href":"https:\/\/vohnabrindes.com.br\/index.php\/wp-json\/wp\/v2\/product\/6299\/revisions"}],"predecessor-version":[{"id":6311,"href":"https:\/\/vohnabrindes.com.br\/index.php\/wp-json\/wp\/v2\/product\/6299\/revisions\/6311"}],"wp:featuredmedia":[{"embeddable":true,"href":"https:\/\/vohnabrindes.com.br\/index.php\/wp-json\/wp\/v2\/media\/6310"}],"wp:attachment":[{"href":"https:\/\/vohnabrindes.com.br\/index.php\/wp-json\/wp\/v2\/media?parent=6299"}],"wp:term":[{"taxonomy":"product_cat","embeddable":true,"href":"https:\/\/vohnabrindes.com.br\/index.php\/wp-json\/wp\/v2\/product_cat?post=6299"},{"taxonomy":"product_tag","embeddable":true,"href":"https:\/\/vohnabrindes.com.br\/index.php\/wp-json\/wp\/v2\/product_tag?post=6299"}],"curies":[{"name":"wp","href":"https:\/\/api.w.org\/{rel}","templated":true}]}}