{"id":6302,"date":"2025-09-26T14:11:14","date_gmt":"2025-09-26T17:11:14","guid":{"rendered":"https:\/\/vohnabrindes.com.br\/?post_type=product&#038;p=6302"},"modified":"2025-09-26T14:11:19","modified_gmt":"2025-09-26T17:11:19","slug":"pasta-a4-de-convencoes-personalizada-3","status":"publish","type":"product","link":"https:\/\/vohnabrindes.com.br\/index.php\/product\/pasta-a4-de-convencoes-personalizada-3\/","title":{"rendered":"Pasta A4 de conven\u00e7\u00f5es personalizada."},"content":{"rendered":"<div class=\"ref\">92038-BIELO.<\/div>\n<div class=\"ref\">Pasta A4 de conven\u00e7\u00f5es personalizada.<\/div>\n<div class=\"texto\">Pasta A4 em couro sint\u00e9tico, com bolso frontal e fecho. No interior tem v\u00e1rios bolsos e suporte para esferogr\u00e1fica (n\u00e3o inclusa). Cont\u00e9m um bloco com 20 folhas pautadas e calculadora dual-power de 8 d\u00edgitos, com pilha LR1130 inclusa. 250 x 345 x 20 mm<\/div>\n","protected":false},"excerpt":{"rendered":"<p>92038-BIELO. Pasta A4 de conven\u00e7\u00f5es personalizada. Pasta A4 em couro sint\u00e9tico, com bolso frontal e fecho. No interior tem v\u00e1rios bolsos e suporte para esferogr\u00e1fica (n\u00e3o<span class=\"excerpt-hellip\"> [\u2026]<\/span><\/p>\n","protected":false},"featured_media":1913,"comment_status":"open","ping_status":"closed","template":"","meta":[],"product_cat":[144],"product_tag":[679,680],"class_list":["post-6302","product","type-product","status-publish","has-post-thumbnail","hentry","product_cat-cadernos-e-pastas","product_tag-pasta-a4-de-convencoes-personalizada","product_tag-pasta-personalizada"],"_links":{"self":[{"href":"https:\/\/vohnabrindes.com.br\/index.php\/wp-json\/wp\/v2\/product\/6302","targetHints":{"allow":["GET"]}}],"collection":[{"href":"https:\/\/vohnabrindes.com.br\/index.php\/wp-json\/wp\/v2\/product"}],"about":[{"href":"https:\/\/vohnabrindes.com.br\/index.php\/wp-json\/wp\/v2\/types\/product"}],"replies":[{"embeddable":true,"href":"https:\/\/vohnabrindes.com.br\/index.php\/wp-json\/wp\/v2\/comments?post=6302"}],"version-history":[{"count":1,"href":"https:\/\/vohnabrindes.com.br\/index.php\/wp-json\/wp\/v2\/product\/6302\/revisions"}],"predecessor-version":[{"id":6315,"href":"https:\/\/vohnabrindes.com.br\/index.php\/wp-json\/wp\/v2\/product\/6302\/revisions\/6315"}],"wp:featuredmedia":[{"embeddable":true,"href":"https:\/\/vohnabrindes.com.br\/index.php\/wp-json\/wp\/v2\/media\/1913"}],"wp:attachment":[{"href":"https:\/\/vohnabrindes.com.br\/index.php\/wp-json\/wp\/v2\/media?parent=6302"}],"wp:term":[{"taxonomy":"product_cat","embeddable":true,"href":"https:\/\/vohnabrindes.com.br\/index.php\/wp-json\/wp\/v2\/product_cat?post=6302"},{"taxonomy":"product_tag","embeddable":true,"href":"https:\/\/vohnabrindes.com.br\/index.php\/wp-json\/wp\/v2\/product_tag?post=6302"}],"curies":[{"name":"wp","href":"https:\/\/api.w.org\/{rel}","templated":true}]}}