{"id":6304,"date":"2025-09-26T14:11:14","date_gmt":"2025-09-26T17:11:14","guid":{"rendered":"https:\/\/vohnabrindes.com.br\/?post_type=product&#038;p=6304"},"modified":"2025-09-26T14:11:19","modified_gmt":"2025-09-26T17:11:19","slug":"kit-petisco-personalizado-4","status":"publish","type":"product","link":"https:\/\/vohnabrindes.com.br\/index.php\/product\/kit-petisco-personalizado-4\/","title":{"rendered":"kit petisco personalizado."},"content":{"rendered":"<pre>Conjunto composto por uma t\u00e1bua redonda em tripla camada invertida de bambu, que proporciona maior durabilidade e resist\u00eancia, com \u00d8 21cm e seis garfinhos para Petisco\/Queijo tamb\u00e9m confeccionados em bambu.\r\n\r\nProduto ecol\u00f3gico e autossustent\u00e1vel. pd15783<\/pre>\n","protected":false},"excerpt":{"rendered":"<p>Conjunto composto por uma t\u00e1bua redonda em tripla camada invertida de bambu, que proporciona maior durabilidade e resist\u00eancia, com \u00d8 21cm e seis garfinhos para Petisco\/Queijo<span class=\"excerpt-hellip\"> [\u2026]<\/span><\/p>\n","protected":false},"featured_media":1932,"comment_status":"open","ping_status":"closed","template":"","meta":[],"product_cat":[152,126,275],"product_tag":[683,582,687],"class_list":["post-6304","product","type-product","status-publish","has-post-thumbnail","hentry","product_cat-lancamentos","product_cat-linha-ecologica","product_cat-linha-gourmet","product_tag-kit-petisco-bambu","product_tag-kit-petisco-personalizado","product_tag-kit-tabua-personalizada"],"_links":{"self":[{"href":"https:\/\/vohnabrindes.com.br\/index.php\/wp-json\/wp\/v2\/product\/6304","targetHints":{"allow":["GET"]}}],"collection":[{"href":"https:\/\/vohnabrindes.com.br\/index.php\/wp-json\/wp\/v2\/product"}],"about":[{"href":"https:\/\/vohnabrindes.com.br\/index.php\/wp-json\/wp\/v2\/types\/product"}],"replies":[{"embeddable":true,"href":"https:\/\/vohnabrindes.com.br\/index.php\/wp-json\/wp\/v2\/comments?post=6304"}],"version-history":[{"count":1,"href":"https:\/\/vohnabrindes.com.br\/index.php\/wp-json\/wp\/v2\/product\/6304\/revisions"}],"predecessor-version":[{"id":6317,"href":"https:\/\/vohnabrindes.com.br\/index.php\/wp-json\/wp\/v2\/product\/6304\/revisions\/6317"}],"wp:featuredmedia":[{"embeddable":true,"href":"https:\/\/vohnabrindes.com.br\/index.php\/wp-json\/wp\/v2\/media\/1932"}],"wp:attachment":[{"href":"https:\/\/vohnabrindes.com.br\/index.php\/wp-json\/wp\/v2\/media?parent=6304"}],"wp:term":[{"taxonomy":"product_cat","embeddable":true,"href":"https:\/\/vohnabrindes.com.br\/index.php\/wp-json\/wp\/v2\/product_cat?post=6304"},{"taxonomy":"product_tag","embeddable":true,"href":"https:\/\/vohnabrindes.com.br\/index.php\/wp-json\/wp\/v2\/product_tag?post=6304"}],"curies":[{"name":"wp","href":"https:\/\/api.w.org\/{rel}","templated":true}]}}