{"id":6305,"date":"2025-09-26T14:11:14","date_gmt":"2025-09-26T17:11:14","guid":{"rendered":"https:\/\/vohnabrindes.com.br\/?post_type=product&#038;p=6305"},"modified":"2025-09-26T14:11:19","modified_gmt":"2025-09-26T17:11:19","slug":"caixa-de-som-portatil-personalizada-5","status":"publish","type":"product","link":"https:\/\/vohnabrindes.com.br\/index.php\/product\/caixa-de-som-portatil-personalizada-5\/","title":{"rendered":"Caixa de som port\u00e1til personalizada."},"content":{"rendered":"<div class=\"ref\">97098-MAYER.<\/div>\n<div class=\"ref\">Caixa de som port\u00e1til<\/div>\n<div class=\"texto\">Caixa de som port\u00e1til em ABS reciclado e bambu.<\/div>\n<div class=\"texto\">Com pot\u00eancia de 3W e transmiss\u00e3o sem fios BT v5.0 e fun\u00e7\u00e3o de r\u00e1dio.<\/div>\n<div class=\"texto\">Autonomia aproximada de 4h com uma bateria de 500 mAh.<\/div>\n<div class=\"texto\">Fornecido em caixa presente de papel kraft.<\/div>\n<div class=\"texto\">dimens\u00f5es:70 x 70 x 37 mm<\/div>\n","protected":false},"excerpt":{"rendered":"<p>97098-MAYER. Caixa de som port\u00e1til Caixa de som port\u00e1til em ABS reciclado e bambu. Com pot\u00eancia de 3W e transmiss\u00e3o sem fios BT v5.0 e fun\u00e7\u00e3o<span class=\"excerpt-hellip\"> [\u2026]<\/span><\/p>\n","protected":false},"featured_media":1938,"comment_status":"open","ping_status":"closed","template":"","meta":[],"product_cat":[377],"product_tag":[637,642],"class_list":["post-6305","product","type-product","status-publish","has-post-thumbnail","hentry","product_cat-informatica-som-e-tecnologia","product_tag-caixa-de-som","product_tag-caixa-de-som-portatil-personalizada"],"_links":{"self":[{"href":"https:\/\/vohnabrindes.com.br\/index.php\/wp-json\/wp\/v2\/product\/6305","targetHints":{"allow":["GET"]}}],"collection":[{"href":"https:\/\/vohnabrindes.com.br\/index.php\/wp-json\/wp\/v2\/product"}],"about":[{"href":"https:\/\/vohnabrindes.com.br\/index.php\/wp-json\/wp\/v2\/types\/product"}],"replies":[{"embeddable":true,"href":"https:\/\/vohnabrindes.com.br\/index.php\/wp-json\/wp\/v2\/comments?post=6305"}],"version-history":[{"count":1,"href":"https:\/\/vohnabrindes.com.br\/index.php\/wp-json\/wp\/v2\/product\/6305\/revisions"}],"predecessor-version":[{"id":6318,"href":"https:\/\/vohnabrindes.com.br\/index.php\/wp-json\/wp\/v2\/product\/6305\/revisions\/6318"}],"wp:featuredmedia":[{"embeddable":true,"href":"https:\/\/vohnabrindes.com.br\/index.php\/wp-json\/wp\/v2\/media\/1938"}],"wp:attachment":[{"href":"https:\/\/vohnabrindes.com.br\/index.php\/wp-json\/wp\/v2\/media?parent=6305"}],"wp:term":[{"taxonomy":"product_cat","embeddable":true,"href":"https:\/\/vohnabrindes.com.br\/index.php\/wp-json\/wp\/v2\/product_cat?post=6305"},{"taxonomy":"product_tag","embeddable":true,"href":"https:\/\/vohnabrindes.com.br\/index.php\/wp-json\/wp\/v2\/product_tag?post=6305"}],"curies":[{"name":"wp","href":"https:\/\/api.w.org\/{rel}","templated":true}]}}