{"id":6306,"date":"2025-09-26T14:11:14","date_gmt":"2025-09-26T17:11:14","guid":{"rendered":"https:\/\/vohnabrindes.com.br\/?post_type=product&#038;p=6306"},"modified":"2025-09-26T14:11:19","modified_gmt":"2025-09-26T17:11:19","slug":"lapis-ecologicamente-correto-personalizado-2","status":"publish","type":"product","link":"https:\/\/vohnabrindes.com.br\/index.php\/product\/lapis-ecologicamente-correto-personalizado-2\/","title":{"rendered":"L\u00e1pis ecologicamente correto personalizado."},"content":{"rendered":"<div class=\"ref\">51716-CORNWELL.<\/div>\n<div class=\"ref\">L\u00e1pis ecologicamente correto personalizado.<\/div>\n<div class=\"texto\">L\u00e1pis apontado com borracha. Grau de dureza: HB. \u00f87 x 190 mm<\/div>\n","protected":false},"excerpt":{"rendered":"<p>51716-CORNWELL. L\u00e1pis ecologicamente correto personalizado. L\u00e1pis apontado com borracha. Grau de dureza: HB. \u00f87 x 190 mm<\/p>\n","protected":false},"featured_media":1954,"comment_status":"open","ping_status":"closed","template":"","meta":[],"product_cat":[688],"product_tag":[692,690],"class_list":["post-6306","product","type-product","status-publish","has-post-thumbnail","hentry","product_cat-lapis","product_tag-lapis-ecologicamente-correto-personalizado","product_tag-lapis-personalizado"],"_links":{"self":[{"href":"https:\/\/vohnabrindes.com.br\/index.php\/wp-json\/wp\/v2\/product\/6306","targetHints":{"allow":["GET"]}}],"collection":[{"href":"https:\/\/vohnabrindes.com.br\/index.php\/wp-json\/wp\/v2\/product"}],"about":[{"href":"https:\/\/vohnabrindes.com.br\/index.php\/wp-json\/wp\/v2\/types\/product"}],"replies":[{"embeddable":true,"href":"https:\/\/vohnabrindes.com.br\/index.php\/wp-json\/wp\/v2\/comments?post=6306"}],"version-history":[{"count":1,"href":"https:\/\/vohnabrindes.com.br\/index.php\/wp-json\/wp\/v2\/product\/6306\/revisions"}],"predecessor-version":[{"id":6319,"href":"https:\/\/vohnabrindes.com.br\/index.php\/wp-json\/wp\/v2\/product\/6306\/revisions\/6319"}],"wp:featuredmedia":[{"embeddable":true,"href":"https:\/\/vohnabrindes.com.br\/index.php\/wp-json\/wp\/v2\/media\/1954"}],"wp:attachment":[{"href":"https:\/\/vohnabrindes.com.br\/index.php\/wp-json\/wp\/v2\/media?parent=6306"}],"wp:term":[{"taxonomy":"product_cat","embeddable":true,"href":"https:\/\/vohnabrindes.com.br\/index.php\/wp-json\/wp\/v2\/product_cat?post=6306"},{"taxonomy":"product_tag","embeddable":true,"href":"https:\/\/vohnabrindes.com.br\/index.php\/wp-json\/wp\/v2\/product_tag?post=6306"}],"curies":[{"name":"wp","href":"https:\/\/api.w.org\/{rel}","templated":true}]}}