{"id":6321,"date":"2025-09-26T14:11:20","date_gmt":"2025-09-26T17:11:20","guid":{"rendered":"https:\/\/vohnabrindes.com.br\/?post_type=product&#038;p=6321"},"modified":"2025-09-26T14:11:20","modified_gmt":"2025-09-26T17:11:20","slug":"sacola-em-algodao-reciclado-personalizada-4","status":"publish","type":"product","link":"https:\/\/vohnabrindes.com.br\/index.php\/product\/sacola-em-algodao-reciclado-personalizada-4\/","title":{"rendered":"Sacola em algod\u00e3o reciclado personalizada."},"content":{"rendered":"<div class=\"ref\">92084-CAIRO.<\/div>\n<div class=\"ref\">Sacola em algod\u00e3o reciclado personalizada.<\/div>\n<div>produto amigo do meio ambiente<\/div>\n<div class=\"texto\">Sacola (180 g\/m\u00b2) em algod\u00e3o reciclado (70%) e rPET (30%)<\/div>\n<div class=\"texto\">dimens\u00f5es: com al\u00e7as de 65cm. 380 x 420 mm<\/div>\n","protected":false},"excerpt":{"rendered":"<p>92084-CAIRO. Sacola em algod\u00e3o reciclado personalizada. produto amigo do meio ambiente Sacola (180 g\/m\u00b2) em algod\u00e3o reciclado (70%) e rPET (30%) dimens\u00f5es: com al\u00e7as de 65cm.<span class=\"excerpt-hellip\"> [\u2026]<\/span><\/p>\n","protected":false},"featured_media":2054,"comment_status":"open","ping_status":"closed","template":"","meta":[],"product_cat":[126,210],"product_tag":[212,213,736],"class_list":["post-6321","product","type-product","status-publish","has-post-thumbnail","hentry","product_cat-linha-ecologica","product_cat-sacolas","product_tag-sacola-eco","product_tag-sacola-ecologica-personalizada","product_tag-sacola-em-algodao-reciclado-personalizada"],"_links":{"self":[{"href":"https:\/\/vohnabrindes.com.br\/index.php\/wp-json\/wp\/v2\/product\/6321","targetHints":{"allow":["GET"]}}],"collection":[{"href":"https:\/\/vohnabrindes.com.br\/index.php\/wp-json\/wp\/v2\/product"}],"about":[{"href":"https:\/\/vohnabrindes.com.br\/index.php\/wp-json\/wp\/v2\/types\/product"}],"replies":[{"embeddable":true,"href":"https:\/\/vohnabrindes.com.br\/index.php\/wp-json\/wp\/v2\/comments?post=6321"}],"version-history":[{"count":1,"href":"https:\/\/vohnabrindes.com.br\/index.php\/wp-json\/wp\/v2\/product\/6321\/revisions"}],"predecessor-version":[{"id":6322,"href":"https:\/\/vohnabrindes.com.br\/index.php\/wp-json\/wp\/v2\/product\/6321\/revisions\/6322"}],"wp:featuredmedia":[{"embeddable":true,"href":"https:\/\/vohnabrindes.com.br\/index.php\/wp-json\/wp\/v2\/media\/2054"}],"wp:attachment":[{"href":"https:\/\/vohnabrindes.com.br\/index.php\/wp-json\/wp\/v2\/media?parent=6321"}],"wp:term":[{"taxonomy":"product_cat","embeddable":true,"href":"https:\/\/vohnabrindes.com.br\/index.php\/wp-json\/wp\/v2\/product_cat?post=6321"},{"taxonomy":"product_tag","embeddable":true,"href":"https:\/\/vohnabrindes.com.br\/index.php\/wp-json\/wp\/v2\/product_tag?post=6321"}],"curies":[{"name":"wp","href":"https:\/\/api.w.org\/{rel}","templated":true}]}}